{"id":5181,"date":"2024-10-19T02:41:09","date_gmt":"2024-10-19T02:41:09","guid":{"rendered":"https:\/\/cloudsupplyvapes.com\/?post_type=product&#038;p=5181"},"modified":"2024-11-26T03:41:04","modified_gmt":"2024-11-26T03:41:04","slug":"-208","status":"publish","type":"product","link":"https:\/\/cloudsupplyvapes.com\/fr\/product\/moti-box-r7000-7000-puffs-disposable-vape-wholesale\/","title":{"rendered":"Moti Box R7000 7000 bouff\u00e9es Vape jetable Wholesale Lightweight Ultra Portable Design"},"content":{"rendered":"<h2>Moti Box R7000 Disposable<\/h2>\n<ul class=\"top\">\n<li style=\"list-style-type: none;\">\n<ul class=\"top\">\n<li>Marque : Moti<\/li>\n<li>Unit\u00e9 : ensemble<\/li>\n<li>Type : Vape jetable<\/li>\n<li>Poids net : 70(g)<\/li>\n<\/ul>\n<\/li>\n<\/ul>\n<p>Les frais d'exp\u00e9dition combin\u00e9s seront calcul\u00e9s automatiquement par le syst\u00e8me une fois que vous aurez choisi la destination d'exp\u00e9dition \u00e0 l'\u00e9tape de la commande.<\/p>\n<div class=\"title\">Moti Box R7000 Disposable INTRODUCTION<\/div>\n<p><b>Moti Box R7000 Disposable<\/b>\u00a0caters to hefty 16ml pre-filled e-liquid, for an optimized mouth-to-lung(MTL) vaping experience, it adapts to a mesh coil to increase the efficiency of bringing delicious flavor, each Box R7000 can vape as many as 7000 puffs. Powered by a rechargeable 400mAh battery, it supports Type-C cable. It is draw-activated, has no leaking, and does not need any maintenance for convenience.<\/p>\n<p class=\"second-title\">Caract\u00e9ristiques<\/p>\n<p>\u2022 16mL Pre-Filled E-Liquid<\/p>\n<p>- 5%(50mg) Nicotine<\/p>\n<p>- Rechargeable<\/p>\n<p>\u2022 Approximately 7000 Puffs<\/p>\n<p>\u2022 400mAh Rechargeable Battery<\/p>\n<p>- Port Type-C<\/p>\n<p>- Bobine de maille<\/p>\n<p>- Dessin activ\u00e9<\/p>\n<div class=\"title\">Moti Box R7000 Disposable SPECIFICATION<\/div>\n<p>Puffs: 7000<\/p>\n<p>Capacity: 16mL<\/p>\n<p>Battery: Rechargeable 400mAh<\/p>\n<p>Charger: USB Type-C)<\/p>\n<p>Teneur en nicotine : 5%<\/p>\n<p>Type de nicotine : Nic Salt<\/p>\n<p>\u00c9l\u00e9ment chauffant : Serpentin en maille<\/p>\n<p>M\u00e9canisme de mise \u00e0 feu activ\u00e9 par le tirage<\/p>\n<p><a href=\"https:\/\/i0.wp.com\/shop.vape.hk\/wp-content\/uploads\/2023\/11\/moti-box-r7000-disposable.jpg?ssl=1\" target=\"_blank\" rel=\"noopener\"><img data-recalc-dims=\"1\" loading=\"lazy\" decoding=\"async\" class=\"alignnone size-full wp-image-125550\" src=\"https:\/\/i0.wp.com\/shop.vape.hk\/wp-content\/uploads\/2023\/11\/moti-box-r7000-disposable.jpg?resize=525%2C1920&#038;ssl=1\" alt=\"Moti Box R7000 7000 Puffs Disposable Vape | Wholesale\" width=\"525\" height=\"1920\" title=\"\"><\/a><\/p>","protected":false},"excerpt":{"rendered":"<p>The Moti Box R7000 7000 Puffs Disposable Vape Wholesale is lightweight and ultra-portable, featuring a sleek design and smooth throat hits for a premium vaping session.<\/p>","protected":false},"featured_media":5470,"comment_status":"open","ping_status":"closed","template":"","meta":[],"product_brand":[],"product_cat":[22],"product_tag":[],"class_list":{"0":"post-5181","1":"product","2":"type-product","3":"status-publish","4":"has-post-thumbnail","6":"product_cat-disposable-vape-sticks","8":"first","9":"instock","10":"shipping-taxable","11":"purchasable","12":"product-type-simple"},"jetpack_sharing_enabled":true,"tiered_pricing_type":"fixed","tiered_pricing_fixed_rules":{"1000":13,"10000":11,"50000":9},"tiered_pricing_product_settings":{"layout":"default","base_unit_name":{"singular":null,"plural":null},"default_variation":null},"tiered_pricing_minimum_quantity":100,"tiered_pricing_roles_data":[],"tiered_pricing_percentage_rules":[],"tiered_pricing_maximum_quantity":null,"tiered_pricing_quantity_step":null,"_links":{"self":[{"href":"https:\/\/cloudsupplyvapes.com\/fr\/wp-json\/wp\/v2\/product\/5181","targetHints":{"allow":["GET"]}}],"collection":[{"href":"https:\/\/cloudsupplyvapes.com\/fr\/wp-json\/wp\/v2\/product"}],"about":[{"href":"https:\/\/cloudsupplyvapes.com\/fr\/wp-json\/wp\/v2\/types\/product"}],"replies":[{"embeddable":true,"href":"https:\/\/cloudsupplyvapes.com\/fr\/wp-json\/wp\/v2\/comments?post=5181"}],"wp:featuredmedia":[{"embeddable":true,"href":"https:\/\/cloudsupplyvapes.com\/fr\/wp-json\/wp\/v2\/media\/5470"}],"wp:attachment":[{"href":"https:\/\/cloudsupplyvapes.com\/fr\/wp-json\/wp\/v2\/media?parent=5181"}],"wp:term":[{"taxonomy":"product_brand","embeddable":true,"href":"https:\/\/cloudsupplyvapes.com\/fr\/wp-json\/wp\/v2\/product_brand?post=5181"},{"taxonomy":"product_cat","embeddable":true,"href":"https:\/\/cloudsupplyvapes.com\/fr\/wp-json\/wp\/v2\/product_cat?post=5181"},{"taxonomy":"product_tag","embeddable":true,"href":"https:\/\/cloudsupplyvapes.com\/fr\/wp-json\/wp\/v2\/product_tag?post=5181"}],"curies":[{"name":"wp","href":"https:\/\/api.w.org\/{rel}","templated":true}]}}