{"id":5263,"date":"2024-10-19T02:41:32","date_gmt":"2024-10-19T02:41:32","guid":{"rendered":"https:\/\/cloudsupplyvapes.com\/?post_type=product&#038;p=5263"},"modified":"2024-11-26T03:30:45","modified_gmt":"2024-11-26T03:30:45","slug":"-209","status":"publish","type":"product","link":"https:\/\/cloudsupplyvapes.com\/fr\/product\/moti-x-40w-2000mah-pod-kit-wholesale\/","title":{"rendered":"MOTI X 40W 2000mAh Pod Kit Wholesale High Performance Compact Design"},"content":{"rendered":"<h2>Kit MOTI X<\/h2>\n<ul class=\"top\">\n<li>Marque : MOTI Vape<\/li>\n<li>Unit\u00e9 : ensemble<\/li>\n<li>Type : Kit de syst\u00e8me de pods<\/li>\n<li>Poids net : 70(g)<\/li>\n<\/ul>\n<p>Les frais d'exp\u00e9dition combin\u00e9s seront calcul\u00e9s automatiquement par le syst\u00e8me une fois que vous aurez choisi la destination d'exp\u00e9dition \u00e0 l'\u00e9tape de la commande.<\/p>\n<div class=\"title\">Kit MOTI X INTRODUCTION<\/div>\n<p>Pr\u00e9sentation de la\u00a0<b>Kit de vaporisation MOTI X Pod<\/b>Le MOTI X Mini Pod est un appareil puissant et polyvalent qui offre une exp\u00e9rience de vapotage exceptionnelle. \u00c9quip\u00e9 d'un MOTI X Mini Pod de 4 ml et d'une batterie interne de 2000 mAh, ce kit pod est capable de d\u00e9livrer une puissance de 5 \u00e0 40 W, ce qui le rend id\u00e9al pour le vapotage MTL et DTL. L'appareil est dot\u00e9 d'un \u00e9cran OLED de 0,96 pouce qui affiche toutes les informations et param\u00e8tres essentiels, tels que l'autonomie de la batterie, la puissance et la tension. Fabriqu\u00e9 en alliage de zinc de haute qualit\u00e9, l'appareil est non seulement durable mais aussi confortable \u00e0 tenir. Le flux d'air r\u00e9glable et la bobine MOTI X35 0,35ohm mesh coil (18-25W RDL) vous permettent de personnaliser votre exp\u00e9rience de vapotage \u00e0 votre guise. Avec des modes pr\u00e9d\u00e9finis et personnalis\u00e9s et un contr\u00f4le adaptatif de la puissance, le MOTI X 40W Pod Kit offre une flexibilit\u00e9 et une commodit\u00e9 ultimes. Mettez la main sur le MOTI X 40W Pod Kit d\u00e8s aujourd'hui et vivez une exp\u00e9rience de vapotage comme jamais auparavant.<\/p>\n<p class=\"second-title\">Caract\u00e9ristiques<\/p>\n<p>- 4ml MOTI X Mini Pod<\/p>\n<p>- Batterie interne 2000mAh<\/p>\n<p>- 5-40W Sortie<\/p>\n<p>- 0,96 pouces (diagonale) OLED<\/p>\n<p>- Alliage de zinc<\/p>\n<p>- MTL &amp; DTL<\/p>\n<p>- Flux d'air r\u00e9glable<\/p>\n<p>- Coil MOTI X35 0.35ohm Mesh Coil (18-25W RDL)<\/p>\n<p>- Modes pr\u00e9r\u00e9gl\u00e9 et personnalis\u00e9<\/p>\n<p>- Contr\u00f4le adaptatif de la puissance<\/p>\n<div class=\"title\">SPECIFICATION DU KIT MOTI X<\/div>\n<p>Dimensions : 85,5 x 26,5 x 34 mm : 85,5 x 26,5 x 34 mm<\/p>\n<p>Capacit\u00e9 E-liquide : 4ml<\/p>\n<p>Batterie : int\u00e9gr\u00e9e (2000 mAh)<\/p>\n<p>Puissance : 5-40W<\/p>\n<p>Courant de charge : DC 5V\/2A, Type-C<\/p>\n<p>Taille de l'\u00e9cran : 0,96 pouces (diagonale) OLED<\/p>\n<p>Mat\u00e9riau : Alliage de zinc<\/p>\n<p>Type : MTL &amp; DTL<\/p>\n<p>Flux d'air : R\u00e9glable<\/p>\n<p>Bobines et puissance sugg\u00e9r\u00e9e :<\/p>\n<p>Bobine Mesh 0.35ohm (18-25W RDL)<\/p>\n<p><a href=\"https:\/\/i0.wp.com\/shop.vape.hk\/wp-content\/uploads\/2023\/11\/moti-x-kit.jpg?ssl=1\" target=\"_blank\" rel=\"noopener\"><img data-recalc-dims=\"1\" loading=\"lazy\" decoding=\"async\" class=\"alignnone size-full wp-image-125567\" src=\"https:\/\/i0.wp.com\/shop.vape.hk\/wp-content\/uploads\/2023\/11\/moti-x-kit.jpg?resize=559%2C1920&#038;ssl=1\" alt=\"MOTI X 40W 2000mAh Pod Kit | Wholesale\" width=\"559\" height=\"1920\" title=\"\"><\/a><\/p>","protected":false},"excerpt":{"rendered":"<p>Le MOTI X 40W 2000mAh Pod Kit Wholesale offre de hautes performances avec une batterie longue dur\u00e9e, un design compact et un fonctionnement activ\u00e9 par le tirage, parfait pour une exp\u00e9rience de vapotage fluide et portable.<\/p>","protected":false},"featured_media":5477,"comment_status":"open","ping_status":"closed","template":"","meta":[],"product_brand":[],"product_cat":[22],"product_tag":[],"class_list":{"0":"post-5263","1":"product","2":"type-product","3":"status-publish","4":"has-post-thumbnail","6":"product_cat-disposable-vape-sticks","8":"first","9":"instock","10":"shipping-taxable","11":"purchasable","12":"product-type-simple"},"jetpack_sharing_enabled":true,"tiered_pricing_type":"fixed","tiered_pricing_fixed_rules":{"1000":28,"10000":26,"50000":24},"tiered_pricing_product_settings":{"layout":"default","base_unit_name":{"singular":null,"plural":null},"default_variation":null},"tiered_pricing_minimum_quantity":100,"tiered_pricing_roles_data":[],"tiered_pricing_percentage_rules":[],"tiered_pricing_maximum_quantity":null,"tiered_pricing_quantity_step":null,"_links":{"self":[{"href":"https:\/\/cloudsupplyvapes.com\/fr\/wp-json\/wp\/v2\/product\/5263","targetHints":{"allow":["GET"]}}],"collection":[{"href":"https:\/\/cloudsupplyvapes.com\/fr\/wp-json\/wp\/v2\/product"}],"about":[{"href":"https:\/\/cloudsupplyvapes.com\/fr\/wp-json\/wp\/v2\/types\/product"}],"replies":[{"embeddable":true,"href":"https:\/\/cloudsupplyvapes.com\/fr\/wp-json\/wp\/v2\/comments?post=5263"}],"wp:featuredmedia":[{"embeddable":true,"href":"https:\/\/cloudsupplyvapes.com\/fr\/wp-json\/wp\/v2\/media\/5477"}],"wp:attachment":[{"href":"https:\/\/cloudsupplyvapes.com\/fr\/wp-json\/wp\/v2\/media?parent=5263"}],"wp:term":[{"taxonomy":"product_brand","embeddable":true,"href":"https:\/\/cloudsupplyvapes.com\/fr\/wp-json\/wp\/v2\/product_brand?post=5263"},{"taxonomy":"product_cat","embeddable":true,"href":"https:\/\/cloudsupplyvapes.com\/fr\/wp-json\/wp\/v2\/product_cat?post=5263"},{"taxonomy":"product_tag","embeddable":true,"href":"https:\/\/cloudsupplyvapes.com\/fr\/wp-json\/wp\/v2\/product_tag?post=5263"}],"curies":[{"name":"wp","href":"https:\/\/api.w.org\/{rel}","templated":true}]}}