{"id":5266,"date":"2024-10-19T02:41:32","date_gmt":"2024-10-19T02:41:32","guid":{"rendered":"https:\/\/cloudsupplyvapes.com\/?post_type=product&#038;p=5266"},"modified":"2024-11-26T03:31:32","modified_gmt":"2024-11-26T03:31:32","slug":"-212","status":"publish","type":"product","link":"https:\/\/cloudsupplyvapes.com\/fr\/product\/moti-duo-9000-puffs-disposable-vape-wholesale\/","title":{"rendered":"Moti Duo 9000 Puffs Vape jetable en gros Dual Mesh Coil High Capacity Design"},"content":{"rendered":"<h2><b>Moti Duo 9000 Vape jetable<\/b><\/h2>\n<ul class=\"top\">\n<li style=\"list-style-type: none;\">\n<ul class=\"top\">\n<li>Marque :\u00a0<b>Moti<\/b><\/li>\n<li>Unit\u00e9 : ensemble<\/li>\n<li>Type :\u00a0<b>Vape \u00e0 usage unique<\/b><\/li>\n<li>Poids net : 70(g)<\/li>\n<\/ul>\n<\/li>\n<\/ul>\n<p>Le syst\u00e8me calcule automatiquement les frais d'exp\u00e9dition combin\u00e9s apr\u00e8s que vous ayez choisi la destination de l'envoi \u00e0 l'\u00e9tape de la commande.<\/p>\n<div class=\"title\">Moti Duo 9000 Vape jetable INTRODUCTION<\/div>\n<p><b>Moti Duo 9000 Vape jetable<\/b>\u00a0est rempli de 20 ml d'e-juice aromatis\u00e9 aux fruits avec 5%(50mg) de nicotine, ce qui permet de tirer jusqu'\u00e0 9000 bouff\u00e9es. Ce petit appareil en forme de bo\u00eete est l\u00e9ger, rectangulaire et relativement plat. \u00c9quip\u00e9 d'une double bobine (0.6ohm\/1.2ohm), il dispose d'un interrupteur de mode BOOST sur le c\u00f4t\u00e9 pour am\u00e9liorer la saveur. Les voyants lumineux de la batterie et de l'e-liquide vous permettent de contr\u00f4ler l'\u00e9tat de la batterie et de l'e-juice \u00e0 tout moment.<\/p>\n<p class=\"second-title\">Caract\u00e9ristiques<\/p>\n<p>- 20ml E-Liquide pr\u00e9-rempli<\/p>\n<p>- 5%(50mg) Teneur en nicotine<\/p>\n<p>- Batterie rechargeable 850mAh<\/p>\n<p>- Port Type-C (non inclus)<\/p>\n<p>- Environ 9000 bouff\u00e9es<\/p>\n<p>- Bobine Dual Mesh 1.2ohm\/0.6ohm<\/p>\n<p>- Dessin activ\u00e9<\/p>\n<p>- MTL Vaping<\/p>\n<p>- Mode BOOST<\/p>\n<p>- Voyants lumineux de la batterie et du liquide \u00e9lectronique<\/p>","protected":false},"excerpt":{"rendered":"<p>Le Moti Duo 9000 Puffs Disposable Vape Wholesale associe la technologie des bobines \u00e0 double maille \u00e0 une grande capacit\u00e9, garantissant un d\u00e9bit de vapeur \u00e9lev\u00e9 et une exp\u00e9rience riche en saveurs.<\/p>","protected":false},"featured_media":5510,"comment_status":"open","ping_status":"closed","template":"","meta":[],"product_brand":[],"product_cat":[22],"product_tag":[],"class_list":{"0":"post-5266","1":"product","2":"type-product","3":"status-publish","4":"has-post-thumbnail","6":"product_cat-disposable-vape-sticks","8":"first","9":"instock","10":"shipping-taxable","11":"purchasable","12":"product-type-simple"},"jetpack_sharing_enabled":true,"tiered_pricing_type":"fixed","tiered_pricing_fixed_rules":{"1000":16,"10000":14,"50000":12},"tiered_pricing_product_settings":{"layout":"default","base_unit_name":{"singular":null,"plural":null},"default_variation":null},"tiered_pricing_minimum_quantity":100,"tiered_pricing_roles_data":[],"tiered_pricing_percentage_rules":[],"tiered_pricing_maximum_quantity":null,"tiered_pricing_quantity_step":null,"_links":{"self":[{"href":"https:\/\/cloudsupplyvapes.com\/fr\/wp-json\/wp\/v2\/product\/5266","targetHints":{"allow":["GET"]}}],"collection":[{"href":"https:\/\/cloudsupplyvapes.com\/fr\/wp-json\/wp\/v2\/product"}],"about":[{"href":"https:\/\/cloudsupplyvapes.com\/fr\/wp-json\/wp\/v2\/types\/product"}],"replies":[{"embeddable":true,"href":"https:\/\/cloudsupplyvapes.com\/fr\/wp-json\/wp\/v2\/comments?post=5266"}],"wp:featuredmedia":[{"embeddable":true,"href":"https:\/\/cloudsupplyvapes.com\/fr\/wp-json\/wp\/v2\/media\/5510"}],"wp:attachment":[{"href":"https:\/\/cloudsupplyvapes.com\/fr\/wp-json\/wp\/v2\/media?parent=5266"}],"wp:term":[{"taxonomy":"product_brand","embeddable":true,"href":"https:\/\/cloudsupplyvapes.com\/fr\/wp-json\/wp\/v2\/product_brand?post=5266"},{"taxonomy":"product_cat","embeddable":true,"href":"https:\/\/cloudsupplyvapes.com\/fr\/wp-json\/wp\/v2\/product_cat?post=5266"},{"taxonomy":"product_tag","embeddable":true,"href":"https:\/\/cloudsupplyvapes.com\/fr\/wp-json\/wp\/v2\/product_tag?post=5266"}],"curies":[{"name":"wp","href":"https:\/\/api.w.org\/{rel}","templated":true}]}}