{"id":5268,"date":"2024-10-19T02:41:32","date_gmt":"2024-10-19T02:41:32","guid":{"rendered":"https:\/\/cloudsupplyvapes.com\/?post_type=product&#038;p=5268"},"modified":"2024-11-26T03:34:19","modified_gmt":"2024-11-26T03:34:19","slug":"-214","status":"publish","type":"product","link":"https:\/\/cloudsupplyvapes.com\/fr\/product\/moti-boto-6000-puffs-disposable-vape-wholesale\/","title":{"rendered":"Moti BOTO 6000 Puffs Vape jetable Wholesale Smooth Vapor Durable Build"},"content":{"rendered":"<h2>Moti BOTO Vape jetable<\/h2>\n<ul class=\"top\">\n<li>Marque : Moti<\/li>\n<li>Unit\u00e9 : ensemble<\/li>\n<li>Type : Vape jetable<\/li>\n<li>Poids net : 70(g)<\/li>\n<\/ul>\n<p>Les frais d'exp\u00e9dition combin\u00e9s seront calcul\u00e9s automatiquement par le syst\u00e8me une fois que vous aurez choisi la destination d'exp\u00e9dition \u00e0 l'\u00e9tape de la commande.<\/p>\n<div class=\"title\">Moti BOTO Vape jetable INTRODUCTION<\/div>\n<p><b>Kit de vaporisation jetable Moti BOTO<\/b>\u00a0propose une solution de vapotage de pointe qui d\u00e9livre 6000 bouff\u00e9es et dispose d'une capacit\u00e9 de 14 ml d'e-liquide. Ce kit est \u00e9quip\u00e9 d'une batterie rechargeable de 480mAh et d'un taux de nicotine de 5% (50mg), coupl\u00e9 \u00e0 son mesh coil int\u00e9gr\u00e9, assurant un hit de nicotine doux et satisfaisant. Avec un m\u00e9canisme d'allumage activ\u00e9 par le tirage, ce kit de vapotage jetable est facile \u00e0 utiliser et offre une exp\u00e9rience de vapotage sans tracas. Mettez la main sur le Moti BOTO et profitez d'une vape vraiment satisfaisante \u00e0 chaque fois.<\/p>\n<p class=\"second-title\">Caract\u00e9ristiques<\/p>\n<p>- 14ml Vape Juice pr\u00e9-rempli<\/p>\n<p>- Batterie rechargeable 480mAh<\/p>\n<p>- C\u00e2ble de type C<\/p>\n<p>- 5%(50mg) Nic Salt<\/p>\n<p>- Environ 6000 bouff\u00e9es<\/p>\n<p>- Bobine de maille<a href=\"https:\/\/i0.wp.com\/shop.vape.hk\/wp-content\/uploads\/2023\/11\/moti-boto-disposable-vape_1.jpg?ssl=1\" target=\"_blank\" rel=\"noopener\"><img data-recalc-dims=\"1\" loading=\"lazy\" decoding=\"async\" class=\"alignnone size-full wp-image-125622\" src=\"https:\/\/i0.wp.com\/shop.vape.hk\/wp-content\/uploads\/2023\/11\/moti-boto-disposable-vape_1.jpg?resize=514%2C1920&#038;ssl=1\" alt=\"Moti BOTO 6000 Puffs Vape jetable - vente en gros\" width=\"514\" height=\"1920\" title=\"\"><\/a><\/p>\n<p>- Dessin activ\u00e9<\/p>\n<div class=\"title\">Moti BOTO Vape jetable SPECIFICATION<\/div>\n<p>Bouff\u00e9es : 6000<\/p>\n<p>Capacit\u00e9 E-liquide : 14ml<\/p>\n<p>Batterie : Rechargeable 480mAh<\/p>\n<p>Chargement : Type-C<\/p>\n<p>Taux de nicotine : 5%(50mg)<\/p>\n<p>Type de nicotine : Nic Salt<\/p>\n<p>\u00c9l\u00e9ment chauffant : Serpentin en maille<\/p>\n<p>M\u00e9canisme de mise \u00e0 feu activ\u00e9 par le tirage<\/p>\n<p>&nbsp;<\/p>","protected":false},"excerpt":{"rendered":"<p>Le Moti BOTO 6000 Puffs Disposable Vape Wholesale d\u00e9livre une vapeur douce avec une construction durable et l\u00e9g\u00e8re, id\u00e9ale pour le vapotage r\u00e9gulier et portable.<\/p>","protected":false},"featured_media":5534,"comment_status":"open","ping_status":"closed","template":"","meta":[],"product_brand":[],"product_cat":[22],"product_tag":[],"class_list":{"0":"post-5268","1":"product","2":"type-product","3":"status-publish","4":"has-post-thumbnail","6":"product_cat-disposable-vape-sticks","8":"first","9":"instock","10":"shipping-taxable","11":"purchasable","12":"product-type-simple"},"jetpack_sharing_enabled":true,"tiered_pricing_type":"fixed","tiered_pricing_fixed_rules":{"1000":13,"10000":11,"50000":9},"tiered_pricing_product_settings":{"layout":"default","base_unit_name":{"singular":null,"plural":null},"default_variation":null},"tiered_pricing_minimum_quantity":100,"tiered_pricing_roles_data":[],"tiered_pricing_percentage_rules":[],"tiered_pricing_maximum_quantity":null,"tiered_pricing_quantity_step":null,"_links":{"self":[{"href":"https:\/\/cloudsupplyvapes.com\/fr\/wp-json\/wp\/v2\/product\/5268","targetHints":{"allow":["GET"]}}],"collection":[{"href":"https:\/\/cloudsupplyvapes.com\/fr\/wp-json\/wp\/v2\/product"}],"about":[{"href":"https:\/\/cloudsupplyvapes.com\/fr\/wp-json\/wp\/v2\/types\/product"}],"replies":[{"embeddable":true,"href":"https:\/\/cloudsupplyvapes.com\/fr\/wp-json\/wp\/v2\/comments?post=5268"}],"wp:featuredmedia":[{"embeddable":true,"href":"https:\/\/cloudsupplyvapes.com\/fr\/wp-json\/wp\/v2\/media\/5534"}],"wp:attachment":[{"href":"https:\/\/cloudsupplyvapes.com\/fr\/wp-json\/wp\/v2\/media?parent=5268"}],"wp:term":[{"taxonomy":"product_brand","embeddable":true,"href":"https:\/\/cloudsupplyvapes.com\/fr\/wp-json\/wp\/v2\/product_brand?post=5268"},{"taxonomy":"product_cat","embeddable":true,"href":"https:\/\/cloudsupplyvapes.com\/fr\/wp-json\/wp\/v2\/product_cat?post=5268"},{"taxonomy":"product_tag","embeddable":true,"href":"https:\/\/cloudsupplyvapes.com\/fr\/wp-json\/wp\/v2\/product_tag?post=5268"}],"curies":[{"name":"wp","href":"https:\/\/api.w.org\/{rel}","templated":true}]}}