{"id":5269,"date":"2024-10-19T02:41:32","date_gmt":"2024-10-19T02:41:32","guid":{"rendered":"https:\/\/cloudsupplyvapes.com\/?post_type=product&#038;p=5269"},"modified":"2024-11-26T03:34:31","modified_gmt":"2024-11-26T03:34:31","slug":"-215","status":"publish","type":"product","link":"https:\/\/cloudsupplyvapes.com\/fr\/product\/moti-beaker-5000-puffs-rechargeable-disposable-vape-wholesale\/","title":{"rendered":"Moti Beaker 5000 Puffs Rechargeable Disposable Vape Wholesale Compact Long Lasting Battery"},"content":{"rendered":"<h2>Moti Beaker 5000 Disposable<\/h2>\n<ul class=\"top\">\n<li style=\"list-style-type: none;\">\n<ul class=\"top\">\n<li>Marque : Moti<\/li>\n<li>Unit\u00e9 : ensemble<\/li>\n<li>Type : Vape jetable<\/li>\n<li>Poids net : 70(g)<\/li>\n<\/ul>\n<\/li>\n<\/ul>\n<p>Les frais d'exp\u00e9dition combin\u00e9s seront calcul\u00e9s automatiquement par le syst\u00e8me une fois que vous aurez choisi la destination d'exp\u00e9dition \u00e0 l'\u00e9tape de la commande.<\/p>\n<div class=\"title\">Moti Beaker 5000 Disposable INTRODUCTION<\/div>\n<p><b>Moti Beaker 5000 Disposable<\/b>\u00a0will slather your taste buds with surprisingly 5000 puff counts. Combine maximum output power of 11.7W and load up 12ml e-juice in 5%(50mg) nicotine, it gives you vibrant flavor. It runs on an internal 650mAh battery and can be recharged via a Type-C port, matching the high-performance 1.1ohm mesh coil to produce ideal vapor. The device is cute and features a beaker shape, take a draw and have fun with them.<\/p>\n<p class=\"second-title\">Caract\u00e9ristiques<\/p>\n<p>- 5000 bouff\u00e9es<\/p>\n<p>\u2022 Pre-filled 12ml Vape Juice<\/p>\n<p>- Batterie rechargeable 650mAh<\/p>\n<p>- 5%(50mg) Nicotine<\/p>\n<p>\u2022 1.1ohm Mesh Coil<\/p>\n<p>\u2022 Max 11.7W Output<\/p>\n<p>\u2022 Beaker-shaped<\/p>\n<p>- Tirage MTL<\/p>\n<p>- Dessin activ\u00e9<\/p>\n<div class=\"title\">Moti Beaker 5000 Disposable SPECIFICATION<\/div>\n<p>Puffs : 5000<\/p>\n<p>E-liquid Capacity: 12ml<\/p>\n<p>Nicotine : 5%(50mg)<\/p>\n<p>Nicotine Type: Nicotine Salt<\/p>\n<p>Battery Capacity: Rechargeable 650mAh<\/p>\n<p>Charger: Type-C<\/p>\n<p>Power: 11.7W<\/p>\n<p>Coil Resistance: 1.1ohm mesh<\/p>\n<p>M\u00e9canisme de mise \u00e0 feu : Activ\u00e9 par le tirage<\/p>\n<p>Ingredients:<\/p>\n<p>Vegetable Glycerin, Propylene Glycol, Nicotine Salt, Artificial and Natural Flavorings<\/p>\n<p>&nbsp;<\/p>\n<p><b>Saveur :<\/b><\/p>\n<p>Glace au litchi<\/p>\n<p>Glace luxuriante<\/p>\n<p>Peach Lemon<\/p>\n<p>Lemon Ice Cream<\/p>\n<p>Cola Fizz<\/p>\n<p>Menthe verte<\/p>\n<p>Kiwi Goyave<\/p>\n<p>Alo\u00e8s raisin<\/p>\n<p>Glace Blue Razz<\/p>\n<p>Citric Berries<\/p>\n<p><a href=\"https:\/\/i0.wp.com\/shop.vape.hk\/wp-content\/uploads\/2023\/11\/moti-beaker-5000-disposable_1.jpg?ssl=1\" target=\"_blank\" rel=\"noopener\"><img data-recalc-dims=\"1\" loading=\"lazy\" decoding=\"async\" class=\"alignnone size-full wp-image-125637\" src=\"https:\/\/i0.wp.com\/shop.vape.hk\/wp-content\/uploads\/2023\/11\/moti-beaker-5000-disposable_1.jpg?resize=900%2C1326&#038;ssl=1\" alt=\"Moti Beaker 5000 Puffs Rechargeable Disposable Vape | Wholesale\" width=\"900\" height=\"1326\" title=\"\"><\/a><\/p>","protected":false},"excerpt":{"rendered":"<p>The Moti Beaker 5000 Puffs Rechargeable Disposable Vape Wholesale features a compact design and long-lasting battery, making it perfect for reliable and eco-friendly vaping sessions.<\/p>","protected":false},"featured_media":5541,"comment_status":"open","ping_status":"closed","template":"","meta":[],"product_brand":[],"product_cat":[22],"product_tag":[],"class_list":{"0":"post-5269","1":"product","2":"type-product","3":"status-publish","4":"has-post-thumbnail","6":"product_cat-disposable-vape-sticks","8":"first","9":"instock","10":"shipping-taxable","11":"purchasable","12":"product-type-simple"},"jetpack_sharing_enabled":true,"tiered_pricing_type":"fixed","tiered_pricing_fixed_rules":{"1000":16,"10000":14,"50000":12},"tiered_pricing_product_settings":{"layout":"default","base_unit_name":{"singular":null,"plural":null},"default_variation":null},"tiered_pricing_minimum_quantity":100,"tiered_pricing_roles_data":[],"tiered_pricing_percentage_rules":[],"tiered_pricing_maximum_quantity":null,"tiered_pricing_quantity_step":null,"_links":{"self":[{"href":"https:\/\/cloudsupplyvapes.com\/fr\/wp-json\/wp\/v2\/product\/5269","targetHints":{"allow":["GET"]}}],"collection":[{"href":"https:\/\/cloudsupplyvapes.com\/fr\/wp-json\/wp\/v2\/product"}],"about":[{"href":"https:\/\/cloudsupplyvapes.com\/fr\/wp-json\/wp\/v2\/types\/product"}],"replies":[{"embeddable":true,"href":"https:\/\/cloudsupplyvapes.com\/fr\/wp-json\/wp\/v2\/comments?post=5269"}],"wp:featuredmedia":[{"embeddable":true,"href":"https:\/\/cloudsupplyvapes.com\/fr\/wp-json\/wp\/v2\/media\/5541"}],"wp:attachment":[{"href":"https:\/\/cloudsupplyvapes.com\/fr\/wp-json\/wp\/v2\/media?parent=5269"}],"wp:term":[{"taxonomy":"product_brand","embeddable":true,"href":"https:\/\/cloudsupplyvapes.com\/fr\/wp-json\/wp\/v2\/product_brand?post=5269"},{"taxonomy":"product_cat","embeddable":true,"href":"https:\/\/cloudsupplyvapes.com\/fr\/wp-json\/wp\/v2\/product_cat?post=5269"},{"taxonomy":"product_tag","embeddable":true,"href":"https:\/\/cloudsupplyvapes.com\/fr\/wp-json\/wp\/v2\/product_tag?post=5269"}],"curies":[{"name":"wp","href":"https:\/\/api.w.org\/{rel}","templated":true}]}}