{"id":5682,"date":"2024-10-19T02:44:01","date_gmt":"2024-10-19T02:44:01","guid":{"rendered":"https:\/\/cloudsupplyvapes.com\/?post_type=product&#038;p=5682"},"modified":"2024-11-25T08:52:47","modified_gmt":"2024-11-25T08:52:47","slug":"-217","status":"publish","type":"product","link":"https:\/\/cloudsupplyvapes.com\/fr\/product\/rum-bar-9000-puffs-disposable-vape-wholesale\/","title":{"rendered":"Rum Bar 9000 Puffs Vape jetable Wholesale Lightweight Smooth Vapor Delivery"},"content":{"rendered":"<p><strong>Sp\u00e9cifications :<br \/>\n<\/strong><\/p>\n<p>\uf06c9000+ Puffs<br \/>\n\uf06c10 Vari\u00e9t\u00e9 de saveurs \u00e9tonnantes<br \/>\n\uf06c2% et 5% Nic Strength<br \/>\n\uf06cType-c Dispositif rechargeable<br \/>\n\uf06c18 ML de E-liquide<br \/>\n\uf06c600 Batterie mAh<br \/>\n\uf06cMesh Bobine<br \/>\n\uf06cSleek LGB light<\/p>\n<p>Combien de saveurs de Rum Bar 9000 Puffs Vape<strong>?<\/strong><\/p>\n<p><strong>S\u00e9lection d'ar\u00f4mes :<\/strong><\/p>\n<p>1.Menthe fra\u00eeche<br \/>\n2. glace au cola<br \/>\n3. glace \u00e0 la past\u00e8que<br \/>\n4. glace de raisin<br \/>\n5. glace aux myrtilles<br \/>\n6. glace \u00e0 la pomme<br \/>\n7. glace au litchi<br \/>\n8. glace \u00e0 la goyave<br \/>\n9. glace \u00e0 la fraise<br \/>\n10. glace \u00e0 la mangue<\/p>\n<p><a href=\"https:\/\/i0.wp.com\/shop.vape.hk\/wp-content\/uploads\/2023\/11\/1150.webp?ssl=1\" target=\"_blank\" rel=\"noopener\"><img data-recalc-dims=\"1\" loading=\"lazy\" decoding=\"async\" class=\"alignnone size-full wp-image-126248\" src=\"https:\/\/i0.wp.com\/shop.vape.hk\/wp-content\/uploads\/2023\/11\/1150.webp?resize=600%2C600&#038;ssl=1\" alt=\"Barre de rhum 9000 bouff\u00e9es jetables - Vapeur en gros\" width=\"600\" height=\"600\" title=\"\"><\/a><\/p>","protected":false},"excerpt":{"rendered":"<p>Le Rum Bar 9000 Puffs Disposable Vape Wholesale offre une construction l\u00e9g\u00e8re, un d\u00e9bit de vapeur r\u00e9gulier et un fonctionnement sans probl\u00e8me, ce qui le rend id\u00e9al pour les d\u00e9butants et les utilisateurs avanc\u00e9s.<\/p>","protected":false},"featured_media":5894,"comment_status":"open","ping_status":"closed","template":"","meta":[],"product_brand":[],"product_cat":[22],"product_tag":[],"class_list":{"0":"post-5682","1":"product","2":"type-product","3":"status-publish","4":"has-post-thumbnail","6":"product_cat-disposable-vape-sticks","8":"first","9":"instock","10":"shipping-taxable","11":"purchasable","12":"product-type-simple"},"jetpack_sharing_enabled":true,"tiered_pricing_type":"fixed","tiered_pricing_fixed_rules":{"1000":6.5,"10000":5.5,"50000":4.5},"tiered_pricing_product_settings":{"layout":"default","base_unit_name":{"singular":null,"plural":null},"default_variation":null},"tiered_pricing_minimum_quantity":40,"tiered_pricing_roles_data":[],"tiered_pricing_percentage_rules":[],"tiered_pricing_maximum_quantity":null,"tiered_pricing_quantity_step":null,"_links":{"self":[{"href":"https:\/\/cloudsupplyvapes.com\/fr\/wp-json\/wp\/v2\/product\/5682","targetHints":{"allow":["GET"]}}],"collection":[{"href":"https:\/\/cloudsupplyvapes.com\/fr\/wp-json\/wp\/v2\/product"}],"about":[{"href":"https:\/\/cloudsupplyvapes.com\/fr\/wp-json\/wp\/v2\/types\/product"}],"replies":[{"embeddable":true,"href":"https:\/\/cloudsupplyvapes.com\/fr\/wp-json\/wp\/v2\/comments?post=5682"}],"wp:featuredmedia":[{"embeddable":true,"href":"https:\/\/cloudsupplyvapes.com\/fr\/wp-json\/wp\/v2\/media\/5894"}],"wp:attachment":[{"href":"https:\/\/cloudsupplyvapes.com\/fr\/wp-json\/wp\/v2\/media?parent=5682"}],"wp:term":[{"taxonomy":"product_brand","embeddable":true,"href":"https:\/\/cloudsupplyvapes.com\/fr\/wp-json\/wp\/v2\/product_brand?post=5682"},{"taxonomy":"product_cat","embeddable":true,"href":"https:\/\/cloudsupplyvapes.com\/fr\/wp-json\/wp\/v2\/product_cat?post=5682"},{"taxonomy":"product_tag","embeddable":true,"href":"https:\/\/cloudsupplyvapes.com\/fr\/wp-json\/wp\/v2\/product_tag?post=5682"}],"curies":[{"name":"wp","href":"https:\/\/api.w.org\/{rel}","templated":true}]}}