{"id":5683,"date":"2024-10-19T02:44:01","date_gmt":"2024-10-19T02:44:01","guid":{"rendered":"https:\/\/cloudsupplyvapes.com\/?post_type=product&#038;p=5683"},"modified":"2024-11-25T08:52:36","modified_gmt":"2024-11-25T08:52:36","slug":"-218","status":"publish","type":"product","link":"https:\/\/cloudsupplyvapes.com\/fr\/product\/rum-bar-tornado-15000-puffs-disposable-vape-wholesale\/","title":{"rendered":"Rum Bar Tornado 15000 bouff\u00e9es Vape jetable en gros Rechargeable Compact Design"},"content":{"rendered":"<p><strong>Saveurs :<\/strong><\/p>\n<p>1.Menthe fra\u00eeche<br \/>\n2. glace au cola<br \/>\n3. glace \u00e0 la past\u00e8que<br \/>\n4. glace de raisin<br \/>\n5. glace aux myrtilles<br \/>\n6. mangue p\u00eache ananas<br \/>\n7. glace \u00e0 la fraise et \u00e0 la past\u00e8que<br \/>\n8. glace \u00e0 la goyave<br \/>\n9.P\u00eache<br \/>\n10.Ice Pomme rouge<br \/>\n11.Kiwi Fruit de la passion Goyave<br \/>\n12. glace \u00e0 la fraise<br \/>\n13. fruits m\u00e9lang\u00e9s<br \/>\n14. glace \u00e0 la mangue et \u00e0 la fraise<br \/>\n15. glace au litchi<\/p>\n<p><a href=\"https:\/\/i0.wp.com\/shop.vape.hk\/wp-content\/uploads\/2023\/11\/New-Wholesale-Rum-Bar-15000-Puffs-E-Cigarette-Randm-Tornado-22ml-Crystal-Disposable-Vape-Pod.webp?ssl=1\" target=\"_blank\" rel=\"noopener\"><img data-recalc-dims=\"1\" loading=\"lazy\" decoding=\"async\" class=\"alignnone size-full wp-image-126262\" src=\"https:\/\/i0.wp.com\/shop.vape.hk\/wp-content\/uploads\/2023\/11\/New-Wholesale-Rum-Bar-15000-Puffs-E-Cigarette-Randm-Tornado-22ml-Crystal-Disposable-Vape-Pod.webp?resize=1020%2C749&#038;ssl=1\" alt=\"Rum Bar Tornado 15000 bouff\u00e9es jetables Vape | Wholesale\" width=\"1020\" height=\"749\" title=\"\"><\/a><\/p>","protected":false},"excerpt":{"rendered":"<p>Le Rum Bar Tornado 15000 Puffs Disposable Vape Wholesale combine une batterie rechargeable, un design compact et un d\u00e9bit de vapeur r\u00e9gulier pour une exp\u00e9rience de vapotage transparente et portable.<\/p>","protected":false},"featured_media":5899,"comment_status":"open","ping_status":"closed","template":"","meta":[],"product_brand":[],"product_cat":[22],"product_tag":[],"class_list":{"0":"post-5683","1":"product","2":"type-product","3":"status-publish","4":"has-post-thumbnail","6":"product_cat-disposable-vape-sticks","8":"first","9":"instock","10":"shipping-taxable","11":"purchasable","12":"product-type-simple"},"jetpack_sharing_enabled":true,"tiered_pricing_type":"fixed","tiered_pricing_fixed_rules":{"1000":13,"10000":12,"50000":11},"tiered_pricing_product_settings":{"layout":"default","base_unit_name":{"singular":null,"plural":null},"default_variation":null},"tiered_pricing_minimum_quantity":100,"tiered_pricing_roles_data":[],"tiered_pricing_percentage_rules":[],"tiered_pricing_maximum_quantity":null,"tiered_pricing_quantity_step":null,"_links":{"self":[{"href":"https:\/\/cloudsupplyvapes.com\/fr\/wp-json\/wp\/v2\/product\/5683","targetHints":{"allow":["GET"]}}],"collection":[{"href":"https:\/\/cloudsupplyvapes.com\/fr\/wp-json\/wp\/v2\/product"}],"about":[{"href":"https:\/\/cloudsupplyvapes.com\/fr\/wp-json\/wp\/v2\/types\/product"}],"replies":[{"embeddable":true,"href":"https:\/\/cloudsupplyvapes.com\/fr\/wp-json\/wp\/v2\/comments?post=5683"}],"wp:featuredmedia":[{"embeddable":true,"href":"https:\/\/cloudsupplyvapes.com\/fr\/wp-json\/wp\/v2\/media\/5899"}],"wp:attachment":[{"href":"https:\/\/cloudsupplyvapes.com\/fr\/wp-json\/wp\/v2\/media?parent=5683"}],"wp:term":[{"taxonomy":"product_brand","embeddable":true,"href":"https:\/\/cloudsupplyvapes.com\/fr\/wp-json\/wp\/v2\/product_brand?post=5683"},{"taxonomy":"product_cat","embeddable":true,"href":"https:\/\/cloudsupplyvapes.com\/fr\/wp-json\/wp\/v2\/product_cat?post=5683"},{"taxonomy":"product_tag","embeddable":true,"href":"https:\/\/cloudsupplyvapes.com\/fr\/wp-json\/wp\/v2\/product_tag?post=5683"}],"curies":[{"name":"wp","href":"https:\/\/api.w.org\/{rel}","templated":true}]}}