{"id":573,"date":"2024-10-19T02:13:25","date_gmt":"2024-10-19T02:13:25","guid":{"rendered":"https:\/\/cloudsupplyvapes.com\/?post_type=product&#038;p=573"},"modified":"2024-11-26T09:33:15","modified_gmt":"2024-11-26T09:33:15","slug":"-6","status":"publish","type":"product","link":"https:\/\/cloudsupplyvapes.com\/fr\/product\/fume-infinity-3500-puffs-disposable-wholesale\/","title":{"rendered":"Fume Infinity 3500 Puffs Vape jetable Wholesale Portable and Durable Vape"},"content":{"rendered":"<p>Sel Teneur en nicotine : 5%<br \/>\nCapacit\u00e9 E-Liquide : 12ml<br \/>\nPuissance de la batterie : 1500mAh<br \/>\nCapsule de vaporisation jetable : pr\u00e9-remplie, pr\u00e9-charg\u00e9e et activ\u00e9e par tirage au sort<br \/>\n200pcs dans un \u00e9tui<\/p>\n<p>&nbsp;<\/p>\n<p>Saveurs :<br \/>\nBonbons arc-en-ciel<br \/>\nLait de coco \u00e0 l'ananas<br \/>\nMyrtille framboise<br \/>\nGlace \u00e0 la menthe<br \/>\nGuimauve<br \/>\nM\u00e9lange de fruits<br \/>\nGlace \u00e0 la banane<br \/>\nBaies m\u00e9lang\u00e9es<br \/>\nGlace \u00e0 la past\u00e8que<br \/>\nFraise et banane<br \/>\nGlace aux myrtilles<br \/>\nOurs en gomme<br \/>\nGlace de p\u00eache<br \/>\nPomme rouge<br \/>\nGlace au litchi<\/p>","protected":false},"excerpt":{"rendered":"<p>Fume Infinity 3500 Puffs Disposable Vape Wholesale offre une construction durable, une batterie longue dur\u00e9e et une production de vapeur r\u00e9guli\u00e8re pour des exp\u00e9riences de vapotage prolong\u00e9es et portables.<\/p>","protected":false},"featured_media":603,"comment_status":"open","ping_status":"closed","template":"","meta":[],"product_brand":[],"product_cat":[22],"product_tag":[],"class_list":{"0":"post-573","1":"product","2":"type-product","3":"status-publish","4":"has-post-thumbnail","6":"product_cat-disposable-vape-sticks","8":"first","9":"instock","10":"shipping-taxable","11":"purchasable","12":"product-type-simple"},"jetpack_sharing_enabled":true,"tiered_pricing_type":"fixed","tiered_pricing_fixed_rules":{"500":6.79999999999999982236431605997495353221893310546875,"1000":6.5999999999999996447286321199499070644378662109375,"3000":6.4000000000000003552713678800500929355621337890625},"tiered_pricing_product_settings":{"layout":"default","base_unit_name":{"singular":null,"plural":null},"default_variation":null},"tiered_pricing_minimum_quantity":100,"tiered_pricing_roles_data":[],"tiered_pricing_percentage_rules":[],"tiered_pricing_maximum_quantity":null,"tiered_pricing_quantity_step":null,"_links":{"self":[{"href":"https:\/\/cloudsupplyvapes.com\/fr\/wp-json\/wp\/v2\/product\/573","targetHints":{"allow":["GET"]}}],"collection":[{"href":"https:\/\/cloudsupplyvapes.com\/fr\/wp-json\/wp\/v2\/product"}],"about":[{"href":"https:\/\/cloudsupplyvapes.com\/fr\/wp-json\/wp\/v2\/types\/product"}],"replies":[{"embeddable":true,"href":"https:\/\/cloudsupplyvapes.com\/fr\/wp-json\/wp\/v2\/comments?post=573"}],"wp:featuredmedia":[{"embeddable":true,"href":"https:\/\/cloudsupplyvapes.com\/fr\/wp-json\/wp\/v2\/media\/603"}],"wp:attachment":[{"href":"https:\/\/cloudsupplyvapes.com\/fr\/wp-json\/wp\/v2\/media?parent=573"}],"wp:term":[{"taxonomy":"product_brand","embeddable":true,"href":"https:\/\/cloudsupplyvapes.com\/fr\/wp-json\/wp\/v2\/product_brand?post=573"},{"taxonomy":"product_cat","embeddable":true,"href":"https:\/\/cloudsupplyvapes.com\/fr\/wp-json\/wp\/v2\/product_cat?post=573"},{"taxonomy":"product_tag","embeddable":true,"href":"https:\/\/cloudsupplyvapes.com\/fr\/wp-json\/wp\/v2\/product_tag?post=573"}],"curies":[{"name":"wp","href":"https:\/\/api.w.org\/{rel}","templated":true}]}}