{"id":6008,"date":"2024-10-19T02:45:33","date_gmt":"2024-10-19T02:45:33","guid":{"rendered":"https:\/\/cloudsupplyvapes.com\/?post_type=product&#038;p=6008"},"modified":"2024-11-25T08:52:26","modified_gmt":"2024-11-25T08:52:26","slug":"-219","status":"publish","type":"product","link":"https:\/\/cloudsupplyvapes.com\/fr\/product\/bang-king-12000-puffs-disposable-vape-wholesale\/","title":{"rendered":"Bang King 12000 bouff\u00e9es Vape jetable en gros Batterie longue dur\u00e9e durable"},"content":{"rendered":"<h2>Bang King 12000 Vape jetable<\/h2>\n<ul class=\"top\">\n<li style=\"list-style-type: none;\">\n<ul class=\"top\">\n<li>Marque :\u00a0<b>Bang King<\/b><\/li>\n<li>Unit\u00e9 : ensemble<\/li>\n<li>Type :\u00a0<b>Vape \u00e0 usage unique<\/b><\/li>\n<li>Poids net : 70(g)<\/li>\n<\/ul>\n<\/li>\n<\/ul>\n<p>Les frais d'exp\u00e9dition combin\u00e9s seront calcul\u00e9s automatiquement par le syst\u00e8me une fois que vous aurez choisi la destination d'exp\u00e9dition \u00e0 l'\u00e9tape de la commande.<\/p>\n<div class=\"title\">Bang King 12000 Vape jetable INTRODUCTION<\/div>\n<p><b>Bang King 12000 Vape jetable<\/b>\u00a0Il est capable d'offrir un go\u00fbt naturel agr\u00e9able gr\u00e2ce \u00e0 un e-liquide pr\u00e9-rempli de 23 ml. Chaque appareil a une dur\u00e9e de vie de 12 000 bouff\u00e9es. L'utilisation d'un coil int\u00e9gr\u00e9 permet d'obtenir une saveur juteuse \u00e0 l'inhalation. Ce dispositif unique en forme de bouteille est associ\u00e9 \u00e0 un taux de nicotine de 5% (50mg), qui convient aux personnes qui recherchent une vape plus douce et des envies de nicotine. Aliment\u00e9 par une batterie rechargeable de 650mAh, le nombre de 12000 bouff\u00e9es permet des sessions de vapotage pendant des semaines.<\/p>\n<p class=\"second-title\">Caract\u00e9ristiques<\/p>\n<p>- 23ml E-Liquide pr\u00e9-rempli<\/p>\n<p>- 5%(50mg) Teneur en nicotine<\/p>\n<p>- Batterie rechargeable 650mAh<\/p>\n<p>- USB Type-C (non inclus)<\/p>\n<p>- Environ 12 000 bouff\u00e9es<\/p>\n<p>- Bobine de maille<\/p>\n<p>- Dessin activ\u00e9<\/p>\n<p>- MTL Vaping<\/p>","protected":false},"excerpt":{"rendered":"<p>Le Bang King 12000 Puffs Disposable Vape Wholesale est dot\u00e9 d'une construction durable et d'une batterie longue dur\u00e9e, offrant des performances constantes et une vapeur riche pour une utilisation prolong\u00e9e.<\/p>","protected":false},"featured_media":6194,"comment_status":"open","ping_status":"closed","template":"","meta":[],"product_brand":[],"product_cat":[481,22],"product_tag":[],"class_list":{"0":"post-6008","1":"product","2":"type-product","3":"status-publish","4":"has-post-thumbnail","6":"product_cat-bang","7":"product_cat-disposable-vape-sticks","9":"first","10":"instock","11":"shipping-taxable","12":"purchasable","13":"product-type-simple"},"jetpack_sharing_enabled":true,"tiered_pricing_type":"fixed","tiered_pricing_fixed_rules":{"1000":16,"10000":14,"50000":12},"tiered_pricing_product_settings":{"layout":"default","base_unit_name":{"singular":null,"plural":null},"default_variation":null},"tiered_pricing_minimum_quantity":100,"tiered_pricing_roles_data":[],"tiered_pricing_percentage_rules":[],"tiered_pricing_maximum_quantity":null,"tiered_pricing_quantity_step":null,"_links":{"self":[{"href":"https:\/\/cloudsupplyvapes.com\/fr\/wp-json\/wp\/v2\/product\/6008","targetHints":{"allow":["GET"]}}],"collection":[{"href":"https:\/\/cloudsupplyvapes.com\/fr\/wp-json\/wp\/v2\/product"}],"about":[{"href":"https:\/\/cloudsupplyvapes.com\/fr\/wp-json\/wp\/v2\/types\/product"}],"replies":[{"embeddable":true,"href":"https:\/\/cloudsupplyvapes.com\/fr\/wp-json\/wp\/v2\/comments?post=6008"}],"wp:featuredmedia":[{"embeddable":true,"href":"https:\/\/cloudsupplyvapes.com\/fr\/wp-json\/wp\/v2\/media\/6194"}],"wp:attachment":[{"href":"https:\/\/cloudsupplyvapes.com\/fr\/wp-json\/wp\/v2\/media?parent=6008"}],"wp:term":[{"taxonomy":"product_brand","embeddable":true,"href":"https:\/\/cloudsupplyvapes.com\/fr\/wp-json\/wp\/v2\/product_brand?post=6008"},{"taxonomy":"product_cat","embeddable":true,"href":"https:\/\/cloudsupplyvapes.com\/fr\/wp-json\/wp\/v2\/product_cat?post=6008"},{"taxonomy":"product_tag","embeddable":true,"href":"https:\/\/cloudsupplyvapes.com\/fr\/wp-json\/wp\/v2\/product_tag?post=6008"}],"curies":[{"name":"wp","href":"https:\/\/api.w.org\/{rel}","templated":true}]}}