{"id":6081,"date":"2024-10-19T02:45:55","date_gmt":"2024-10-19T02:45:55","guid":{"rendered":"https:\/\/cloudsupplyvapes.com\/?post_type=product&#038;p=6081"},"modified":"2024-11-25T08:52:03","modified_gmt":"2024-11-25T08:52:03","slug":"-221","status":"publish","type":"product","link":"https:\/\/cloudsupplyvapes.com\/fr\/product\/elfbar-te6000-6000-puffs-disposable-vape-wholesale\/","title":{"rendered":"Elfbar TE6000 6000 Puffs Vape jetable en gros Ultra Portable Smooth Vapor"},"content":{"rendered":"<div class=\"new-product-msg prodes\">\n<h2>Elf Bar TE6000 Vape jetable<\/h2>\n<ul class=\"top\">\n<li>Marque :\u00a0<b>ElfBar<\/b><\/li>\n<li>Unit\u00e9 : ensemble<\/li>\n<li>Type :\u00a0<b>Vape \u00e0 usage unique<\/b><\/li>\n<li>Poids net : 70(g)<\/li>\n<\/ul>\n<p>Les frais d'exp\u00e9dition combin\u00e9s seront calcul\u00e9s automatiquement par le syst\u00e8me une fois que vous aurez choisi la destination d'exp\u00e9dition \u00e0 l'\u00e9tape de la commande.<\/p>\n<div class=\"title\">Elf Bar TE6000 Vape jetable INTRODUCTION<\/div>\n<p><b>Elf Bar TE6000 Kit de vaporisation jetable<\/b>\u00a0Avec une capacit\u00e9 impressionnante de 6000 bouff\u00e9es et 13ml d'e-liquide pr\u00e9-rempli avec un taux de nicotine de 5%(50mg), cet appareil est parfait pour les vapoteurs qui veulent profiter de leurs saveurs pr\u00e9f\u00e9r\u00e9es sans avoir \u00e0 se soucier de la recharge. Dot\u00e9 d'une batterie interne rechargeable et d'un indicateur d'e-liquide et de batterie, ce kit de vapotage est non seulement pratique mais aussi facile \u00e0 utiliser. La technologie Mesh Coil assure une diffusion exceptionnelle des ar\u00f4mes, tandis que la coque transparente et le rev\u00eatement int\u00e9rieur permettent de voir clairement le niveau d'e-liquide.<\/p>\n<\/div>\n<table class=\"table table-bordered\">\n<tbody>\n<tr>\n<td>Caract\u00e9ristiques<\/td>\n<td>Barre Elf TE6000<\/td>\n<td>Barre Elf TE5000<\/td>\n<\/tr>\n<tr>\n<td>Capacit\u00e9 de la batterie<\/td>\n<td>550mAh<\/td>\n<td>550mAh<\/td>\n<\/tr>\n<tr>\n<td>Capacit\u00e9 du pod<\/td>\n<td>Plus grand (environ 13ml)<\/td>\n<td>Plus petit (environ 13,5 ml)<\/td>\n<\/tr>\n<tr>\n<td>Dur\u00e9e de vie<\/td>\n<td>Plus longue (environ 6000 bouff\u00e9es)<\/td>\n<td>Plus courte (environ 5000 bouff\u00e9es)<\/td>\n<\/tr>\n<tr>\n<td>Type de bobine<\/td>\n<td>Bobine de maille<\/td>\n<td>Bobine de maille<\/td>\n<\/tr>\n<tr>\n<td>M\u00e9thode de chargement<\/td>\n<td>Rechargeable<\/td>\n<td>Rechargeable<\/td>\n<\/tr>\n<tr>\n<td>Style de conception<\/td>\n<td>Design moderne<\/td>\n<td>Conception minimaliste<\/td>\n<\/tr>\n<\/tbody>\n<\/table>\n<p><a href=\"https:\/\/i0.wp.com\/shop.vape.hk\/wp-content\/uploads\/2023\/11\/Elf_Bar_TE6000.jpg?ssl=1\" target=\"_blank\" rel=\"noopener\"><img data-recalc-dims=\"1\" loading=\"lazy\" decoding=\"async\" class=\"alignnone size-full wp-image-126919\" src=\"https:\/\/i0.wp.com\/shop.vape.hk\/wp-content\/uploads\/2023\/11\/Elf_Bar_TE6000.jpg?resize=1020%2C686&#038;ssl=1\" alt=\"Elfbar TE6000 6000 bouff\u00e9es jetables Vape | Wholesale\" width=\"1020\" height=\"686\" title=\"\"><\/a><\/p>","protected":false},"excerpt":{"rendered":"<p>L'Elfbar TE6000 6000 Puffs Disposable Vape Wholesale offre une commodit\u00e9 ultra-portable, une production de vapeur fluide et un design ergonomique et l\u00e9ger pour un vapotage sans effort.<\/p>","protected":false},"featured_media":6371,"comment_status":"open","ping_status":"closed","template":"","meta":[],"product_brand":[],"product_cat":[22],"product_tag":[],"class_list":{"0":"post-6081","1":"product","2":"type-product","3":"status-publish","4":"has-post-thumbnail","6":"product_cat-disposable-vape-sticks","8":"first","9":"instock","10":"shipping-taxable","11":"purchasable","12":"product-type-simple"},"jetpack_sharing_enabled":true,"tiered_pricing_type":"fixed","tiered_pricing_fixed_rules":{"1000":13,"10000":11,"50000":9},"tiered_pricing_product_settings":{"layout":"default","base_unit_name":{"singular":null,"plural":null},"default_variation":null},"tiered_pricing_minimum_quantity":100,"tiered_pricing_roles_data":[],"tiered_pricing_percentage_rules":[],"tiered_pricing_maximum_quantity":null,"tiered_pricing_quantity_step":null,"_links":{"self":[{"href":"https:\/\/cloudsupplyvapes.com\/fr\/wp-json\/wp\/v2\/product\/6081","targetHints":{"allow":["GET"]}}],"collection":[{"href":"https:\/\/cloudsupplyvapes.com\/fr\/wp-json\/wp\/v2\/product"}],"about":[{"href":"https:\/\/cloudsupplyvapes.com\/fr\/wp-json\/wp\/v2\/types\/product"}],"replies":[{"embeddable":true,"href":"https:\/\/cloudsupplyvapes.com\/fr\/wp-json\/wp\/v2\/comments?post=6081"}],"wp:featuredmedia":[{"embeddable":true,"href":"https:\/\/cloudsupplyvapes.com\/fr\/wp-json\/wp\/v2\/media\/6371"}],"wp:attachment":[{"href":"https:\/\/cloudsupplyvapes.com\/fr\/wp-json\/wp\/v2\/media?parent=6081"}],"wp:term":[{"taxonomy":"product_brand","embeddable":true,"href":"https:\/\/cloudsupplyvapes.com\/fr\/wp-json\/wp\/v2\/product_brand?post=6081"},{"taxonomy":"product_cat","embeddable":true,"href":"https:\/\/cloudsupplyvapes.com\/fr\/wp-json\/wp\/v2\/product_cat?post=6081"},{"taxonomy":"product_tag","embeddable":true,"href":"https:\/\/cloudsupplyvapes.com\/fr\/wp-json\/wp\/v2\/product_tag?post=6081"}],"curies":[{"name":"wp","href":"https:\/\/api.w.org\/{rel}","templated":true}]}}