{"id":675,"date":"2024-10-19T02:14:15","date_gmt":"2024-10-19T02:14:15","guid":{"rendered":"https:\/\/cloudsupplyvapes.com\/?post_type=product&#038;p=675"},"modified":"2024-11-26T09:32:11","modified_gmt":"2024-11-26T09:32:11","slug":"again-daymax-2500-puff-disposable-wholesale","status":"publish","type":"product","link":"https:\/\/cloudsupplyvapes.com\/fr\/product\/again-daymax-2500-puff-disposable-wholesale\/","title":{"rendered":"Again Daymax 2500 Puff Disposable Vape Wholesale Compact Lightweight Build"},"content":{"rendered":"<p>Sp\u00e9cifications :<\/p>\n<div class=\"rich-text-table\">\n<table border=\"1\" cellspacing=\"1\" cellpadding=\"1\">\n<tbody>\n<tr>\n<td>Capacit\u00e9 en liquide<\/td>\n<td>7,5 ml<\/td>\n<\/tr>\n<tr>\n<td>Capacit\u00e9 de la batterie<\/td>\n<td>1200mAh<\/td>\n<\/tr>\n<tr>\n<td>Puffs<\/td>\n<td>2500+ bouff\u00e9es<\/td>\n<\/tr>\n<tr>\n<td>Taille<\/td>\n<td>Longueur :117mm ; Diam\u00e8tre :22mm<\/td>\n<\/tr>\n<tr>\n<td>Taux de nicotine<\/td>\n<td>5%<\/td>\n<\/tr>\n<\/tbody>\n<\/table>\n<\/div>\n<p>Saveurs :<\/p>\n<div>\n<div>Shake \u00e0 la fraise<\/div>\n<div>Shake \u00e0 la banane<\/div>\n<div>Ananas et noix de coco<\/div>\n<div>Rhum Cola<\/div>\n<div>P\u00eache&amp;m\u00fbre<\/div>\n<div>Double pomme<\/div>\n<div>Past\u00e8que glac\u00e9e<\/div>\n<div>Raisin<\/div>\n<div>Framboise bleue<\/div>\n<\/div>","protected":false},"excerpt":{"rendered":"<p>Encore une fois, Daymax 2500 Puff Disposable Vape Wholesale se caract\u00e9rise par un design compact, une production de vapeur fluide et une utilisation conviviale pour les d\u00e9butants, pour des exp\u00e9riences de vapotage sans tracas.<\/p>","protected":false},"featured_media":710,"comment_status":"open","ping_status":"closed","template":"","meta":[],"product_brand":[],"product_cat":[22],"product_tag":[],"class_list":{"0":"post-675","1":"product","2":"type-product","3":"status-publish","4":"has-post-thumbnail","6":"product_cat-disposable-vape-sticks","8":"first","9":"instock","10":"shipping-taxable","11":"purchasable","12":"product-type-simple"},"jetpack_sharing_enabled":true,"tiered_pricing_type":"fixed","tiered_pricing_fixed_rules":[],"tiered_pricing_product_settings":{"layout":"default","base_unit_name":{"singular":null,"plural":null},"default_variation":null},"tiered_pricing_minimum_quantity":null,"tiered_pricing_roles_data":[],"tiered_pricing_percentage_rules":[],"tiered_pricing_maximum_quantity":null,"tiered_pricing_quantity_step":null,"_links":{"self":[{"href":"https:\/\/cloudsupplyvapes.com\/fr\/wp-json\/wp\/v2\/product\/675","targetHints":{"allow":["GET"]}}],"collection":[{"href":"https:\/\/cloudsupplyvapes.com\/fr\/wp-json\/wp\/v2\/product"}],"about":[{"href":"https:\/\/cloudsupplyvapes.com\/fr\/wp-json\/wp\/v2\/types\/product"}],"replies":[{"embeddable":true,"href":"https:\/\/cloudsupplyvapes.com\/fr\/wp-json\/wp\/v2\/comments?post=675"}],"wp:featuredmedia":[{"embeddable":true,"href":"https:\/\/cloudsupplyvapes.com\/fr\/wp-json\/wp\/v2\/media\/710"}],"wp:attachment":[{"href":"https:\/\/cloudsupplyvapes.com\/fr\/wp-json\/wp\/v2\/media?parent=675"}],"wp:term":[{"taxonomy":"product_brand","embeddable":true,"href":"https:\/\/cloudsupplyvapes.com\/fr\/wp-json\/wp\/v2\/product_brand?post=675"},{"taxonomy":"product_cat","embeddable":true,"href":"https:\/\/cloudsupplyvapes.com\/fr\/wp-json\/wp\/v2\/product_cat?post=675"},{"taxonomy":"product_tag","embeddable":true,"href":"https:\/\/cloudsupplyvapes.com\/fr\/wp-json\/wp\/v2\/product_tag?post=675"}],"curies":[{"name":"wp","href":"https:\/\/api.w.org\/{rel}","templated":true}]}}