{"id":677,"date":"2024-10-19T02:14:16","date_gmt":"2024-10-19T02:14:16","guid":{"rendered":"https:\/\/cloudsupplyvapes.com\/?post_type=product&#038;p=677"},"modified":"2024-11-26T09:31:33","modified_gmt":"2024-11-26T09:31:33","slug":"-12","status":"publish","type":"product","link":"https:\/\/cloudsupplyvapes.com\/fr\/product\/yuoto-luscious-3000-puff-disposable-wholesale\/","title":{"rendered":"YUOTO Luscious 3000 Puff Disposable Vape Wholesale Durable Long-Lasting Vape"},"content":{"rendered":"<p>Saveur :<br \/>\n1. glace aux baies bleues<br \/>\n2. glace \u00e0 la banane<br \/>\n3. glace \u00e0 la goyave<br \/>\n4. les quilles<br \/>\n5. glace Pina colada<br \/>\n6. glace \u00e0 la menthe<br \/>\n7. past\u00e8que \u00e0 la fraise<br \/>\n8. glace \u00e0 la barbe \u00e0 papa<br \/>\n9. glace \u00e0 la mangue<br \/>\n10. Redbull ice<br \/>\n11.Glace de p\u00eache<br \/>\n12. chewing-gum<br \/>\n13.Pomme de garde<br \/>\n14.Glace luxuriante<br \/>\n15.mangue alphonso<br \/>\n16.glace blue razz<br \/>\n17.paan<br \/>\n18.2 pommes<br \/>\n19. glace au raisin<br \/>\n20.banane-fraise<br \/>\n21. l'\u00e9crasement des bonbons<br \/>\n22.glace ananas<\/p>\n<p>&nbsp;<\/p>\n<p>Bouff\u00e9es:3000 Nicotine:5%<br \/>\nCapacit\u00e9 E-juice : 8.0ML Batterie : 1350mAh<\/p>\n<p>1pcs\/ 52g 10pcs\/pack 1pack\/538g 400pcs\/carton 22.5kg\/carton Case<br \/>\nsize:55.6CM*28CM*27.6CM<\/p>","protected":false},"excerpt":{"rendered":"<p>YUOTO Luscious 3000 Puff Disposable Vape Wholesale offre un design durable, une grande vari\u00e9t\u00e9 d'ar\u00f4mes et un fonctionnement sans probl\u00e8me pour des sessions de vapotage prolong\u00e9es.<\/p>","protected":false},"featured_media":712,"comment_status":"open","ping_status":"closed","template":"","meta":[],"product_brand":[],"product_cat":[22],"product_tag":[],"class_list":{"0":"post-677","1":"product","2":"type-product","3":"status-publish","4":"has-post-thumbnail","6":"product_cat-disposable-vape-sticks","8":"first","9":"instock","10":"shipping-taxable","11":"purchasable","12":"product-type-simple"},"jetpack_sharing_enabled":true,"tiered_pricing_type":"fixed","tiered_pricing_fixed_rules":{"500":6,"10000":5.79999999999999982236431605997495353221893310546875,"30000":5.5999999999999996447286321199499070644378662109375},"tiered_pricing_product_settings":{"layout":"default","base_unit_name":{"singular":null,"plural":null},"default_variation":null},"tiered_pricing_minimum_quantity":100,"tiered_pricing_roles_data":[],"tiered_pricing_percentage_rules":[],"tiered_pricing_maximum_quantity":null,"tiered_pricing_quantity_step":null,"_links":{"self":[{"href":"https:\/\/cloudsupplyvapes.com\/fr\/wp-json\/wp\/v2\/product\/677","targetHints":{"allow":["GET"]}}],"collection":[{"href":"https:\/\/cloudsupplyvapes.com\/fr\/wp-json\/wp\/v2\/product"}],"about":[{"href":"https:\/\/cloudsupplyvapes.com\/fr\/wp-json\/wp\/v2\/types\/product"}],"replies":[{"embeddable":true,"href":"https:\/\/cloudsupplyvapes.com\/fr\/wp-json\/wp\/v2\/comments?post=677"}],"wp:featuredmedia":[{"embeddable":true,"href":"https:\/\/cloudsupplyvapes.com\/fr\/wp-json\/wp\/v2\/media\/712"}],"wp:attachment":[{"href":"https:\/\/cloudsupplyvapes.com\/fr\/wp-json\/wp\/v2\/media?parent=677"}],"wp:term":[{"taxonomy":"product_brand","embeddable":true,"href":"https:\/\/cloudsupplyvapes.com\/fr\/wp-json\/wp\/v2\/product_brand?post=677"},{"taxonomy":"product_cat","embeddable":true,"href":"https:\/\/cloudsupplyvapes.com\/fr\/wp-json\/wp\/v2\/product_cat?post=677"},{"taxonomy":"product_tag","embeddable":true,"href":"https:\/\/cloudsupplyvapes.com\/fr\/wp-json\/wp\/v2\/product_tag?post=677"}],"curies":[{"name":"wp","href":"https:\/\/api.w.org\/{rel}","templated":true}]}}