{"id":682,"date":"2024-10-19T02:14:16","date_gmt":"2024-10-19T02:14:16","guid":{"rendered":"https:\/\/cloudsupplyvapes.com\/?post_type=product&#038;p=682"},"modified":"2024-11-26T09:31:50","modified_gmt":"2024-11-26T09:31:50","slug":"-13","status":"publish","type":"product","link":"https:\/\/cloudsupplyvapes.com\/fr\/product\/iget-bar-3500-puffs-disposable-vape-wholesale\/","title":{"rendered":"Iget Bar 3500 Puffs Disposable Vape Wholesale Portable High-Performance Vape"},"content":{"rendered":"<p><strong>Saveur :<\/strong><br \/>\nGLACE AU RAISIN<br \/>\nDOUBLE POMME<br \/>\nCR\u00c8ME GLAC\u00c9E<br \/>\nGLACE \u00c0 LA FRAISE ET \u00c0 LA PAST\u00c8QUE<br \/>\nBLACKBERRY IC<br \/>\nMANGO IC<br \/>\nMYRTILLE FRAMBOISE IC<br \/>\nFRAISE KIWI IC<br \/>\nCOLA ICE<br \/>\nGLACE \u00c0 LA MYRTILLE<br \/>\nCERISE GRENADE<br \/>\nGLACE \u00c0 LA P\u00caCHE<br \/>\nLUSH ICE<\/p>\n<p>&nbsp;<\/p>\n<p><strong>Caract\u00e9ristiques :<\/strong><\/p>\n<ul>\n<li>Taux de nicotine : 5% (50mg\/ml)<\/li>\n<li>Capacit\u00e9 du liquide : 12ml<\/li>\n<li>Taille : 41,2*19,5*94,5 mm<\/li>\n<li>Batterie : 1500 mAh<\/li>\n<li>Bouff\u00e9es : 3500 bouff\u00e9es<\/li>\n<\/ul>\n<p>Produit connexe :<\/p>\n<blockquote class=\"wp-embedded-content\" data-secret=\"YiA7JqEx44\"><p><a href=\"https:\/\/shop.vape.hk\/product\/iget-bar\/\" target=\"_blank\" rel=\"noopener\">Iget Bar 3500 Puffs 12ML Vape jetable en gros - Saveur longue dur\u00e9e et design haute capacit\u00e9<\/a><\/p><\/blockquote>\n<p><iframe loading=\"lazy\" class=\"wp-embedded-content\" sandbox=\"allow-scripts\" security=\"restricted\" style=\"position: absolute; visibility: hidden;\" title=\"&quot;Iget Bar 3500 Puffs 12ML Disposable Vape Wholesale - Long-Lasting Flavor &amp; High-Capacity Design&quot; - VAPE HK SHOP | WHOLESALE\" src=\"https:\/\/shop.vape.hk\/product\/iget-bar\/embed\/#?secret=ZFGEB05d0d#?secret=YiA7JqEx44\" data-secret=\"YiA7JqEx44\" width=\"600\" height=\"338\" frameborder=\"0\" marginwidth=\"0\" marginheight=\"0\" scrolling=\"no\"><\/iframe><\/p>","protected":false},"excerpt":{"rendered":"<p>Iget Bar 3500 Puffs Disposable Vape Wholesale offre un d\u00e9bit de vapeur r\u00e9gulier, un design portable et une batterie fiable pour une exp\u00e9rience de vapotage constante.<\/p>","protected":false},"featured_media":717,"comment_status":"open","ping_status":"closed","template":"","meta":[],"product_brand":[],"product_cat":[22],"product_tag":[64],"class_list":{"0":"post-682","1":"product","2":"type-product","3":"status-publish","4":"has-post-thumbnail","6":"product_cat-disposable-vape-sticks","7":"product_tag-iget","9":"first","10":"instock","11":"shipping-taxable","12":"purchasable","13":"product-type-simple"},"jetpack_sharing_enabled":true,"tiered_pricing_type":"fixed","tiered_pricing_fixed_rules":{"1000":10.4000000000000003552713678800500929355621337890625,"5000":9.5,"10000":8,"30000":7},"tiered_pricing_product_settings":{"layout":"default","base_unit_name":{"singular":null,"plural":null},"default_variation":null},"tiered_pricing_minimum_quantity":200,"tiered_pricing_roles_data":[],"tiered_pricing_percentage_rules":[],"tiered_pricing_maximum_quantity":null,"tiered_pricing_quantity_step":null,"_links":{"self":[{"href":"https:\/\/cloudsupplyvapes.com\/fr\/wp-json\/wp\/v2\/product\/682","targetHints":{"allow":["GET"]}}],"collection":[{"href":"https:\/\/cloudsupplyvapes.com\/fr\/wp-json\/wp\/v2\/product"}],"about":[{"href":"https:\/\/cloudsupplyvapes.com\/fr\/wp-json\/wp\/v2\/types\/product"}],"replies":[{"embeddable":true,"href":"https:\/\/cloudsupplyvapes.com\/fr\/wp-json\/wp\/v2\/comments?post=682"}],"wp:featuredmedia":[{"embeddable":true,"href":"https:\/\/cloudsupplyvapes.com\/fr\/wp-json\/wp\/v2\/media\/717"}],"wp:attachment":[{"href":"https:\/\/cloudsupplyvapes.com\/fr\/wp-json\/wp\/v2\/media?parent=682"}],"wp:term":[{"taxonomy":"product_brand","embeddable":true,"href":"https:\/\/cloudsupplyvapes.com\/fr\/wp-json\/wp\/v2\/product_brand?post=682"},{"taxonomy":"product_cat","embeddable":true,"href":"https:\/\/cloudsupplyvapes.com\/fr\/wp-json\/wp\/v2\/product_cat?post=682"},{"taxonomy":"product_tag","embeddable":true,"href":"https:\/\/cloudsupplyvapes.com\/fr\/wp-json\/wp\/v2\/product_tag?post=682"}],"curies":[{"name":"wp","href":"https:\/\/api.w.org\/{rel}","templated":true}]}}