{"id":683,"date":"2024-10-19T02:14:16","date_gmt":"2024-10-19T02:14:16","guid":{"rendered":"https:\/\/cloudsupplyvapes.com\/?post_type=product&#038;p=683"},"modified":"2024-11-26T09:32:01","modified_gmt":"2024-11-26T09:32:01","slug":"-283","status":"publish","type":"product","link":"https:\/\/cloudsupplyvapes.com\/fr\/product\/bang-beach-22000-puff-disposable-vape-wholesale\/","title":{"rendered":"Bang Beach 22000 bouff\u00e9es Vape jetable en gros Haute capacit\u00e9 Vape longue dur\u00e9e"},"content":{"rendered":"<h2>Saveurs disponibles :<\/h2>\n<ol>\n<li>Glace \u00e0 la p\u00eache<\/li>\n<li>P\u00eache Mangue<\/li>\n<li>Baies m\u00e9lang\u00e9es<\/li>\n<li>Limonade rose<\/li>\n<li>Past\u00e8que \u00e0 la fraise<\/li>\n<li>Glace \u00e0 la past\u00e8que<\/li>\n<li>Glace de raisin<\/li>\n<li>Vimto<\/li>\n<li>Glace \u00e0 la fraise<\/li>\n<li>Cerise<\/li>\n<li>Myrtille Framboise<\/li>\n<li>Pomme acide<\/li>\n<\/ol>\n<h3>Bang Beach 22000 Vape jetable Sp\u00e9cifications<\/h3>\n<table>\n<thead>\n<tr>\n<th><strong>Fonctionnalit\u00e9<\/strong><\/th>\n<th><strong>Sp\u00e9cifications<\/strong><\/th>\n<\/tr>\n<\/thead>\n<tbody>\n<tr>\n<td>Capacit\u00e9 de la batterie<\/td>\n<td>650mAh<\/td>\n<\/tr>\n<tr>\n<td>Capacit\u00e9 en e-liquide<\/td>\n<td>25ml<\/td>\n<\/tr>\n<tr>\n<td>Intensit\u00e9 de la nicotine<\/td>\n<td>0%, 2%, 3%, 5% (par d\u00e9faut)<\/td>\n<\/tr>\n<tr>\n<td>Puffs<\/td>\n<td>Jusqu'\u00e0 22 000 bouff\u00e9es<\/td>\n<\/tr>\n<tr>\n<td>Poids de l'emballage<\/td>\n<td>21,2 kg\/200 pi\u00e8ces<\/td>\n<\/tr>\n<\/tbody>\n<\/table>\n<h3>Caract\u00e9ristiques principales :<\/h3>\n<ul>\n<li><strong>Palette de saveurs vari\u00e9es :<\/strong> Une s\u00e9lection de 12 saveurs fra\u00eeches et agr\u00e9ables, parfaitement adapt\u00e9es aux journ\u00e9es d'\u00e9t\u00e9 et au-del\u00e0.<\/li>\n<li><strong>Bouff\u00e9es de haute capacit\u00e9 :<\/strong> Chaque appareil est con\u00e7u pour d\u00e9livrer jusqu'\u00e0 22 000 bouff\u00e9es, ce qui garantit une utilisation intensive de chaque vapeur.<\/li>\n<li><strong>Grand volume d'e-liquide :<\/strong> Pr\u00e9-rempli de 25ml d'e-liquide, minimisant le besoin de remplacements fr\u00e9quents et prolongeant les sessions de vapotage.<\/li>\n<li><strong>Options de nicotine flexibles :<\/strong> Disponible en plusieurs concentrations de nicotine pour r\u00e9pondre \u00e0 un large \u00e9ventail de pr\u00e9f\u00e9rences et de besoins en mati\u00e8re de vapotage.<\/li>\n<li><strong>Utilisation efficace de la batterie :<\/strong> La batterie de 650 mAh offre une combinaison \u00e9quilibr\u00e9e de long\u00e9vit\u00e9 et de puissance pour des performances constantes.<\/li>\n<\/ul>\n<h3>Pourquoi choisir Bang Beach 22000 ?<\/h3>\n<p>Le Bang Beach 22000 est la vape ultime pour ceux qui appr\u00e9cient une exp\u00e9rience longue et savoureuse. Sa grande vari\u00e9t\u00e9 de saveurs rafra\u00eechissantes et son nombre de bouff\u00e9es \u00e9lev\u00e9 en font un excellent choix pour les vapoteurs qui cherchent \u00e0 maximiser leur plaisir sans changer fr\u00e9quemment d'appareil.<\/p>","protected":false},"excerpt":{"rendered":"<p>Le Bang Beach 22000 Puffs Disposable Vape Wholesale combine une grande capacit\u00e9, des performances durables et une production de vapeur r\u00e9guli\u00e8re pour un usage prolong\u00e9 et satisfaisant.<\/p>","protected":false},"featured_media":8917,"comment_status":"open","ping_status":"closed","template":"","meta":[],"product_brand":[],"product_cat":[22],"product_tag":[31],"class_list":{"0":"post-683","1":"product","2":"type-product","3":"status-publish","4":"has-post-thumbnail","6":"product_cat-disposable-vape-sticks","7":"product_tag-bang","9":"first","10":"instock","11":"shipping-taxable","12":"purchasable","13":"product-type-simple"},"jetpack_sharing_enabled":true,"tiered_pricing_type":"fixed","tiered_pricing_fixed_rules":[],"tiered_pricing_product_settings":{"layout":"default","base_unit_name":{"singular":null,"plural":null},"default_variation":null},"tiered_pricing_minimum_quantity":30,"tiered_pricing_roles_data":[],"tiered_pricing_percentage_rules":[],"tiered_pricing_maximum_quantity":null,"tiered_pricing_quantity_step":"10","_links":{"self":[{"href":"https:\/\/cloudsupplyvapes.com\/fr\/wp-json\/wp\/v2\/product\/683","targetHints":{"allow":["GET"]}}],"collection":[{"href":"https:\/\/cloudsupplyvapes.com\/fr\/wp-json\/wp\/v2\/product"}],"about":[{"href":"https:\/\/cloudsupplyvapes.com\/fr\/wp-json\/wp\/v2\/types\/product"}],"replies":[{"embeddable":true,"href":"https:\/\/cloudsupplyvapes.com\/fr\/wp-json\/wp\/v2\/comments?post=683"}],"wp:featuredmedia":[{"embeddable":true,"href":"https:\/\/cloudsupplyvapes.com\/fr\/wp-json\/wp\/v2\/media\/8917"}],"wp:attachment":[{"href":"https:\/\/cloudsupplyvapes.com\/fr\/wp-json\/wp\/v2\/media?parent=683"}],"wp:term":[{"taxonomy":"product_brand","embeddable":true,"href":"https:\/\/cloudsupplyvapes.com\/fr\/wp-json\/wp\/v2\/product_brand?post=683"},{"taxonomy":"product_cat","embeddable":true,"href":"https:\/\/cloudsupplyvapes.com\/fr\/wp-json\/wp\/v2\/product_cat?post=683"},{"taxonomy":"product_tag","embeddable":true,"href":"https:\/\/cloudsupplyvapes.com\/fr\/wp-json\/wp\/v2\/product_tag?post=683"}],"curies":[{"name":"wp","href":"https:\/\/api.w.org\/{rel}","templated":true}]}}