{"id":685,"date":"2024-10-19T02:14:17","date_gmt":"2024-10-19T02:14:17","guid":{"rendered":"https:\/\/cloudsupplyvapes.com\/?post_type=product&#038;p=685"},"modified":"2024-11-26T09:30:44","modified_gmt":"2024-11-26T09:30:44","slug":"-227","status":"publish","type":"product","link":"https:\/\/cloudsupplyvapes.com\/fr\/product\/poco-3500-puffs-disposable-vape-wholesale\/","title":{"rendered":"POCO 3500 Puffs Disposable Vape Wholesale Portable Long-Lasting Build"},"content":{"rendered":"<p>Size:75.7*44.3*25.3mm<br \/>\nBouff\u00e9e d'air : Jusqu'\u00e0 3500<br \/>\nCapacit\u00e9 de la batterie : 1500mAh<br \/>\nCapacit\u00e9 E-liquide : 10.5ml<br \/>\nSel Nicotine:5%<\/p>\n<p><strong>Saveurs :<\/strong><\/p>\n<p>Myrtille Framboise<br \/>\nRaisin Pamplemousse Orange<br \/>\nMangue P\u00eache Cerise<br \/>\nfraise Mangue<br \/>\nCr\u00e8me glac\u00e9e \u00e0 la fraise<br \/>\nMelon d'eau lce<br \/>\nFruit de la passion Kiwi Goyave<br \/>\nBonbons \u00e0 la p\u00eache et \u00e0 la myrtille<br \/>\nMenthe fra\u00eeche<br \/>\nPudding \u00e0 la banane<br \/>\nLimonade rose<br \/>\nMelon \u00e0 la noix de coco<\/p>\n<p><a href=\"https:\/\/i0.wp.com\/shop.vape.hk\/wp-content\/uploads\/2024\/03\/Hottest-Poco-BS3500-Vape-Pen-Vapor-Starter-Kit-3500-Puffs-Mesh-Coil-Disposable-E-Cig-Vape-Pen-for-Wholesale_1_822x604.jpg?ssl=1\" target=\"_blank\" rel=\"noopener\"><img data-recalc-dims=\"1\" loading=\"lazy\" decoding=\"async\" class=\"alignnone size-full wp-image-128814\" src=\"https:\/\/i0.wp.com\/shop.vape.hk\/wp-content\/uploads\/2024\/03\/Hottest-Poco-BS3500-Vape-Pen-Vapor-Starter-Kit-3500-Puffs-Mesh-Coil-Disposable-E-Cig-Vape-Pen-for-Wholesale_1_822x604.jpg?resize=822%2C604&#038;ssl=1\" alt=\"POCO 3500 Puffs Jetable Vape | Wholesale\" width=\"822\" height=\"604\" title=\"\"><\/a><\/p>","protected":false},"excerpt":{"rendered":"<p>Le POCO 3500 Puffs Disposable Vape Wholesale combine un design portable et l\u00e9ger avec une batterie longue dur\u00e9e et un d\u00e9bit de vapeur constant pour une exp\u00e9rience de vapotage sup\u00e9rieure.<\/p>","protected":false},"featured_media":7479,"comment_status":"open","ping_status":"closed","template":"","meta":[],"product_brand":[],"product_cat":[22],"product_tag":[],"class_list":{"0":"post-685","1":"product","2":"type-product","3":"status-publish","4":"has-post-thumbnail","6":"product_cat-disposable-vape-sticks","8":"first","9":"instock","10":"shipping-taxable","11":"purchasable","12":"product-type-simple"},"jetpack_sharing_enabled":true,"tiered_pricing_type":"fixed","tiered_pricing_fixed_rules":{"1000":6,"10000":5,"50000":4},"tiered_pricing_product_settings":{"layout":"default","base_unit_name":{"singular":null,"plural":null},"default_variation":null},"tiered_pricing_minimum_quantity":100,"tiered_pricing_roles_data":[],"tiered_pricing_percentage_rules":[],"tiered_pricing_maximum_quantity":null,"tiered_pricing_quantity_step":null,"_links":{"self":[{"href":"https:\/\/cloudsupplyvapes.com\/fr\/wp-json\/wp\/v2\/product\/685","targetHints":{"allow":["GET"]}}],"collection":[{"href":"https:\/\/cloudsupplyvapes.com\/fr\/wp-json\/wp\/v2\/product"}],"about":[{"href":"https:\/\/cloudsupplyvapes.com\/fr\/wp-json\/wp\/v2\/types\/product"}],"replies":[{"embeddable":true,"href":"https:\/\/cloudsupplyvapes.com\/fr\/wp-json\/wp\/v2\/comments?post=685"}],"wp:featuredmedia":[{"embeddable":true,"href":"https:\/\/cloudsupplyvapes.com\/fr\/wp-json\/wp\/v2\/media\/7479"}],"wp:attachment":[{"href":"https:\/\/cloudsupplyvapes.com\/fr\/wp-json\/wp\/v2\/media?parent=685"}],"wp:term":[{"taxonomy":"product_brand","embeddable":true,"href":"https:\/\/cloudsupplyvapes.com\/fr\/wp-json\/wp\/v2\/product_brand?post=685"},{"taxonomy":"product_cat","embeddable":true,"href":"https:\/\/cloudsupplyvapes.com\/fr\/wp-json\/wp\/v2\/product_cat?post=685"},{"taxonomy":"product_tag","embeddable":true,"href":"https:\/\/cloudsupplyvapes.com\/fr\/wp-json\/wp\/v2\/product_tag?post=685"}],"curies":[{"name":"wp","href":"https:\/\/api.w.org\/{rel}","templated":true}]}}