{"id":686,"date":"2024-10-19T02:14:17","date_gmt":"2024-10-19T02:14:17","guid":{"rendered":"https:\/\/cloudsupplyvapes.com\/?post_type=product&#038;p=686"},"modified":"2024-11-26T09:30:58","modified_gmt":"2024-11-26T09:30:58","slug":"-308","status":"publish","type":"product","link":"https:\/\/cloudsupplyvapes.com\/fr\/product\/poco-sl-15000-puffs-disposable-vape-wholesale-germany-europe-and-usa-local-warehouse-in-stock\/","title":{"rendered":"POCO SL 15000 bouff\u00e9es Vape jetable en gros Grande capacit\u00e9 Design durable"},"content":{"rendered":"<h2>Options d'ar\u00f4mes :<\/h2>\n<ul>\n<li>Mangue Orange Pamplemousse<\/li>\n<li>Bonbons mous \u00e0 la p\u00eache et \u00e0 la myrtille<\/li>\n<li>Alo\u00e8s raisin<\/li>\n<li>Clair<\/li>\n<li>Fraise Mangue<\/li>\n<li>Fruit de la passion Kiwi Goyave<\/li>\n<li>Pomme P\u00eache<\/li>\n<li>Past\u00e8que \u00e0 la fraise<\/li>\n<li>Soda au raisin et au cassis<\/li>\n<li>Myrtille Framboise<\/li>\n<\/ul>\n<h3>POCO SL 15000 Sp\u00e9cifications<\/h3>\n<table>\n<thead>\n<tr>\n<th><strong>Fonctionnalit\u00e9<\/strong><\/th>\n<th><strong>Sp\u00e9cifications<\/strong><\/th>\n<\/tr>\n<\/thead>\n<tbody>\n<tr>\n<td>Capacit\u00e9<\/td>\n<td>24ml<\/td>\n<\/tr>\n<tr>\n<td>Intensit\u00e9 de la nicotine<\/td>\n<td>5%<\/td>\n<\/tr>\n<tr>\n<td>Capacit\u00e9 de la batterie<\/td>\n<td>650mAh<\/td>\n<\/tr>\n<tr>\n<td>Rechargeable<\/td>\n<td>Prise Type-C<\/td>\n<\/tr>\n<tr>\n<td>Puffs<\/td>\n<td>15 000 bouff\u00e9es<\/td>\n<\/tr>\n<\/tbody>\n<\/table>\n<h3>Caract\u00e9ristiques principales :<\/h3>\n<ul>\n<li><strong>Volume d'e-liquide exceptionnel :<\/strong> Le r\u00e9servoir d'une capacit\u00e9 de 24 ml, l'un des plus grands disponibles, garantit une utilisation prolong\u00e9e et moins de recharges.<\/li>\n<li><strong>Niveau de nicotine constant :<\/strong> D\u00e9livre une teneur en nicotine r\u00e9guli\u00e8re de 5%, adapt\u00e9e \u00e0 ceux qui recherchent un hit fort et satisfaisant.<\/li>\n<li><strong>Batterie puissante :<\/strong> \u00c9quip\u00e9 d'une batterie de 650mAh qui peut \u00eatre recharg\u00e9e via une prise Type-C pour une plus grande commodit\u00e9 et des sessions de vape prolong\u00e9es.<\/li>\n<li><strong>Palette de saveurs vari\u00e9es :<\/strong> Elle propose une large gamme de saveurs uniques, r\u00e9pondant aux pr\u00e9f\u00e9rences de chacun avec des m\u00e9langes classiques et exotiques.<\/li>\n<\/ul>\n<h3>Pourquoi choisir POCO SL 15000 ?<\/h3>\n<p>Le POCO SL 15000 est con\u00e7u pour les vapoteurs qui recherchent \u00e0 la fois une grande capacit\u00e9 et de nombreuses options d'ar\u00f4mes. Il offre une exp\u00e9rience de vapotage \u00e9tendue avec 15 000 bouff\u00e9es par appareil. Il offre une exp\u00e9rience de vapotage \u00e9tendue avec 15 000 bouff\u00e9es par appareil, id\u00e9al pour les utilisateurs qui appr\u00e9cient les performances durables et les profils d'ar\u00f4mes vari\u00e9s.En stock en Europe et dans l'entrep\u00f4t local des Etats-Unis.<\/p>","protected":false},"excerpt":{"rendered":"<p>Le POCO SL 15000 Puffs Disposable Vape Wholesale est dot\u00e9 d'une grande capacit\u00e9, d'une construction durable et d'un d\u00e9bit de vapeur r\u00e9gulier pour des sessions de vapotage prolong\u00e9es et sans probl\u00e8me.<\/p>","protected":false},"featured_media":9209,"comment_status":"open","ping_status":"closed","template":"","meta":[],"product_brand":[],"product_cat":[22],"product_tag":[474],"class_list":{"0":"post-686","1":"product","2":"type-product","3":"status-publish","4":"has-post-thumbnail","6":"product_cat-disposable-vape-sticks","7":"product_tag-poco","9":"first","10":"instock","11":"sale","12":"shipping-taxable","13":"purchasable","14":"product-type-simple"},"jetpack_sharing_enabled":true,"tiered_pricing_type":"fixed","tiered_pricing_fixed_rules":{"500":8.5,"2000":8.4000000000000003552713678800500929355621337890625,"5000":8.300000000000000710542735760100185871124267578125},"tiered_pricing_product_settings":{"layout":"default","base_unit_name":{"singular":null,"plural":null},"default_variation":null},"tiered_pricing_minimum_quantity":50,"tiered_pricing_roles_data":[],"tiered_pricing_percentage_rules":[],"tiered_pricing_maximum_quantity":null,"tiered_pricing_quantity_step":null,"_links":{"self":[{"href":"https:\/\/cloudsupplyvapes.com\/fr\/wp-json\/wp\/v2\/product\/686","targetHints":{"allow":["GET"]}}],"collection":[{"href":"https:\/\/cloudsupplyvapes.com\/fr\/wp-json\/wp\/v2\/product"}],"about":[{"href":"https:\/\/cloudsupplyvapes.com\/fr\/wp-json\/wp\/v2\/types\/product"}],"replies":[{"embeddable":true,"href":"https:\/\/cloudsupplyvapes.com\/fr\/wp-json\/wp\/v2\/comments?post=686"}],"wp:featuredmedia":[{"embeddable":true,"href":"https:\/\/cloudsupplyvapes.com\/fr\/wp-json\/wp\/v2\/media\/9209"}],"wp:attachment":[{"href":"https:\/\/cloudsupplyvapes.com\/fr\/wp-json\/wp\/v2\/media?parent=686"}],"wp:term":[{"taxonomy":"product_brand","embeddable":true,"href":"https:\/\/cloudsupplyvapes.com\/fr\/wp-json\/wp\/v2\/product_brand?post=686"},{"taxonomy":"product_cat","embeddable":true,"href":"https:\/\/cloudsupplyvapes.com\/fr\/wp-json\/wp\/v2\/product_cat?post=686"},{"taxonomy":"product_tag","embeddable":true,"href":"https:\/\/cloudsupplyvapes.com\/fr\/wp-json\/wp\/v2\/product_tag?post=686"}],"curies":[{"name":"wp","href":"https:\/\/api.w.org\/{rel}","templated":true}]}}