{"id":687,"date":"2024-10-19T02:14:17","date_gmt":"2024-10-19T02:14:17","guid":{"rendered":"https:\/\/cloudsupplyvapes.com\/?post_type=product&#038;p=687"},"modified":"2024-11-26T09:31:10","modified_gmt":"2024-11-26T09:31:10","slug":"-14","status":"publish","type":"product","link":"https:\/\/cloudsupplyvapes.com\/fr\/product\/iget-mega-3000-puff-disposable-wholesale\/","title":{"rendered":"Iget Mega 3000 Puff Vape jetable en gros Design compact et adapt\u00e9 aux d\u00e9butants"},"content":{"rendered":"<p>Saveur :<br \/>\nBoisson \u00e9nerg\u00e9tique<br \/>\nGlace \u00e0 la m\u00fbre et \u00e0 la framboise<br \/>\nGlace aux myrtilles<br \/>\nCola \u00e0 la cerise<br \/>\nGlace de raisin<br \/>\nKiwi Grenade<br \/>\nGlace luxuriante<br \/>\nGlace \u00e0 la menthe<br \/>\nM\u00e9lange de fruits<br \/>\nFruit de la passion Mangue<br \/>\nP\u00eache Pomme<br \/>\nGlace au jus d'ananas<br \/>\nGlace \u00e0 la fraise et \u00e0 la banane<br \/>\nGlace \u00e0 la fraise et au kiwi<br \/>\nFraise Mangue<br \/>\nPast\u00e8que \u00e0 la fraise<\/p>\n<p>&nbsp;<\/p>\n<h5>Caract\u00e9ristiques :<\/h5>\n<ul>\n<li>- 1 x IGET Mega dispositif jetable<\/li>\n<li>- Pr\u00e9-rempli : 10mL Salt Nic<\/li>\n<li>- POIDS NET : 77g<\/li>\n<li>- Pr\u00e9charg\u00e9, il suffit de souffler sur l'appareil pour l'activer.<\/li>\n<li>- Nicotine sal\u00e9e : 5%, (50MG) Salt Nic \u00e0 l'int\u00e9rieur pour un effet de gorge pr\u00e9cis de type cigarette<\/li>\n<li>- Jusqu'\u00e0 3000+ bouff\u00e9es par jetable<\/li>\n<li>- Compact, l\u00e9ger et portable<\/li>\n<\/ul>","protected":false},"excerpt":{"rendered":"<p>Iget Mega 3000 Puff Disposable Vape Wholesale offre un design compact, une production de vapeur fluide et des performances constantes pour des sessions de vapotage rapides et agr\u00e9ables.<\/p>","protected":false},"featured_media":748,"comment_status":"open","ping_status":"closed","template":"","meta":[],"product_brand":[],"product_cat":[22],"product_tag":[64],"class_list":{"0":"post-687","1":"product","2":"type-product","3":"status-publish","4":"has-post-thumbnail","6":"product_cat-disposable-vape-sticks","7":"product_tag-iget","9":"first","10":"instock","11":"shipping-taxable","12":"purchasable","13":"product-type-simple"},"jetpack_sharing_enabled":true,"tiered_pricing_type":"fixed","tiered_pricing_fixed_rules":{"5000":9,"10000":8,"30000":7},"tiered_pricing_product_settings":{"layout":"default","base_unit_name":{"singular":null,"plural":null},"default_variation":null},"tiered_pricing_minimum_quantity":10,"tiered_pricing_roles_data":[],"tiered_pricing_percentage_rules":[],"tiered_pricing_maximum_quantity":null,"tiered_pricing_quantity_step":null,"_links":{"self":[{"href":"https:\/\/cloudsupplyvapes.com\/fr\/wp-json\/wp\/v2\/product\/687","targetHints":{"allow":["GET"]}}],"collection":[{"href":"https:\/\/cloudsupplyvapes.com\/fr\/wp-json\/wp\/v2\/product"}],"about":[{"href":"https:\/\/cloudsupplyvapes.com\/fr\/wp-json\/wp\/v2\/types\/product"}],"replies":[{"embeddable":true,"href":"https:\/\/cloudsupplyvapes.com\/fr\/wp-json\/wp\/v2\/comments?post=687"}],"wp:featuredmedia":[{"embeddable":true,"href":"https:\/\/cloudsupplyvapes.com\/fr\/wp-json\/wp\/v2\/media\/748"}],"wp:attachment":[{"href":"https:\/\/cloudsupplyvapes.com\/fr\/wp-json\/wp\/v2\/media?parent=687"}],"wp:term":[{"taxonomy":"product_brand","embeddable":true,"href":"https:\/\/cloudsupplyvapes.com\/fr\/wp-json\/wp\/v2\/product_brand?post=687"},{"taxonomy":"product_cat","embeddable":true,"href":"https:\/\/cloudsupplyvapes.com\/fr\/wp-json\/wp\/v2\/product_cat?post=687"},{"taxonomy":"product_tag","embeddable":true,"href":"https:\/\/cloudsupplyvapes.com\/fr\/wp-json\/wp\/v2\/product_tag?post=687"}],"curies":[{"name":"wp","href":"https:\/\/api.w.org\/{rel}","templated":true}]}}