{"id":688,"date":"2024-10-19T02:14:17","date_gmt":"2024-10-19T02:14:17","guid":{"rendered":"https:\/\/cloudsupplyvapes.com\/?post_type=product&#038;p=688"},"modified":"2024-11-26T09:31:22","modified_gmt":"2024-11-26T09:31:22","slug":"-15","status":"publish","type":"product","link":"https:\/\/cloudsupplyvapes.com\/fr\/product\/yuoto-shine-1500-puff-disposable-wholesale\/","title":{"rendered":"YUOTO Shine 1500 Puff Disposable Vape Wholesale Solution l\u00e9g\u00e8re et \u00e9conomique"},"content":{"rendered":"<p>Saveur :<\/p>\n<p>1. glace \u00e0 la p\u00eache<br \/>\n2. glace \u00e0 la mangue<br \/>\n3. glace luxuriante<br \/>\n4. Candy Crush<br \/>\n5. glace au raisin<br \/>\n6. glace \u00e0 la banane<br \/>\n7.barbe \u00e0 papa<br \/>\n8. fruits m\u00e9lang\u00e9s<br \/>\n9. banane glace \u00e0 la fraise<br \/>\n10.Skitles<br \/>\n11. chewing-gum<br \/>\n12.Menthe fra\u00eeche<br \/>\n13. boisson \u00e9nerg\u00e9tique<br \/>\n14.Blue razz ice<\/p>\n<p>&nbsp;<\/p>\n<p>Bouff\u00e9es:1500 Nicotine:5%<br \/>\nCapacit\u00e9 E-juice : 6.0ML Batterie : 1000mAh<\/p>\n<p>1pcs\/ 56g 10pcs\/pack 1pack\/595g 400pcs\/carton 25kg\/carton<br \/>\nTaille de la valise : 61CM*33CM*30CM<\/p>","protected":false},"excerpt":{"rendered":"<p>Le YUOTO Shine 1500 Puff Disposable Vape Wholesale se caract\u00e9rise par un design l\u00e9ger, un effet de gorge doux et un fonctionnement respectueux de l'environnement pour des exp\u00e9riences de vapotage rentables.<\/p>","protected":false},"featured_media":749,"comment_status":"open","ping_status":"closed","template":"","meta":[],"product_brand":[],"product_cat":[22],"product_tag":[],"class_list":{"0":"post-688","1":"product","2":"type-product","3":"status-publish","4":"has-post-thumbnail","6":"product_cat-disposable-vape-sticks","8":"first","9":"instock","10":"shipping-taxable","11":"purchasable","12":"product-type-simple"},"jetpack_sharing_enabled":true,"tiered_pricing_type":"fixed","tiered_pricing_fixed_rules":{"500":4.5,"10000":4.29999999999999982236431605997495353221893310546875,"30000":3.79999999999999982236431605997495353221893310546875},"tiered_pricing_product_settings":{"layout":"default","base_unit_name":{"singular":null,"plural":null},"default_variation":null},"tiered_pricing_minimum_quantity":100,"tiered_pricing_roles_data":[],"tiered_pricing_percentage_rules":[],"tiered_pricing_maximum_quantity":null,"tiered_pricing_quantity_step":null,"_links":{"self":[{"href":"https:\/\/cloudsupplyvapes.com\/fr\/wp-json\/wp\/v2\/product\/688","targetHints":{"allow":["GET"]}}],"collection":[{"href":"https:\/\/cloudsupplyvapes.com\/fr\/wp-json\/wp\/v2\/product"}],"about":[{"href":"https:\/\/cloudsupplyvapes.com\/fr\/wp-json\/wp\/v2\/types\/product"}],"replies":[{"embeddable":true,"href":"https:\/\/cloudsupplyvapes.com\/fr\/wp-json\/wp\/v2\/comments?post=688"}],"wp:featuredmedia":[{"embeddable":true,"href":"https:\/\/cloudsupplyvapes.com\/fr\/wp-json\/wp\/v2\/media\/749"}],"wp:attachment":[{"href":"https:\/\/cloudsupplyvapes.com\/fr\/wp-json\/wp\/v2\/media?parent=688"}],"wp:term":[{"taxonomy":"product_brand","embeddable":true,"href":"https:\/\/cloudsupplyvapes.com\/fr\/wp-json\/wp\/v2\/product_brand?post=688"},{"taxonomy":"product_cat","embeddable":true,"href":"https:\/\/cloudsupplyvapes.com\/fr\/wp-json\/wp\/v2\/product_cat?post=688"},{"taxonomy":"product_tag","embeddable":true,"href":"https:\/\/cloudsupplyvapes.com\/fr\/wp-json\/wp\/v2\/product_tag?post=688"}],"curies":[{"name":"wp","href":"https:\/\/api.w.org\/{rel}","templated":true}]}}