{"id":7104,"date":"2024-10-19T02:51:05","date_gmt":"2024-10-19T02:51:05","guid":{"rendered":"https:\/\/cloudsupplyvapes.com\/?post_type=product&#038;p=7104"},"modified":"2024-11-25T08:51:38","modified_gmt":"2024-11-25T08:51:38","slug":"-223","status":"publish","type":"product","link":"https:\/\/cloudsupplyvapes.com\/fr\/product\/al-fakher-crown-bar-crystal-9000-puffs-disposable-vape-wholesale\/","title":{"rendered":"AL FAKHER Crown Bar Crystal 9000 Puffs Vape jetable en gros Sleek Portable Design"},"content":{"rendered":"<h2>AL FAKHER Crown Bar Crystal 9000<\/h2>\n<ul class=\"top\">\n<li>Marque :\u00a0<b>AL FAKHER<\/b><\/li>\n<li>Unit\u00e9 : ensemble<\/li>\n<li>Type :\u00a0<b>Vape \u00e0 usage unique<\/b><\/li>\n<li>Poids net : 68(g)<\/li>\n<\/ul>\n<p>Les frais d'exp\u00e9dition combin\u00e9s seront calcul\u00e9s automatiquement par le syst\u00e8me une fois que vous aurez choisi la destination d'exp\u00e9dition \u00e0 l'\u00e9tape de la commande.<\/p>\n<div class=\"title\">AL FAKHER Crown Bar Crystal 9000 INTRODUCTION<\/div>\n<p><b>AL FAKHER Crown Bar Crystal 9000\u00a0<\/b>Il est livr\u00e9 avec 14ml de jus de vape pr\u00e9-rempli, une batterie rechargeable de 650mAh, un mesh coil, un \u00e9cran digital pour la batterie et le niveau de jus et peut produire environ 9000 bouff\u00e9es au total. Avec une grande capacit\u00e9 de jus, AL FAKHER Crystal 9000 peut offrir environ 9000 bouff\u00e9es comme d\u00e9crit. Une batterie puissante vous permet de ne pas avoir \u00e0 la recharger fr\u00e9quemment. Si vous vous inqui\u00e9tez de l'\u00e9tat de la batterie ou du niveau de jus, il vous suffit de consulter l'\u00e9cran num\u00e9rique. AL FAKHER Crown Bar Crystal 9000 rend votre vapotage pratique et facile.<\/p>\n<p class=\"second-title\">Caract\u00e9ristiques<\/p>\n<p>- 14mL E-Liquide pr\u00e9-rempli<\/p>\n<p>- 5%(50mg) Nicotine<\/p>\n<p>- Batterie rechargeable 650mAh<\/p>\n<p>- Environ 9000 bouff\u00e9es<\/p>\n<p>- Port Type-C<\/p>\n<p>- 1.0ohm Mesh Coil<\/p>\n<p>- Dessin activ\u00e9<\/p>\n<p>- MTL Vaping<\/p>\n<p>- \u00c9cran num\u00e9rique pour la batterie et l'e-liquide<\/p>","protected":false},"excerpt":{"rendered":"<p>The AL FAKHER Crown Bar Crystal 9000 Puffs Disposable Vape Wholesale boasts a sleek and portable design, offering smooth vapor and consistent performance for on-the-go vaping.<\/p>","protected":false},"featured_media":7330,"comment_status":"open","ping_status":"closed","template":"","meta":[],"product_brand":[],"product_cat":[22],"product_tag":[468],"class_list":{"0":"post-7104","1":"product","2":"type-product","3":"status-publish","4":"has-post-thumbnail","6":"product_cat-disposable-vape-sticks","7":"product_tag-al-fakher","9":"first","10":"instock","11":"shipping-taxable","12":"purchasable","13":"product-type-simple"},"jetpack_sharing_enabled":true,"tiered_pricing_type":"fixed","tiered_pricing_fixed_rules":{"1000":15,"10000":13,"50000":11},"tiered_pricing_product_settings":{"layout":"default","base_unit_name":{"singular":null,"plural":null},"default_variation":null},"tiered_pricing_minimum_quantity":100,"tiered_pricing_roles_data":[],"tiered_pricing_percentage_rules":[],"tiered_pricing_maximum_quantity":null,"tiered_pricing_quantity_step":null,"_links":{"self":[{"href":"https:\/\/cloudsupplyvapes.com\/fr\/wp-json\/wp\/v2\/product\/7104","targetHints":{"allow":["GET"]}}],"collection":[{"href":"https:\/\/cloudsupplyvapes.com\/fr\/wp-json\/wp\/v2\/product"}],"about":[{"href":"https:\/\/cloudsupplyvapes.com\/fr\/wp-json\/wp\/v2\/types\/product"}],"replies":[{"embeddable":true,"href":"https:\/\/cloudsupplyvapes.com\/fr\/wp-json\/wp\/v2\/comments?post=7104"}],"wp:featuredmedia":[{"embeddable":true,"href":"https:\/\/cloudsupplyvapes.com\/fr\/wp-json\/wp\/v2\/media\/7330"}],"wp:attachment":[{"href":"https:\/\/cloudsupplyvapes.com\/fr\/wp-json\/wp\/v2\/media?parent=7104"}],"wp:term":[{"taxonomy":"product_brand","embeddable":true,"href":"https:\/\/cloudsupplyvapes.com\/fr\/wp-json\/wp\/v2\/product_brand?post=7104"},{"taxonomy":"product_cat","embeddable":true,"href":"https:\/\/cloudsupplyvapes.com\/fr\/wp-json\/wp\/v2\/product_cat?post=7104"},{"taxonomy":"product_tag","embeddable":true,"href":"https:\/\/cloudsupplyvapes.com\/fr\/wp-json\/wp\/v2\/product_tag?post=7104"}],"curies":[{"name":"wp","href":"https:\/\/api.w.org\/{rel}","templated":true}]}}