{"id":7170,"date":"2024-10-19T02:51:26","date_gmt":"2024-10-19T02:51:26","guid":{"rendered":"https:\/\/cloudsupplyvapes.com\/?post_type=product&#038;p=7170"},"modified":"2024-11-25T08:51:27","modified_gmt":"2024-11-25T08:51:27","slug":"-224","status":"publish","type":"product","link":"https:\/\/cloudsupplyvapes.com\/fr\/product\/ijoy-captain-10000-puffs-disposable-vape-wholesale\/","title":{"rendered":"IJOY Captain 10000 Puffs Vape jetable Wholesale Rechargeable Leak Proof Design"},"content":{"rendered":"<h2>IJOY Captain 10000 Vape jetable<\/h2>\n<ul class=\"top\">\n<li style=\"list-style-type: none;\">\n<ul class=\"top\">\n<li>Marque :\u00a0<b>IJOY<\/b><\/li>\n<li>Unit\u00e9 : ensemble<\/li>\n<li>Type :\u00a0<b>Vape \u00e0 usage unique<\/b><\/li>\n<li>Poids net : 70(g)<\/li>\n<\/ul>\n<\/li>\n<\/ul>\n<p>Les frais d'exp\u00e9dition combin\u00e9s seront calcul\u00e9s automatiquement par le syst\u00e8me une fois que vous aurez choisi la destination d'exp\u00e9dition \u00e0 l'\u00e9tape de la commande.<\/p>\n<div class=\"title\">IJOY Captain 10000 Vape jetable INTRODUCTION<\/div>\n<p><b>IJOY Captain 10000 Vape jetable<\/b>\u00a0est livr\u00e9 avec 18ml de jus de vape pr\u00e9-rempli, une batterie rechargeable de 650mAh, un \u00e9cran d'affichage intelligent et peut vous fournir jusqu'\u00e0\u00a0<a href=\"https:\/\/vapesourcing.com\/10000-puffs.html\" target=\"_blank\" rel=\"noopener\">10000 bouff\u00e9es<\/a>\u00a0au total. Avec une poign\u00e9e en cuir, iJOY Captain est confortable \u00e0 tenir dans la main. Outre son aspect attrayant et \u00e0 la mode, il est \u00e9galement pratique. iJOY Captain est parfait pour le vapotage en d\u00e9placement sans recharge fr\u00e9quente. Il vous suffit de v\u00e9rifier de temps en temps l'\u00e9cran intelligent pour savoir si l'\u00e9nergie est \u00e9puis\u00e9e. Vous pouvez \u00e9galement passer du mode S (puissant\/pr\u00e9f\u00e9rable) au mode D (doux\/confortable). Il est temps d'abandonner les produits jetables p\u00e9rim\u00e9s et d'essayer iJOY Captain.<\/p>\n<p class=\"second-title\">Caract\u00e9ristiques<\/p>\n<p>- 18ml E-Liquide pr\u00e9-rempli<\/p>\n<p>- 5%(50mg) Teneur en nicotine<\/p>\n<p>- Chargement par USB Type-C (c\u00e2ble non inclus)<\/p>\n<p>- Environ 10000 bouff\u00e9es<\/p>\n<p>- Dessin activ\u00e9<\/p>\n<p>- Mode S\/D<\/p>\n<p>- \u00c9cran d'affichage du niveau de la batterie et du liquide<\/p>\n<p>- MTL Vaping<\/p>","protected":false},"excerpt":{"rendered":"<p>Le IJOY Captain 10000 Puffs Disposable Vape Wholesale combine une batterie rechargeable, un design \u00e9tanche et des mat\u00e9riaux de premi\u00e8re qualit\u00e9 pour un vapotage sans probl\u00e8me et de longue dur\u00e9e.<\/p>","protected":false},"featured_media":7364,"comment_status":"open","ping_status":"closed","template":"","meta":[],"product_brand":[],"product_cat":[22],"product_tag":[],"class_list":{"0":"post-7170","1":"product","2":"type-product","3":"status-publish","4":"has-post-thumbnail","6":"product_cat-disposable-vape-sticks","8":"first","9":"instock","10":"shipping-taxable","11":"purchasable","12":"product-type-simple"},"jetpack_sharing_enabled":true,"tiered_pricing_type":"fixed","tiered_pricing_fixed_rules":{"1000":16,"10000":14,"50000":12},"tiered_pricing_product_settings":{"layout":"default","base_unit_name":{"singular":null,"plural":null},"default_variation":null},"tiered_pricing_minimum_quantity":100,"tiered_pricing_roles_data":[],"tiered_pricing_percentage_rules":[],"tiered_pricing_maximum_quantity":null,"tiered_pricing_quantity_step":null,"_links":{"self":[{"href":"https:\/\/cloudsupplyvapes.com\/fr\/wp-json\/wp\/v2\/product\/7170","targetHints":{"allow":["GET"]}}],"collection":[{"href":"https:\/\/cloudsupplyvapes.com\/fr\/wp-json\/wp\/v2\/product"}],"about":[{"href":"https:\/\/cloudsupplyvapes.com\/fr\/wp-json\/wp\/v2\/types\/product"}],"replies":[{"embeddable":true,"href":"https:\/\/cloudsupplyvapes.com\/fr\/wp-json\/wp\/v2\/comments?post=7170"}],"wp:featuredmedia":[{"embeddable":true,"href":"https:\/\/cloudsupplyvapes.com\/fr\/wp-json\/wp\/v2\/media\/7364"}],"wp:attachment":[{"href":"https:\/\/cloudsupplyvapes.com\/fr\/wp-json\/wp\/v2\/media?parent=7170"}],"wp:term":[{"taxonomy":"product_brand","embeddable":true,"href":"https:\/\/cloudsupplyvapes.com\/fr\/wp-json\/wp\/v2\/product_brand?post=7170"},{"taxonomy":"product_cat","embeddable":true,"href":"https:\/\/cloudsupplyvapes.com\/fr\/wp-json\/wp\/v2\/product_cat?post=7170"},{"taxonomy":"product_tag","embeddable":true,"href":"https:\/\/cloudsupplyvapes.com\/fr\/wp-json\/wp\/v2\/product_tag?post=7170"}],"curies":[{"name":"wp","href":"https:\/\/api.w.org\/{rel}","templated":true}]}}