{"id":7171,"date":"2024-10-19T02:51:27","date_gmt":"2024-10-19T02:51:27","guid":{"rendered":"https:\/\/cloudsupplyvapes.com\/?post_type=product&#038;p=7171"},"modified":"2024-11-25T08:51:12","modified_gmt":"2024-11-25T08:51:12","slug":"-225","status":"publish","type":"product","link":"https:\/\/cloudsupplyvapes.com\/fr\/product\/ijoy-mars-cabin-6000-puffs-disposable-vape-wholesale\/","title":{"rendered":"IJOY Mars Cabin 6000 Puffs Vape jetable Wholesale Compact Long Lasting Vape"},"content":{"rendered":"<h2>IJOY Mars Cabin 6000 Vape jetable<\/h2>\n<ul class=\"top\">\n<li>Marque :\u00a0<b>IJOY<\/b><\/li>\n<li>Unit\u00e9 : ensemble<\/li>\n<li>Type :\u00a0<b>Vape \u00e0 usage unique<\/b><\/li>\n<li>Poids net : 68(g)<\/li>\n<\/ul>\n<p>Les frais d'exp\u00e9dition combin\u00e9s seront calcul\u00e9s automatiquement par le syst\u00e8me une fois que vous aurez choisi la destination d'exp\u00e9dition \u00e0 l'\u00e9tape de la commande.<\/p>\n<div class=\"title\">IJOY Mars Cabin 6000 Vape jetable INTRODUCTION<\/div>\n<p><b>IJOY Mars Cabin 6000 Vape jetable\u00a0<\/b>comprend une batterie rechargeable de 100mAh dans chaque kit jetable, un bo\u00eetier de charge de 1000mAh, 5ml de jus de vape pr\u00e9-rempli dans chaque kit et peut produire environ 6000 bouff\u00e9es au total. IJOY Mars Cabin n'est jamais \u00e9teint gr\u00e2ce \u00e0 son puissant bo\u00eetier de charge de 1000mAh. Il suffit de placer les vapes jetables dans la fente pour les recharger. Chaque paquet est livr\u00e9 avec deux kits \u00e9l\u00e9gants et portables qui offrent environ 6000 bouff\u00e9es au total. Vous en avez assez de trouver un c\u00e2ble de recharge pour votre vape jetable ? Essayez IJOY Mars Cabin pour une autre fa\u00e7on de recharger sans fil.<\/p>\n<p class=\"second-title\">Caract\u00e9ristiques<\/p>\n<p>- 10mL E-Liquide pr\u00e9-rempli<\/p>\n<p>- 5%(50mg) Teneur en nicotine<\/p>\n<p>- Capacit\u00e9 de la batterie du kit de vaporisation jetable : Rechargeable 100mAh<\/p>\n<p>- Nombre de bouff\u00e9es : Environ 6000 bouff\u00e9es<\/p>\n<p>- Bo\u00eetier de charge intelligent 1000mAh : Type-C rechargeable (c\u00e2ble non inclus)<\/p>\n<p>- Dessin activ\u00e9<\/p>\n<p>- MTL Vaping<\/p>\n<p>- 3-1 Affichage de l'\u00e9cran intelligent<\/p>","protected":false},"excerpt":{"rendered":"<p>Le IJOY Mars Cabin 6000 Puffs Disposable Vape Wholesale offre un design compact, une batterie longue dur\u00e9e et un d\u00e9bit de vapeur r\u00e9gulier pour une exp\u00e9rience de vapotage pratique et portable.<\/p>","protected":false},"featured_media":7370,"comment_status":"open","ping_status":"closed","template":"","meta":[],"product_brand":[],"product_cat":[22],"product_tag":[],"class_list":{"0":"post-7171","1":"product","2":"type-product","3":"status-publish","4":"has-post-thumbnail","6":"product_cat-disposable-vape-sticks","8":"first","9":"instock","10":"shipping-taxable","11":"purchasable","12":"product-type-simple"},"jetpack_sharing_enabled":true,"tiered_pricing_type":"fixed","tiered_pricing_fixed_rules":{"1000":12,"10000":10,"50000":8},"tiered_pricing_product_settings":{"layout":"default","base_unit_name":{"singular":null,"plural":null},"default_variation":null},"tiered_pricing_minimum_quantity":100,"tiered_pricing_roles_data":[],"tiered_pricing_percentage_rules":[],"tiered_pricing_maximum_quantity":null,"tiered_pricing_quantity_step":null,"_links":{"self":[{"href":"https:\/\/cloudsupplyvapes.com\/fr\/wp-json\/wp\/v2\/product\/7171","targetHints":{"allow":["GET"]}}],"collection":[{"href":"https:\/\/cloudsupplyvapes.com\/fr\/wp-json\/wp\/v2\/product"}],"about":[{"href":"https:\/\/cloudsupplyvapes.com\/fr\/wp-json\/wp\/v2\/types\/product"}],"replies":[{"embeddable":true,"href":"https:\/\/cloudsupplyvapes.com\/fr\/wp-json\/wp\/v2\/comments?post=7171"}],"wp:featuredmedia":[{"embeddable":true,"href":"https:\/\/cloudsupplyvapes.com\/fr\/wp-json\/wp\/v2\/media\/7370"}],"wp:attachment":[{"href":"https:\/\/cloudsupplyvapes.com\/fr\/wp-json\/wp\/v2\/media?parent=7171"}],"wp:term":[{"taxonomy":"product_brand","embeddable":true,"href":"https:\/\/cloudsupplyvapes.com\/fr\/wp-json\/wp\/v2\/product_brand?post=7171"},{"taxonomy":"product_cat","embeddable":true,"href":"https:\/\/cloudsupplyvapes.com\/fr\/wp-json\/wp\/v2\/product_cat?post=7171"},{"taxonomy":"product_tag","embeddable":true,"href":"https:\/\/cloudsupplyvapes.com\/fr\/wp-json\/wp\/v2\/product_tag?post=7171"}],"curies":[{"name":"wp","href":"https:\/\/api.w.org\/{rel}","templated":true}]}}