{"id":7336,"date":"2024-10-19T02:52:15","date_gmt":"2024-10-19T02:52:15","guid":{"rendered":"https:\/\/cloudsupplyvapes.com\/?post_type=product&#038;p=7336"},"modified":"2024-11-25T08:51:00","modified_gmt":"2024-11-25T08:51:00","slug":"-286","status":"publish","type":"product","link":"https:\/\/cloudsupplyvapes.com\/fr\/product\/bang-beach-20000-puff-disposable-vape-wholesale\/","title":{"rendered":"Bang Beach 20000 Puff Disposable Vape Wholesale High Capacity Durable Build"},"content":{"rendered":"<h2>Saveurs disponibles :<\/h2>\n<ol>\n<li>Glace aux trois baies<\/li>\n<li>Limonade rose<\/li>\n<li>Myrtille Framboise<\/li>\n<li>Baies m\u00e9lang\u00e9es<\/li>\n<li>Past\u00e8que \u00e0 la fraise<\/li>\n<li>Glace \u00e0 la fraise<\/li>\n<li>Glace de raisin<\/li>\n<li>P\u00eache Mangue<\/li>\n<li>Glace Blue Razz<\/li>\n<li>Pomme acide<\/li>\n<li>Glace \u00e0 la past\u00e8que<\/li>\n<li>Glace \u00e0 la p\u00eache<\/li>\n<\/ol>\n<h3>Bang Beach 20000 Vape jetable Sp\u00e9cifications<\/h3>\n<table>\n<thead>\n<tr>\n<th><strong>Fonctionnalit\u00e9<\/strong><\/th>\n<th><strong>Sp\u00e9cifications<\/strong><\/th>\n<\/tr>\n<\/thead>\n<tbody>\n<tr>\n<td>Capacit\u00e9 de la batterie<\/td>\n<td>650mAh<\/td>\n<\/tr>\n<tr>\n<td>Capacit\u00e9 en e-liquide<\/td>\n<td>35ml<\/td>\n<\/tr>\n<tr>\n<td>Intensit\u00e9 de la nicotine<\/td>\n<td>0%, 0,2%, 3%, 5% (par d\u00e9faut)<\/td>\n<\/tr>\n<tr>\n<td>Puffs<\/td>\n<td>Jusqu'\u00e0 25 000 bouff\u00e9es<\/td>\n<\/tr>\n<tr>\n<td>Poids de l'emballage<\/td>\n<td>21 kg\/200 pi\u00e8ces<\/td>\n<\/tr>\n<\/tbody>\n<\/table>\n<h3>Caract\u00e9ristiques principales :<\/h3>\n<ul>\n<li><strong>Vaste gamme d'ar\u00f4mes :<\/strong> Offre une vari\u00e9t\u00e9 de 12 saveurs d\u00e9licieuses, allant du sucr\u00e9 et du piquant au rafra\u00eechissant et au glac\u00e9, r\u00e9pondant ainsi \u00e0 diverses pr\u00e9f\u00e9rences gustatives.<\/li>\n<li><strong>Capacit\u00e9 extraordinaire d'e-liquide :<\/strong> Livr\u00e9 avec une g\u00e9n\u00e9reuse contenance de 35 ml d'e-liquide, il permet de prolonger les sessions de vapotage sans avoir \u00e0 le recharger fr\u00e9quemment.<\/li>\n<li><strong>Nombre de bouff\u00e9es \u00e9tendu :<\/strong> Con\u00e7u pour 25 000 bouff\u00e9es, il est parfait pour une utilisation durable et des performances constantes.<\/li>\n<li><strong>Teneurs en nicotine flexibles :<\/strong> Disponibles en diff\u00e9rentes concentrations de nicotine, ils conviennent aussi bien aux nouveaux utilisateurs qu'aux vapoteurs chevronn\u00e9s.<\/li>\n<li><strong>Alimentation \u00e9lectrique fiable :<\/strong> Aliment\u00e9 par une batterie robuste de 650mAh qui permet une utilisation intensive pendant toute la dur\u00e9e de vie de l'appareil.<\/li>\n<\/ul>\n<h3>Pourquoi choisir Bang Beach 20000 ?<\/h3>\n<p>Le Bang Beach 20000 est id\u00e9al pour les vapoteurs qui appr\u00e9cient une exp\u00e9rience de vapotage de grande capacit\u00e9 et riche en saveurs. Avec son grand volume d'e-liquide et son grand nombre de bouff\u00e9es, cette vape offre des performances et une satisfaction in\u00e9gal\u00e9es, garantissant que chaque session est aussi agr\u00e9able que la pr\u00e9c\u00e9dente.<\/p>","protected":false},"excerpt":{"rendered":"<p>Le Bang Beach 20000 Puff Disposable Vape Wholesale est dot\u00e9 d'une grande capacit\u00e9 et d'une construction durable, offrant des performances constantes et une vapeur douce pour des sessions de vapotage prolong\u00e9es.<\/p>","protected":false},"featured_media":8920,"comment_status":"open","ping_status":"closed","template":"","meta":[],"product_brand":[],"product_cat":[481,22],"product_tag":[31],"class_list":{"0":"post-7336","1":"product","2":"type-product","3":"status-publish","4":"has-post-thumbnail","6":"product_cat-bang","7":"product_cat-disposable-vape-sticks","8":"product_tag-bang","10":"first","11":"instock","12":"shipping-taxable","13":"purchasable","14":"product-type-simple"},"jetpack_sharing_enabled":true,"tiered_pricing_type":"fixed","tiered_pricing_fixed_rules":[],"tiered_pricing_product_settings":{"layout":"default","base_unit_name":{"singular":null,"plural":null},"default_variation":null},"tiered_pricing_minimum_quantity":30,"tiered_pricing_roles_data":[],"tiered_pricing_percentage_rules":[],"tiered_pricing_maximum_quantity":null,"tiered_pricing_quantity_step":"10","_links":{"self":[{"href":"https:\/\/cloudsupplyvapes.com\/fr\/wp-json\/wp\/v2\/product\/7336","targetHints":{"allow":["GET"]}}],"collection":[{"href":"https:\/\/cloudsupplyvapes.com\/fr\/wp-json\/wp\/v2\/product"}],"about":[{"href":"https:\/\/cloudsupplyvapes.com\/fr\/wp-json\/wp\/v2\/types\/product"}],"replies":[{"embeddable":true,"href":"https:\/\/cloudsupplyvapes.com\/fr\/wp-json\/wp\/v2\/comments?post=7336"}],"wp:featuredmedia":[{"embeddable":true,"href":"https:\/\/cloudsupplyvapes.com\/fr\/wp-json\/wp\/v2\/media\/8920"}],"wp:attachment":[{"href":"https:\/\/cloudsupplyvapes.com\/fr\/wp-json\/wp\/v2\/media?parent=7336"}],"wp:term":[{"taxonomy":"product_brand","embeddable":true,"href":"https:\/\/cloudsupplyvapes.com\/fr\/wp-json\/wp\/v2\/product_brand?post=7336"},{"taxonomy":"product_cat","embeddable":true,"href":"https:\/\/cloudsupplyvapes.com\/fr\/wp-json\/wp\/v2\/product_cat?post=7336"},{"taxonomy":"product_tag","embeddable":true,"href":"https:\/\/cloudsupplyvapes.com\/fr\/wp-json\/wp\/v2\/product_tag?post=7336"}],"curies":[{"name":"wp","href":"https:\/\/api.w.org\/{rel}","templated":true}]}}