{"id":7339,"date":"2024-10-19T02:52:16","date_gmt":"2024-10-19T02:52:16","guid":{"rendered":"https:\/\/cloudsupplyvapes.com\/?post_type=product&#038;p=7339"},"modified":"2024-11-25T08:27:57","modified_gmt":"2024-11-25T08:27:57","slug":"-226","status":"publish","type":"product","link":"https:\/\/cloudsupplyvapes.com\/fr\/product\/iget-hot-5500-puffs-disposable-vape-wholesale\/","title":{"rendered":"Iget Hot 5500 bouff\u00e9es Vape jetable en gros Design compact Utilisation sans tracas"},"content":{"rendered":"<div>IGET HOT, le dernier n\u00e9 de la gamme de produits jetables IGET Vape Avec une sensation de fra\u00eecheur et de glace dans la gorge, cet appareil offre une exp\u00e9rience de vapotage in\u00e9gal\u00e9e. L'IGET HOT est dot\u00e9 d'un corps m\u00e9tallique immacul\u00e9 et d'un embout ergonomique qui est \u00e0 la fois \u00e9l\u00e9gant et confortable \u00e0 utiliser. Fabriqu\u00e9 en aluminium de haute qualit\u00e9, cet appareil pr\u00e9serve les saveurs \u00e0 un niveau \u00e9lev\u00e9, garantissant que vous pouvez savourer chaque bouff\u00e9e. Avec plus de 5500 bouff\u00e9es.<\/div>\n<div><\/div>\n<div><strong>Caract\u00e9ristiques du produit :<\/strong><\/div>\n<div>Taille : 2828145<\/div>\n<div>Poids net : 65g<\/div>\n<div>R\u00e9sistance de la bobine : 1.4ohm<\/div>\n<div>5500 Puffs<\/div>\n<div>SS+PCTG<\/div>\n<div>16ml<\/div>\n<div>Facile \u00e0 utiliser<\/div>\n<div>Une gamme de saveurs d\u00e9licieuses<\/div>\n<div><\/div>\n<div><strong>Saveurs :<\/strong><\/div>\n<div>Alo\u00e8s Vera Glace de raisin<\/div>\n<div>Glace aux myrtilles<\/div>\n<div>Glace au cola et au citron vert<\/div>\n<div>Glace double pomme<\/div>\n<div>Glace de prune verte<\/div>\n<div>Glace \u00e0 la mangue<\/div>\n<div>Glace \u00e0 la mangue et au fruit de la passion<\/div>\n<div>Glace \u00e0 la menthe<\/div>\n<div>Glace \u00e0 la p\u00eache<\/div>\n<div>Glace \u00e0 la fraise<\/div>\n<div>Glace \u00e0 la fraise et au kiwi<\/div>\n<div>Glace \u00e0 la fraise et \u00e0 la past\u00e8que<\/div>\n<div>Glace \u00e0 la past\u00e8que<\/div>\n<div>Fraise Mangue<\/div>\n<div>M\u00fbre Grenade Cerise<\/div>\n<div>Banane glac\u00e9e<\/div>\n<div>Glace \u00e0 la m\u00fbre<\/div>\n<div>Soda \u00e0 l'orange<\/div>\n<div>Melon de miel Pomme<\/div>\n<div>Jus d'ananas<\/div>","protected":false},"excerpt":{"rendered":"<p>Iget Hot 5500 Puffs Disposable Vape Wholesale offre un design compact, un d\u00e9bit de vapeur constant et un fonctionnement sans probl\u00e8me, ce qui le rend id\u00e9al pour les d\u00e9butants et les utilisateurs exp\u00e9riment\u00e9s.<\/p>","protected":false},"featured_media":7473,"comment_status":"open","ping_status":"closed","template":"","meta":[],"product_brand":[],"product_cat":[22],"product_tag":[64],"class_list":{"0":"post-7339","1":"product","2":"type-product","3":"status-publish","4":"has-post-thumbnail","6":"product_cat-disposable-vape-sticks","7":"product_tag-iget","9":"first","10":"instock","11":"shipping-taxable","12":"purchasable","13":"product-type-simple"},"jetpack_sharing_enabled":true,"tiered_pricing_type":"fixed","tiered_pricing_fixed_rules":{"1000":15,"10000":13,"50000":11},"tiered_pricing_product_settings":{"layout":"default","base_unit_name":{"singular":null,"plural":null},"default_variation":null},"tiered_pricing_minimum_quantity":100,"tiered_pricing_roles_data":[],"tiered_pricing_percentage_rules":[],"tiered_pricing_maximum_quantity":null,"tiered_pricing_quantity_step":null,"_links":{"self":[{"href":"https:\/\/cloudsupplyvapes.com\/fr\/wp-json\/wp\/v2\/product\/7339","targetHints":{"allow":["GET"]}}],"collection":[{"href":"https:\/\/cloudsupplyvapes.com\/fr\/wp-json\/wp\/v2\/product"}],"about":[{"href":"https:\/\/cloudsupplyvapes.com\/fr\/wp-json\/wp\/v2\/types\/product"}],"replies":[{"embeddable":true,"href":"https:\/\/cloudsupplyvapes.com\/fr\/wp-json\/wp\/v2\/comments?post=7339"}],"wp:featuredmedia":[{"embeddable":true,"href":"https:\/\/cloudsupplyvapes.com\/fr\/wp-json\/wp\/v2\/media\/7473"}],"wp:attachment":[{"href":"https:\/\/cloudsupplyvapes.com\/fr\/wp-json\/wp\/v2\/media?parent=7339"}],"wp:term":[{"taxonomy":"product_brand","embeddable":true,"href":"https:\/\/cloudsupplyvapes.com\/fr\/wp-json\/wp\/v2\/product_brand?post=7339"},{"taxonomy":"product_cat","embeddable":true,"href":"https:\/\/cloudsupplyvapes.com\/fr\/wp-json\/wp\/v2\/product_cat?post=7339"},{"taxonomy":"product_tag","embeddable":true,"href":"https:\/\/cloudsupplyvapes.com\/fr\/wp-json\/wp\/v2\/product_tag?post=7339"}],"curies":[{"name":"wp","href":"https:\/\/api.w.org\/{rel}","templated":true}]}}