{"id":7341,"date":"2024-10-19T02:52:16","date_gmt":"2024-10-19T02:52:16","guid":{"rendered":"https:\/\/cloudsupplyvapes.com\/?post_type=product&#038;p=7341"},"modified":"2024-11-25T08:27:35","modified_gmt":"2024-11-25T08:27:35","slug":"-229","status":"publish","type":"product","link":"https:\/\/cloudsupplyvapes.com\/fr\/product\/al-fakher-crown-bar-8000-puffs-rechargeable-disposable-vape-wholesale\/","title":{"rendered":"Al Fakher Crown Bar 8000 Puffs Rechargeable Disposable Vape Wholesale Lightweight Portable Solution"},"content":{"rendered":"<p>Le dispositif jetable Al Fakher Crown Bar 8000 bouff\u00e9es est un dispositif de forme unique qui a du punch avec une batterie rechargeable USB-C de 600mAh, 18mL d'e-liquide d\u00e9lectable et vous durera 8000 bouff\u00e9es. L'Al Fakher Crown Bar produit de gros nuages et le logo est int\u00e9gr\u00e9 \u00e0 l'appareil, ce qui constitue un sujet int\u00e9ressant pour les discussions sociales. L'Al Fakher Crown Bar 8000 bouff\u00e9es vous durera plusieurs jours et se recharge facilement en d\u00e9placement.<\/p>\n<p><strong>Caract\u00e9ristiques :<\/strong><\/p>\n<p>Capacit\u00e9 : 18ml<br \/>\nTaux de nicotine : 5% (50mg)<br \/>\nCapacit\u00e9 de la batterie : USB-C rechargeable 600mAh<br \/>\nNombre de bouff\u00e9es : Environ 8000 bouff\u00e9es<br \/>\nDirectement au poumon (DTL)<br \/>\nBobine de maille<\/p>\n<p><strong>Saveurs :<\/strong><br \/>\nGlace aux baies<br \/>\nBaies de menthe<br \/>\nGlace au cassis<br \/>\nGomme \u00e0 la myrtille<br \/>\nLimonade Blue Razz<br \/>\nFiesta de cerises<br \/>\nRaisin Menthe<br \/>\nAr\u00f4me de gomme<br \/>\nGomme \u00e0 m\u00e2cher<br \/>\nMenthe citronn\u00e9e<br \/>\nR\u00eave lucide<br \/>\nGlace luxuriante<br \/>\nL'amour magique<br \/>\nGlace \u00e0 la mangue<br \/>\nMenthe<br \/>\nGlace \u00e0 la p\u00eache<br \/>\nPunch aux fraises<br \/>\nFruit de la passion sucr\u00e9<br \/>\nDeux pommes<br \/>\nFlash blanc<\/p>\n<p><a href=\"https:\/\/i0.wp.com\/shop.vape.hk\/wp-content\/uploads\/2024\/03\/%E5%BE%AE%E4%BF%A1%E5%9B%BE%E7%89%87_20240313163106.jpg?ssl=1\" target=\"_blank\" rel=\"noopener\"><img data-recalc-dims=\"1\" loading=\"lazy\" decoding=\"async\" class=\"alignnone size-full wp-image-128801\" src=\"https:\/\/i0.wp.com\/shop.vape.hk\/wp-content\/uploads\/2024\/03\/%E5%BE%AE%E4%BF%A1%E5%9B%BE%E7%89%87_20240313163106.jpg?resize=1020%2C1020&#038;ssl=1\" alt=\"Al Fakher Crown Bar 8000 Puffs Rechargeable Disposable Vape | Wholesale\" width=\"1020\" height=\"1020\" title=\"\"><\/a><\/p>","protected":false},"excerpt":{"rendered":"<p>Le Al Fakher Crown Bar 8000 Puffs Rechargeable Disposable Vape Wholesale offre une construction l\u00e9g\u00e8re, un design rechargeable et une production de vapeur douce pour un vapotage portable et fiable.<\/p>","protected":false},"featured_media":7489,"comment_status":"open","ping_status":"closed","template":"","meta":[],"product_brand":[],"product_cat":[22],"product_tag":[468],"class_list":{"0":"post-7341","1":"product","2":"type-product","3":"status-publish","4":"has-post-thumbnail","6":"product_cat-disposable-vape-sticks","7":"product_tag-al-fakher","9":"first","10":"instock","11":"shipping-taxable","12":"purchasable","13":"product-type-simple"},"jetpack_sharing_enabled":true,"tiered_pricing_type":"fixed","tiered_pricing_fixed_rules":{"1000":9,"10000":8.5,"50000":8},"tiered_pricing_product_settings":{"layout":"default","base_unit_name":{"singular":null,"plural":null},"default_variation":null},"tiered_pricing_minimum_quantity":100,"tiered_pricing_roles_data":[],"tiered_pricing_percentage_rules":[],"tiered_pricing_maximum_quantity":null,"tiered_pricing_quantity_step":null,"_links":{"self":[{"href":"https:\/\/cloudsupplyvapes.com\/fr\/wp-json\/wp\/v2\/product\/7341","targetHints":{"allow":["GET"]}}],"collection":[{"href":"https:\/\/cloudsupplyvapes.com\/fr\/wp-json\/wp\/v2\/product"}],"about":[{"href":"https:\/\/cloudsupplyvapes.com\/fr\/wp-json\/wp\/v2\/types\/product"}],"replies":[{"embeddable":true,"href":"https:\/\/cloudsupplyvapes.com\/fr\/wp-json\/wp\/v2\/comments?post=7341"}],"wp:featuredmedia":[{"embeddable":true,"href":"https:\/\/cloudsupplyvapes.com\/fr\/wp-json\/wp\/v2\/media\/7489"}],"wp:attachment":[{"href":"https:\/\/cloudsupplyvapes.com\/fr\/wp-json\/wp\/v2\/media?parent=7341"}],"wp:term":[{"taxonomy":"product_brand","embeddable":true,"href":"https:\/\/cloudsupplyvapes.com\/fr\/wp-json\/wp\/v2\/product_brand?post=7341"},{"taxonomy":"product_cat","embeddable":true,"href":"https:\/\/cloudsupplyvapes.com\/fr\/wp-json\/wp\/v2\/product_cat?post=7341"},{"taxonomy":"product_tag","embeddable":true,"href":"https:\/\/cloudsupplyvapes.com\/fr\/wp-json\/wp\/v2\/product_tag?post=7341"}],"curies":[{"name":"wp","href":"https:\/\/api.w.org\/{rel}","templated":true}]}}