{"id":7402,"date":"2024-10-19T02:52:39","date_gmt":"2024-10-19T02:52:39","guid":{"rendered":"https:\/\/cloudsupplyvapes.com\/?post_type=product&#038;p=7402"},"modified":"2024-11-25T08:26:48","modified_gmt":"2024-11-25T08:26:48","slug":"-232","status":"publish","type":"product","link":"https:\/\/cloudsupplyvapes.com\/fr\/product\/lost-mary-off-stamp-sw9000-9000-puffs-disposable-vape-wholesale\/","title":{"rendered":"Lost Mary Off-Stamp SW9000 9000 Puffs Vape jetable Wholesale Compact Design Rechargeable Vape"},"content":{"rendered":"<h2>Lost Mary Off-Stamp SW9000\u00a0Disposable Vape Kit<\/h2>\n<ul class=\"top\">\n<li>Marque :\u00a0<b>Off-Stamp<\/b><\/li>\n<li>Unit\u00e9 : ensemble<\/li>\n<li>Type :\u00a0<b>Vape \u00e0 usage unique<\/b><\/li>\n<li>Poids net : 70(g)<\/li>\n<\/ul>\n<p>Les frais d'exp\u00e9dition combin\u00e9s seront calcul\u00e9s automatiquement par le syst\u00e8me une fois que vous aurez choisi la destination d'exp\u00e9dition \u00e0 l'\u00e9tape de la commande.<\/p>\n<h3>Off-Stamp SW9000 by Lost Mary INTRODUCTION<\/h3>\n<p><b>Off-Stamp SW9000 Disposable Kit<\/b>\u00a0is composed of a replaceable pod and a rechargeable battery device, each bar can deliver up to 9000 puffs. SW9000 is powered by Lost Mary, which indicates both a cute look and a sugary flavor. It has a box-style design but has perfectly rounded edges, the pod has an integrated 200mAh battery, while its magnetically attachable device runs on an 800mAh battery. SW9000 vape can match different colored disposable pods and devices, each pod serves 9000 puffs of enjoyment. It operates a draw-activated mechanism, allowing you to change another one when finished.<\/p>\n<p class=\"second-title\">Caract\u00e9ristiques<\/p>\n<p>\u2022 1000mAh Combined Battery Power (200mAh for lone Disposable, 800mAh for Charging Device)<\/p>\n<p>\u2022 Magnetically Attachable Battery<\/p>\n<p>- 5%(50mg) Teneur en nicotine<\/p>\n<p>- Chargement par USB Type-C (c\u00e2ble non inclus)<\/p>\n<p>- Environ 9000 bouff\u00e9es<\/p>\n<p>- Dessin activ\u00e9<\/p>\n<p>- MTL Vaping<\/p>\n<p><a href=\"https:\/\/i0.wp.com\/shop.vape.hk\/wp-content\/uploads\/2024\/03\/Off-Stamp-SW9000-Disposable-Vape_011.jpg?ssl=1\" target=\"_blank\" rel=\"noopener\"><img data-recalc-dims=\"1\" loading=\"lazy\" decoding=\"async\" class=\"alignnone size-full wp-image-128862\" src=\"https:\/\/i0.wp.com\/shop.vape.hk\/wp-content\/uploads\/2024\/03\/Off-Stamp-SW9000-Disposable-Vape_011.jpg?resize=1020%2C763&#038;ssl=1\" alt=\"Lost Mary Off-Stamp SW9000 9000 Puffs Jetable Vape | Wholesale\" width=\"1020\" height=\"763\" title=\"\"><\/a> <a href=\"https:\/\/i0.wp.com\/shop.vape.hk\/wp-content\/uploads\/2024\/03\/Off-Stamp-SW9000-Disposable-Vape_02.jpg?ssl=1\" target=\"_blank\" rel=\"noopener\"><img data-recalc-dims=\"1\" loading=\"lazy\" decoding=\"async\" class=\"alignnone size-full wp-image-128861\" src=\"https:\/\/i0.wp.com\/shop.vape.hk\/wp-content\/uploads\/2024\/03\/Off-Stamp-SW9000-Disposable-Vape_02.jpg?resize=1020%2C549&#038;ssl=1\" alt=\"Lost Mary Off-Stamp SW9000 9000 Puffs Jetable Vape | Wholesale\" width=\"1020\" height=\"549\" title=\"\"><\/a><\/p>","protected":false},"excerpt":{"rendered":"<p>The Lost Mary Off-Stamp SW9000 9000 Puffs Disposable Vape Wholesale combines a compact design, rechargeable battery, and smooth vapor output for ultra-portable, consistent vaping.<\/p>","protected":false},"featured_media":7523,"comment_status":"open","ping_status":"closed","template":"","meta":[],"product_brand":[],"product_cat":[22],"product_tag":[],"class_list":{"0":"post-7402","1":"product","2":"type-product","3":"status-publish","4":"has-post-thumbnail","6":"product_cat-disposable-vape-sticks","8":"first","9":"instock","10":"shipping-taxable","11":"purchasable","12":"product-type-simple"},"jetpack_sharing_enabled":true,"tiered_pricing_type":"fixed","tiered_pricing_fixed_rules":{"1000":7,"10000":6,"50000":5},"tiered_pricing_product_settings":{"layout":"default","base_unit_name":{"singular":null,"plural":null},"default_variation":null},"tiered_pricing_minimum_quantity":100,"tiered_pricing_roles_data":[],"tiered_pricing_percentage_rules":[],"tiered_pricing_maximum_quantity":null,"tiered_pricing_quantity_step":null,"_links":{"self":[{"href":"https:\/\/cloudsupplyvapes.com\/fr\/wp-json\/wp\/v2\/product\/7402","targetHints":{"allow":["GET"]}}],"collection":[{"href":"https:\/\/cloudsupplyvapes.com\/fr\/wp-json\/wp\/v2\/product"}],"about":[{"href":"https:\/\/cloudsupplyvapes.com\/fr\/wp-json\/wp\/v2\/types\/product"}],"replies":[{"embeddable":true,"href":"https:\/\/cloudsupplyvapes.com\/fr\/wp-json\/wp\/v2\/comments?post=7402"}],"wp:featuredmedia":[{"embeddable":true,"href":"https:\/\/cloudsupplyvapes.com\/fr\/wp-json\/wp\/v2\/media\/7523"}],"wp:attachment":[{"href":"https:\/\/cloudsupplyvapes.com\/fr\/wp-json\/wp\/v2\/media?parent=7402"}],"wp:term":[{"taxonomy":"product_brand","embeddable":true,"href":"https:\/\/cloudsupplyvapes.com\/fr\/wp-json\/wp\/v2\/product_brand?post=7402"},{"taxonomy":"product_cat","embeddable":true,"href":"https:\/\/cloudsupplyvapes.com\/fr\/wp-json\/wp\/v2\/product_cat?post=7402"},{"taxonomy":"product_tag","embeddable":true,"href":"https:\/\/cloudsupplyvapes.com\/fr\/wp-json\/wp\/v2\/product_tag?post=7402"}],"curies":[{"name":"wp","href":"https:\/\/api.w.org\/{rel}","templated":true}]}}