{"id":7403,"date":"2024-10-19T02:52:39","date_gmt":"2024-10-19T02:52:39","guid":{"rendered":"https:\/\/cloudsupplyvapes.com\/?post_type=product&#038;p=7403"},"modified":"2024-11-25T08:26:30","modified_gmt":"2024-11-25T08:26:30","slug":"-233","status":"publish","type":"product","link":"https:\/\/cloudsupplyvapes.com\/fr\/product\/lost-mary-mt15000-turbo-15000-puffs-disposable-vape-wholesale\/","title":{"rendered":"Lost Mary MT15000 Turbo 15000 bouff\u00e9es Vape jetable en gros Haute capacit\u00e9 Airflow r\u00e9glable"},"content":{"rendered":"<h2>Lost Mary MT15000 Turbo<\/h2>\n<ul class=\"top\">\n<li>Marque :\u00a0<b>Marie perdue<\/b><\/li>\n<li>Unit\u00e9 : ensemble<\/li>\n<li>Type :\u00a0<b>Vape \u00e0 usage unique<\/b><\/li>\n<li>Poids net : 70(g)<\/li>\n<\/ul>\n<p>Les frais d'exp\u00e9dition combin\u00e9s seront calcul\u00e9s automatiquement par le syst\u00e8me une fois que vous aurez choisi la destination d'exp\u00e9dition \u00e0 l'\u00e9tape de la commande.<\/p>\n<h3 class=\"title\">Lost Mary MT15000 Turbo Kit INTRODUCTION<\/h3>\n<p><b>Lost Mary MT15000 Turbo Vape jetable<\/b>\u00a0Le MT15000 est dot\u00e9 d'un mode Turbo (plus gros nuage \u00e0 11W) et d'un mode Smooth (plus de bouff\u00e9es \u00e0 22W) commutables qui r\u00e9pondent \u00e0 diverses pr\u00e9f\u00e9rences. Offrant une capacit\u00e9 de 15 000 bouff\u00e9es, le MT15000 est dot\u00e9 d'un \u00e9cran indiquant l'\u00e9tat de la batterie et le niveau d'e-liquide. De plus, l'\u00e9dition thermique unique \u00e0 couleur changeante ajoute un \u00e9l\u00e9ment visuel captivant \u00e0 votre main. Utilisant un taux de nicotine de 5% (50mg) et un double coil mesh, incorporant sa batterie rechargeable de 600mAh, le MT15000 Turbo vape combine \u00e0 la fois la performance et le go\u00fbt.<\/p>\n<p class=\"second-title\">Caract\u00e9ristiques<\/p>\n<p>- Taille : 40 x 21 x 100mm<\/p>\n<p>- Jusqu'\u00e0 15 000 bouff\u00e9es<\/p>\n<p>- E-liquide pr\u00e9-rempli<\/p>\n<p>- 5%(50mg) Teneur en nicotine<\/p>\n<p>- Batterie rechargeable de 600mAh<\/p>\n<p>- Chargement USB Type-C (non inclus)<\/p>\n<p>- Dessin activ\u00e9<\/p>\n<p>- Bobine \u00e0 double maille<\/p>\n<p>- MTL Vaping<\/p>\n<p>- \u00c9cran pour batterie et e-liquide<\/p>\n<p>- Mode Turbo pour 7500 bouff\u00e9es - 22W<\/p>\n<p>- Mode lisse pour 15000 bouff\u00e9es - 11W<\/p>\n<p>- Disponible en \u00e9dition thermique \u00e0 couleurs changeantes<\/p>\n<p><a href=\"https:\/\/i0.wp.com\/shop.vape.hk\/wp-content\/uploads\/2024\/03\/us-Lost_Mary_MT15000_Turbo_Disposable_Vape_5__Nicotine-11.jpg?ssl=1\" target=\"_blank\" rel=\"noopener\"><img data-recalc-dims=\"1\" loading=\"lazy\" decoding=\"async\" class=\"alignnone size-full wp-image-128868\" src=\"https:\/\/i0.wp.com\/shop.vape.hk\/wp-content\/uploads\/2024\/03\/us-Lost_Mary_MT15000_Turbo_Disposable_Vape_5__Nicotine-11.jpg?resize=1020%2C693&#038;ssl=1\" alt=\"Lost Mary MT15000 Turbo 15000 bouff\u00e9es jetables Vape | Wholesale\" width=\"1020\" height=\"693\" title=\"\"><\/a> <a href=\"https:\/\/i0.wp.com\/shop.vape.hk\/wp-content\/uploads\/2024\/03\/us-Lost_Mary_MT15000_Turbo_Disposable_Vape-11.jpg?ssl=1\" target=\"_blank\" rel=\"noopener\"><img data-recalc-dims=\"1\" loading=\"lazy\" decoding=\"async\" class=\"alignnone size-full wp-image-128884\" src=\"https:\/\/i0.wp.com\/shop.vape.hk\/wp-content\/uploads\/2024\/03\/us-Lost_Mary_MT15000_Turbo_Disposable_Vape-11.jpg?resize=1020%2C683&#038;ssl=1\" alt=\"Lost Mary MT15000 Turbo 15000 bouff\u00e9es jetables Vape | Wholesale\" width=\"1020\" height=\"683\" title=\"\"><\/a><\/p>","protected":false},"excerpt":{"rendered":"<p>Lost Mary MT15000 Turbo 15000 Puffs Disposable Vape Wholesale offre un flux d'air r\u00e9glable, une grande capacit\u00e9 et un look \u00e9l\u00e9gant, ce qui en fait un choix de premier ordre pour des performances fiables.<\/p>","protected":false},"featured_media":7543,"comment_status":"open","ping_status":"closed","template":"","meta":[],"product_brand":[],"product_cat":[22],"product_tag":[],"class_list":{"0":"post-7403","1":"product","2":"type-product","3":"status-publish","4":"has-post-thumbnail","6":"product_cat-disposable-vape-sticks","8":"first","9":"instock","10":"shipping-taxable","11":"purchasable","12":"product-type-simple"},"jetpack_sharing_enabled":true,"tiered_pricing_type":"fixed","tiered_pricing_fixed_rules":{"1000":9,"10000":7,"50000":5},"tiered_pricing_product_settings":{"layout":"default","base_unit_name":{"singular":null,"plural":null},"default_variation":null},"tiered_pricing_minimum_quantity":100,"tiered_pricing_roles_data":[],"tiered_pricing_percentage_rules":[],"tiered_pricing_maximum_quantity":null,"tiered_pricing_quantity_step":null,"_links":{"self":[{"href":"https:\/\/cloudsupplyvapes.com\/fr\/wp-json\/wp\/v2\/product\/7403","targetHints":{"allow":["GET"]}}],"collection":[{"href":"https:\/\/cloudsupplyvapes.com\/fr\/wp-json\/wp\/v2\/product"}],"about":[{"href":"https:\/\/cloudsupplyvapes.com\/fr\/wp-json\/wp\/v2\/types\/product"}],"replies":[{"embeddable":true,"href":"https:\/\/cloudsupplyvapes.com\/fr\/wp-json\/wp\/v2\/comments?post=7403"}],"wp:featuredmedia":[{"embeddable":true,"href":"https:\/\/cloudsupplyvapes.com\/fr\/wp-json\/wp\/v2\/media\/7543"}],"wp:attachment":[{"href":"https:\/\/cloudsupplyvapes.com\/fr\/wp-json\/wp\/v2\/media?parent=7403"}],"wp:term":[{"taxonomy":"product_brand","embeddable":true,"href":"https:\/\/cloudsupplyvapes.com\/fr\/wp-json\/wp\/v2\/product_brand?post=7403"},{"taxonomy":"product_cat","embeddable":true,"href":"https:\/\/cloudsupplyvapes.com\/fr\/wp-json\/wp\/v2\/product_cat?post=7403"},{"taxonomy":"product_tag","embeddable":true,"href":"https:\/\/cloudsupplyvapes.com\/fr\/wp-json\/wp\/v2\/product_tag?post=7403"}],"curies":[{"name":"wp","href":"https:\/\/api.w.org\/{rel}","templated":true}]}}