{"id":7407,"date":"2024-10-19T02:52:40","date_gmt":"2024-10-19T02:52:40","guid":{"rendered":"https:\/\/cloudsupplyvapes.com\/?post_type=product&#038;p=7407"},"modified":"2024-11-25T08:26:13","modified_gmt":"2024-11-25T08:26:13","slug":"-234","status":"publish","type":"product","link":"https:\/\/cloudsupplyvapes.com\/fr\/product\/icrystal-c10000-10000-puffs-rechargeable-disposable-vape-wholesale\/","title":{"rendered":"Icrystal C10000 10000 Puffs Rechargeable Disposable Vape Wholesale Leak Proof Long Battery Life"},"content":{"rendered":"<h2>Icrystal C10000\u00a0Disposable Vape<\/h2>\n<ul class=\"top\">\n<li>Marque :\u00a0<b>Icrystal<\/b><\/li>\n<li>Unit\u00e9 : ensemble<\/li>\n<li>Type :\u00a0<b>Vape \u00e0 usage unique<\/b><\/li>\n<li>Poids net : 68(g)<\/li>\n<\/ul>\n<p>Les frais d'exp\u00e9dition combin\u00e9s seront calcul\u00e9s automatiquement par le syst\u00e8me une fois que vous aurez choisi la destination d'exp\u00e9dition \u00e0 l'\u00e9tape de la commande.<\/p>\n<div class=\"title\">Icrystal C10000 Disposable Vape INTRODUCTION<\/div>\n<p><b>Icrystal C10000 Disposable Vape\u00a0<\/b>comes with a 650mAh rechargeable battery, 18ml pre-filled vape juice, a 1.0ohm mesh coil, a display screen for battery and e-juice and can provide about 10000 puffs. Icrystal adopts a crystal-like transparent enclosure. It can hold 18ml e-juice and a 650mAh battery. The mesh coil brings out the natural and unique taste of the e-juice. You can adjust the airflow with the switch at the bottom. And it&#8217;s easy to check the status of the disposable vape via a display screen. Moreover, C10000 is safe to use thanks to the chipset that offers protection.<\/p>\n<p class=\"second-title\">Caract\u00e9ristiques<\/p>\n<p>- 18ml E-Liquide pr\u00e9-rempli<\/p>\n<p>- 5%(50mg) Nicotine<\/p>\n<p>- Batterie rechargeable 650mAh<\/p>\n<p>- Environ 10000 bouff\u00e9es<\/p>\n<p>- \u00c9cran d'affichage de l'\u00e9tat de la batterie et du niveau d'e-juice<\/p>\n<p>- 1.0ohm Mesh Coil<\/p>\n<p>\u2022 Airflow Adjustment Switch at the bottom<\/p>\n<p>\u2022 AirisTech Chipset: Overcharge\/Short-circuit\/Low Voltage Protection<\/p>\n<p>- Port Type-C (c\u00e2ble non inclus)<\/p>\n<p>&nbsp;<\/p>\n<p>- Dessin activ\u00e9<\/p>\n<p>- MTL Vaping<\/p>","protected":false},"excerpt":{"rendered":"<p>The Icrystal C10000 10000 Puffs Rechargeable Disposable Vape Wholesale boasts a leak-proof design, long-lasting battery, and a lightweight, rechargeable build for efficient vaping.<\/p>","protected":false},"featured_media":7583,"comment_status":"open","ping_status":"closed","template":"","meta":[],"product_brand":[],"product_cat":[22],"product_tag":[],"class_list":{"0":"post-7407","1":"product","2":"type-product","3":"status-publish","4":"has-post-thumbnail","6":"product_cat-disposable-vape-sticks","8":"first","9":"instock","10":"shipping-taxable","11":"purchasable","12":"product-type-simple"},"jetpack_sharing_enabled":true,"tiered_pricing_type":"fixed","tiered_pricing_fixed_rules":{"1000":10,"10000":9,"50000":8},"tiered_pricing_product_settings":{"layout":"default","base_unit_name":{"singular":null,"plural":null},"default_variation":null},"tiered_pricing_minimum_quantity":100,"tiered_pricing_roles_data":[],"tiered_pricing_percentage_rules":[],"tiered_pricing_maximum_quantity":null,"tiered_pricing_quantity_step":null,"_links":{"self":[{"href":"https:\/\/cloudsupplyvapes.com\/fr\/wp-json\/wp\/v2\/product\/7407","targetHints":{"allow":["GET"]}}],"collection":[{"href":"https:\/\/cloudsupplyvapes.com\/fr\/wp-json\/wp\/v2\/product"}],"about":[{"href":"https:\/\/cloudsupplyvapes.com\/fr\/wp-json\/wp\/v2\/types\/product"}],"replies":[{"embeddable":true,"href":"https:\/\/cloudsupplyvapes.com\/fr\/wp-json\/wp\/v2\/comments?post=7407"}],"wp:featuredmedia":[{"embeddable":true,"href":"https:\/\/cloudsupplyvapes.com\/fr\/wp-json\/wp\/v2\/media\/7583"}],"wp:attachment":[{"href":"https:\/\/cloudsupplyvapes.com\/fr\/wp-json\/wp\/v2\/media?parent=7407"}],"wp:term":[{"taxonomy":"product_brand","embeddable":true,"href":"https:\/\/cloudsupplyvapes.com\/fr\/wp-json\/wp\/v2\/product_brand?post=7407"},{"taxonomy":"product_cat","embeddable":true,"href":"https:\/\/cloudsupplyvapes.com\/fr\/wp-json\/wp\/v2\/product_cat?post=7407"},{"taxonomy":"product_tag","embeddable":true,"href":"https:\/\/cloudsupplyvapes.com\/fr\/wp-json\/wp\/v2\/product_tag?post=7407"}],"curies":[{"name":"wp","href":"https:\/\/api.w.org\/{rel}","templated":true}]}}