{"id":741,"date":"2024-10-19T02:14:43","date_gmt":"2024-10-19T02:14:43","guid":{"rendered":"https:\/\/cloudsupplyvapes.com\/?post_type=product&#038;p=741"},"modified":"2024-11-26T09:30:32","modified_gmt":"2024-11-26T09:30:32","slug":"-16","status":"publish","type":"product","link":"https:\/\/cloudsupplyvapes.com\/fr\/product\/hzko-idol-pro-2800-puff-disposabele-wholesale\/","title":{"rendered":"HZKO Idol Pro 2800 Puff Disposable Vape Wholesale Lightweight High-Performance Build"},"content":{"rendered":"<p><strong>Fonctionnalit\u00e9 :<\/strong><\/p>\n<p>Liquide:9ml<\/p>\n<p>Batterie : 1500mAh<\/p>\n<p>R\u00e9sistance de la bobine:Production<\/p>\n<p>Date : voir l'emballage<\/p>\n<p>P\u00e9riode de garantie : 2 ans<\/p>\n<p>Emballage : 1 pi\u00e8ce<\/p>\n<p>Jusqu'\u00e0 2800 bouff\u00e9es<\/p>\n<p>Poids:KG(400 par carton)<\/p>\n<p>Sel nic:5%(optionnel)<\/p>\n<p><strong>saveur :<\/strong><\/p>\n<p>1. fraise past\u00e8que kiwi<\/p>\n<p>2. myrtille<\/p>\n<p>3. baies noires<\/p>\n<p>4. fruit de la passion mangue<\/p>\n<p>5. glace au raisin<\/p>\n<p>6. glace \u00e0 la mangue<\/p>\n<p>7. glace luxuriante<\/p>\n<p>8. glace \u00e0 la p\u00eache<\/p>\n<p>9. kiwi<\/p>\n<p>10. glace \u00e0 l'ananas<\/p>\n<p>11.Glace de pomme<\/p>\n<p>12. fruit de la passion<\/p>\n<p>13. pamplemousse<\/p>\n<p>14. chewing-gum<\/p>\n<p>15.blue razz lemon<\/p>\n<p>16.FRUITS MIXTES<\/p>\n<p>17.tabac caramel<\/p>\n<p>18.boisson \u00e9nerg\u00e9tique pomme kiwi<\/p>\n<p>19.double pomme<\/p>\n<p>20.cassis<\/p>","protected":false},"excerpt":{"rendered":"<p>HZKO Idol Pro 2800 Puff Disposable Vape Wholesale se caract\u00e9rise par un design l\u00e9ger et performant pour un d\u00e9bit de vapeur r\u00e9gulier et une utilisation pratique et conviviale pour les d\u00e9butants.<\/p>","protected":false},"featured_media":771,"comment_status":"open","ping_status":"closed","template":"","meta":[],"product_brand":[],"product_cat":[22],"product_tag":[],"class_list":{"0":"post-741","1":"product","2":"type-product","3":"status-publish","4":"has-post-thumbnail","6":"product_cat-disposable-vape-sticks","8":"first","9":"instock","10":"shipping-taxable","11":"purchasable","12":"product-type-simple"},"jetpack_sharing_enabled":true,"tiered_pricing_type":"fixed","tiered_pricing_fixed_rules":{"1000":6.5,"10000":5.79999999999999982236431605997495353221893310546875,"30000":4.79999999999999982236431605997495353221893310546875},"tiered_pricing_product_settings":{"layout":"default","base_unit_name":{"singular":null,"plural":null},"default_variation":null},"tiered_pricing_minimum_quantity":100,"tiered_pricing_roles_data":[],"tiered_pricing_percentage_rules":[],"tiered_pricing_maximum_quantity":null,"tiered_pricing_quantity_step":null,"_links":{"self":[{"href":"https:\/\/cloudsupplyvapes.com\/fr\/wp-json\/wp\/v2\/product\/741","targetHints":{"allow":["GET"]}}],"collection":[{"href":"https:\/\/cloudsupplyvapes.com\/fr\/wp-json\/wp\/v2\/product"}],"about":[{"href":"https:\/\/cloudsupplyvapes.com\/fr\/wp-json\/wp\/v2\/types\/product"}],"replies":[{"embeddable":true,"href":"https:\/\/cloudsupplyvapes.com\/fr\/wp-json\/wp\/v2\/comments?post=741"}],"wp:featuredmedia":[{"embeddable":true,"href":"https:\/\/cloudsupplyvapes.com\/fr\/wp-json\/wp\/v2\/media\/771"}],"wp:attachment":[{"href":"https:\/\/cloudsupplyvapes.com\/fr\/wp-json\/wp\/v2\/media?parent=741"}],"wp:term":[{"taxonomy":"product_brand","embeddable":true,"href":"https:\/\/cloudsupplyvapes.com\/fr\/wp-json\/wp\/v2\/product_brand?post=741"},{"taxonomy":"product_cat","embeddable":true,"href":"https:\/\/cloudsupplyvapes.com\/fr\/wp-json\/wp\/v2\/product_cat?post=741"},{"taxonomy":"product_tag","embeddable":true,"href":"https:\/\/cloudsupplyvapes.com\/fr\/wp-json\/wp\/v2\/product_tag?post=741"}],"curies":[{"name":"wp","href":"https:\/\/api.w.org\/{rel}","templated":true}]}}