{"id":744,"date":"2024-10-19T02:14:44","date_gmt":"2024-10-19T02:14:44","guid":{"rendered":"https:\/\/cloudsupplyvapes.com\/?post_type=product&#038;p=744"},"modified":"2024-11-26T09:25:50","modified_gmt":"2024-11-26T09:25:50","slug":"-17","status":"publish","type":"product","link":"https:\/\/cloudsupplyvapes.com\/fr\/product\/hzko-idol-pro-2800-puff-disposable-wholesale\/","title":{"rendered":"HZKO Idol Pro 2800 Puff Disposable Vape Wholesale Durable Hassle-Free Design"},"content":{"rendered":"<p>Saveur :<\/p>\n<p>1. fraise past\u00e8que kiwi<br \/>\n2. myrtille<br \/>\n3. baies noires<br \/>\n4. fruit de la passion mangue<br \/>\n5. glace au raisin<br \/>\n6. glace \u00e0 la mangue<br \/>\n7. glace luxuriante<br \/>\n8. glace \u00e0 la p\u00eache<br \/>\n9. kiwi<br \/>\n10. glace \u00e0 l'ananas<br \/>\n11.Glace de pomme<br \/>\n12. fruit de la passion<br \/>\n13. pamplemousse<br \/>\n14. chewing-gum<br \/>\n15.Blue razz lemon<br \/>\n16.FRUITS MIXTES<br \/>\n17. tabac caramel<br \/>\n18.boisson \u00e9nerg\u00e9tique pomme kiwi<br \/>\n19.Double pomme<br \/>\n20. cassis<\/p>","protected":false},"excerpt":{"rendered":"<p>Le HZKO Idol Pro 2800 Puff Disposable Vape Wholesale combine un design durable, des effets de gorge doux et un fonctionnement sans probl\u00e8me pour des exp\u00e9riences de vapotage de premi\u00e8re qualit\u00e9.<\/p>","protected":false},"featured_media":774,"comment_status":"open","ping_status":"closed","template":"","meta":[],"product_brand":[],"product_cat":[22],"product_tag":[],"class_list":{"0":"post-744","1":"product","2":"type-product","3":"status-publish","4":"has-post-thumbnail","6":"product_cat-disposable-vape-sticks","8":"first","9":"instock","10":"shipping-taxable","11":"purchasable","12":"product-type-simple"},"jetpack_sharing_enabled":true,"tiered_pricing_type":"fixed","tiered_pricing_fixed_rules":{"1000":6.5,"10000":5.5,"30000":4.5},"tiered_pricing_product_settings":{"layout":"default","base_unit_name":{"singular":null,"plural":null},"default_variation":null},"tiered_pricing_minimum_quantity":100,"tiered_pricing_roles_data":[],"tiered_pricing_percentage_rules":[],"tiered_pricing_maximum_quantity":null,"tiered_pricing_quantity_step":null,"_links":{"self":[{"href":"https:\/\/cloudsupplyvapes.com\/fr\/wp-json\/wp\/v2\/product\/744","targetHints":{"allow":["GET"]}}],"collection":[{"href":"https:\/\/cloudsupplyvapes.com\/fr\/wp-json\/wp\/v2\/product"}],"about":[{"href":"https:\/\/cloudsupplyvapes.com\/fr\/wp-json\/wp\/v2\/types\/product"}],"replies":[{"embeddable":true,"href":"https:\/\/cloudsupplyvapes.com\/fr\/wp-json\/wp\/v2\/comments?post=744"}],"wp:featuredmedia":[{"embeddable":true,"href":"https:\/\/cloudsupplyvapes.com\/fr\/wp-json\/wp\/v2\/media\/774"}],"wp:attachment":[{"href":"https:\/\/cloudsupplyvapes.com\/fr\/wp-json\/wp\/v2\/media?parent=744"}],"wp:term":[{"taxonomy":"product_brand","embeddable":true,"href":"https:\/\/cloudsupplyvapes.com\/fr\/wp-json\/wp\/v2\/product_brand?post=744"},{"taxonomy":"product_cat","embeddable":true,"href":"https:\/\/cloudsupplyvapes.com\/fr\/wp-json\/wp\/v2\/product_cat?post=744"},{"taxonomy":"product_tag","embeddable":true,"href":"https:\/\/cloudsupplyvapes.com\/fr\/wp-json\/wp\/v2\/product_tag?post=744"}],"curies":[{"name":"wp","href":"https:\/\/api.w.org\/{rel}","templated":true}]}}