{"id":746,"date":"2024-10-19T02:14:44","date_gmt":"2024-10-19T02:14:44","guid":{"rendered":"https:\/\/cloudsupplyvapes.com\/?post_type=product&#038;p=746"},"modified":"2024-11-26T09:30:21","modified_gmt":"2024-11-26T09:30:21","slug":"-19","status":"publish","type":"product","link":"https:\/\/cloudsupplyvapes.com\/fr\/product\/hzko-idol-pro2-5500-puff-disposable-wholesale\/","title":{"rendered":"HZKO Idol Pro2 5500 Puff Disposable Vape Wholesale Compact Rechargeable Design"},"content":{"rendered":"<p>Liquide:15ML<\/p>\n<p>TAILLE : 125*25MM<\/p>\n<p>Batterie:650mAh Micro USE<\/p>\n<p>R\u00e9sistance de la bobine : 1.2ohm Mesh<\/p>\n<p>Date de production :voir emballage<\/p>\n<p>Emballage : 1 pi\u00e8ce<\/p>\n<p>Sel nic :5%(optionnel)<\/p>\n<p>Mati\u00e8re : AI+PC<\/p>\n<p>USB:Type-C<\/p>\n<p>&nbsp;<\/p>\n<p>Saveur :<\/p>\n<p>1. fruits m\u00e9lang\u00e9s<\/p>\n<p>2. le chewing-gum<\/p>\n<p>3. glace au raisin<\/p>\n<p>4.Double pomme<\/p>\n<p>5.Glace de p\u00eache<\/p>\n<p>6. fruit de la passion<\/p>\n<p>7. fruit de la passion mangue<\/p>\n<p>8. glace \u00e0 l'ananas<\/p>\n<p>9. fraise past\u00e8que kiwi<\/p>\n<p>10. boisson \u00e9nerg\u00e9tique pomme kiwi<\/p>","protected":false},"excerpt":{"rendered":"<p>HZKO Idol Pro2 5500 Puff Disposable Vape Wholesale offre un design compact et rechargeable avec un d\u00e9bit de vapeur r\u00e9gulier et un fonctionnement sans probl\u00e8me pour des exp\u00e9riences de vapotage constantes et satisfaisantes.<\/p>","protected":false},"featured_media":803,"comment_status":"open","ping_status":"closed","template":"","meta":[],"product_brand":[],"product_cat":[22],"product_tag":[],"class_list":{"0":"post-746","1":"product","2":"type-product","3":"status-publish","4":"has-post-thumbnail","6":"product_cat-disposable-vape-sticks","8":"first","9":"instock","10":"shipping-taxable","11":"purchasable","12":"product-type-simple"},"jetpack_sharing_enabled":true,"tiered_pricing_type":"fixed","tiered_pricing_fixed_rules":{"1000":8,"10000":7,"30000":6},"tiered_pricing_product_settings":{"layout":"default","base_unit_name":{"singular":null,"plural":null},"default_variation":null},"tiered_pricing_minimum_quantity":60,"tiered_pricing_roles_data":[],"tiered_pricing_percentage_rules":[],"tiered_pricing_maximum_quantity":null,"tiered_pricing_quantity_step":null,"_links":{"self":[{"href":"https:\/\/cloudsupplyvapes.com\/fr\/wp-json\/wp\/v2\/product\/746","targetHints":{"allow":["GET"]}}],"collection":[{"href":"https:\/\/cloudsupplyvapes.com\/fr\/wp-json\/wp\/v2\/product"}],"about":[{"href":"https:\/\/cloudsupplyvapes.com\/fr\/wp-json\/wp\/v2\/types\/product"}],"replies":[{"embeddable":true,"href":"https:\/\/cloudsupplyvapes.com\/fr\/wp-json\/wp\/v2\/comments?post=746"}],"wp:featuredmedia":[{"embeddable":true,"href":"https:\/\/cloudsupplyvapes.com\/fr\/wp-json\/wp\/v2\/media\/803"}],"wp:attachment":[{"href":"https:\/\/cloudsupplyvapes.com\/fr\/wp-json\/wp\/v2\/media?parent=746"}],"wp:term":[{"taxonomy":"product_brand","embeddable":true,"href":"https:\/\/cloudsupplyvapes.com\/fr\/wp-json\/wp\/v2\/product_brand?post=746"},{"taxonomy":"product_cat","embeddable":true,"href":"https:\/\/cloudsupplyvapes.com\/fr\/wp-json\/wp\/v2\/product_cat?post=746"},{"taxonomy":"product_tag","embeddable":true,"href":"https:\/\/cloudsupplyvapes.com\/fr\/wp-json\/wp\/v2\/product_tag?post=746"}],"curies":[{"name":"wp","href":"https:\/\/api.w.org\/{rel}","templated":true}]}}