{"id":7462,"date":"2024-10-19T02:53:01","date_gmt":"2024-10-19T02:53:01","guid":{"rendered":"https:\/\/cloudsupplyvapes.com\/?post_type=product&#038;p=7462"},"modified":"2024-11-25T08:26:02","modified_gmt":"2024-11-25T08:26:02","slug":"-235","status":"publish","type":"product","link":"https:\/\/cloudsupplyvapes.com\/fr\/product\/luffbar-dually-20000-puffs-disposable-vape-wholesale\/","title":{"rendered":"LUFFBAR Dually 20000 Puffs Vape jetable en gros Dual Mesh Coil Portable Design"},"content":{"rendered":"<h2>LUFFBAR Dually 20000 Kit de vaporisation jetable<\/h2>\n<ul class=\"top\">\n<li>Marque :\u00a0<b>LUFFBAR<\/b><\/li>\n<li>Unit\u00e9 : ensemble<\/li>\n<li>Type :\u00a0<b>Vape \u00e0 usage unique<\/b><\/li>\n<li>Poids net : 70(g)<\/li>\n<\/ul>\n<p>Les frais d'exp\u00e9dition combin\u00e9s seront calcul\u00e9s automatiquement par le syst\u00e8me une fois que vous aurez choisi la destination d'exp\u00e9dition \u00e0 l'\u00e9tape de la commande.<\/p>\n<h3 class=\"title\">LUFFBAR Dually 20K Vape jetable INTRODUCTION<\/h3>\n<p><b>LUFFBAR Dually 20000 Kit \u00e0 usage unique<\/b>\u00a0est une incroyable vape jetable avec le plus grand nombre de bouff\u00e9es, satisfaisant environ 20000 bouff\u00e9es avec deux r\u00e9servoirs de 26ml d'e-juice, deux doubles coils mesh et deux \u00e9crans d'affichage LED intelligents. LUFFBAR Dually 20K est un kit jetable extr\u00eamement durable gr\u00e2ce \u00e0 la grande capacit\u00e9 des deux r\u00e9servoirs et \u00e0 une magnifique batterie rechargeable de 850mAh. Lorsque l'un des r\u00e9servoirs est \u00e9puis\u00e9, vous pouvez tirer l'embout vers le haut et passer \u00e0 l'autre c\u00f4t\u00e9 en toute simplicit\u00e9. LUFFBAR Dually, la vape jetable king-size r\u00e9pondra \u00e0 tous vos besoins.<\/p>\n<p class=\"second-title\">Caract\u00e9ristiques<\/p>\n<p>- Batterie int\u00e9gr\u00e9e rechargeable de 850mAh<\/p>\n<p>- E-liquide pr\u00e9-rempli de 26ml (13ml d'e-juice dans chaque r\u00e9servoir)<\/p>\n<p>- 5% Intensit\u00e9 de la nicotine<\/p>\n<p>- Deux \u00e9crans LED : \u00c9cran d'affichage gauche\/droite<\/p>\n<p>- Environ 20000 bouff\u00e9es<\/p>\n<p>- Changement facile : Tirer vers le haut et tourner vers l'autre r\u00e9servoir<\/p>\n<p>- 4 bobines en maille (deux bobines en maille de chaque c\u00f4t\u00e9)<\/p>\n<p>- Port de charge USB de type C (c\u00e2ble non inclus)<\/p>\n<p>- Dessin activ\u00e9<\/p>\n<p>- MTL Vaping<\/p>\n<p>&nbsp;<\/p>\n<div class=\"title\"><strong>Saveur\uff1a<\/strong><\/div>\n<p>- Glace Blue Razz<\/p>\n<p>- Fraise Framboise<\/p>\n<p>- Glace \u00e0 la fraise<\/p>\n<p>- Baies \u00e9cras\u00e9es<\/p>\n<p>- Monnaie de Miami<\/p>\n<p>- Melon d'eau frais et fruit\u00e9<\/p>\n<p><a href=\"https:\/\/i0.wp.com\/shop.vape.hk\/wp-content\/uploads\/2024\/03\/us-LUFFBAR_Dually_Disposable_Vape_Kit-21.jpg?ssl=1\" target=\"_blank\" rel=\"noopener\"><img data-recalc-dims=\"1\" loading=\"lazy\" decoding=\"async\" class=\"alignnone size-full wp-image-128985\" src=\"https:\/\/i0.wp.com\/shop.vape.hk\/wp-content\/uploads\/2024\/03\/us-LUFFBAR_Dually_Disposable_Vape_Kit-21.jpg?resize=1020%2C1043&#038;ssl=1\" alt=\"LUFFBAR Dually 20000 Puffs Jetable Vape | Wholesale\" width=\"1020\" height=\"1043\" title=\"\"><\/a> <a href=\"https:\/\/i0.wp.com\/shop.vape.hk\/wp-content\/uploads\/2024\/03\/us-LUFFBAR_Dually_Disposable_Vape_Ki-11.jpg?ssl=1\" target=\"_blank\" rel=\"noopener\"><img data-recalc-dims=\"1\" loading=\"lazy\" decoding=\"async\" class=\"alignnone size-full wp-image-128984\" src=\"https:\/\/i0.wp.com\/shop.vape.hk\/wp-content\/uploads\/2024\/03\/us-LUFFBAR_Dually_Disposable_Vape_Ki-11.jpg?resize=1020%2C649&#038;ssl=1\" alt=\"LUFFBAR Dually 20000 Puffs Jetable Vape | Wholesale\" width=\"1020\" height=\"649\" title=\"\"><\/a><\/p>","protected":false},"excerpt":{"rendered":"<p>La LUFFBAR Dually 20000 Puffs Disposable Vape Wholesale est dot\u00e9e d'une technologie de bobine \u00e0 double maille et d'un design compact et ultra-portable, offrant des performances constantes et des effets en douceur sur la gorge.<\/p>","protected":false},"featured_media":7630,"comment_status":"open","ping_status":"closed","template":"","meta":[],"product_brand":[],"product_cat":[22],"product_tag":[],"class_list":{"0":"post-7462","1":"product","2":"type-product","3":"status-publish","4":"has-post-thumbnail","6":"product_cat-disposable-vape-sticks","8":"first","9":"instock","10":"shipping-taxable","11":"purchasable","12":"product-type-simple"},"jetpack_sharing_enabled":true,"tiered_pricing_type":"fixed","tiered_pricing_fixed_rules":{"1000":12,"10000":10,"50000":8},"tiered_pricing_product_settings":{"layout":"default","base_unit_name":{"singular":null,"plural":null},"default_variation":null},"tiered_pricing_minimum_quantity":100,"tiered_pricing_roles_data":[],"tiered_pricing_percentage_rules":[],"tiered_pricing_maximum_quantity":null,"tiered_pricing_quantity_step":null,"_links":{"self":[{"href":"https:\/\/cloudsupplyvapes.com\/fr\/wp-json\/wp\/v2\/product\/7462","targetHints":{"allow":["GET"]}}],"collection":[{"href":"https:\/\/cloudsupplyvapes.com\/fr\/wp-json\/wp\/v2\/product"}],"about":[{"href":"https:\/\/cloudsupplyvapes.com\/fr\/wp-json\/wp\/v2\/types\/product"}],"replies":[{"embeddable":true,"href":"https:\/\/cloudsupplyvapes.com\/fr\/wp-json\/wp\/v2\/comments?post=7462"}],"wp:featuredmedia":[{"embeddable":true,"href":"https:\/\/cloudsupplyvapes.com\/fr\/wp-json\/wp\/v2\/media\/7630"}],"wp:attachment":[{"href":"https:\/\/cloudsupplyvapes.com\/fr\/wp-json\/wp\/v2\/media?parent=7462"}],"wp:term":[{"taxonomy":"product_brand","embeddable":true,"href":"https:\/\/cloudsupplyvapes.com\/fr\/wp-json\/wp\/v2\/product_brand?post=7462"},{"taxonomy":"product_cat","embeddable":true,"href":"https:\/\/cloudsupplyvapes.com\/fr\/wp-json\/wp\/v2\/product_cat?post=7462"},{"taxonomy":"product_tag","embeddable":true,"href":"https:\/\/cloudsupplyvapes.com\/fr\/wp-json\/wp\/v2\/product_tag?post=7462"}],"curies":[{"name":"wp","href":"https:\/\/api.w.org\/{rel}","templated":true}]}}