{"id":7464,"date":"2024-10-19T02:53:01","date_gmt":"2024-10-19T02:53:01","guid":{"rendered":"https:\/\/cloudsupplyvapes.com\/?post_type=product&#038;p=7464"},"modified":"2024-11-25T08:25:50","modified_gmt":"2024-11-25T08:25:50","slug":"-236","status":"publish","type":"product","link":"https:\/\/cloudsupplyvapes.com\/fr\/product\/luffbar-boring-tiger-25000-puffs-disposable-vape-wholesale\/","title":{"rendered":"LUFFBAR Boring Tiger 25000 bouff\u00e9es Vape jetable en gros Haute capacit\u00e9 Design durable"},"content":{"rendered":"<h2>LUFFBAR Kit de vaporisation jetable Boring Tiger<\/h2>\n<ul class=\"top\">\n<li>Marque :\u00a0<b>LUFFBAR<\/b><\/li>\n<li>Unit\u00e9 : ensemble<\/li>\n<li>Type :\u00a0<b>Vape \u00e0 usage unique<\/b><\/li>\n<li>Poids net : 70(g)<\/li>\n<\/ul>\n<p>Les frais d'exp\u00e9dition combin\u00e9s seront calcul\u00e9s automatiquement par le syst\u00e8me une fois que vous aurez choisi la destination d'exp\u00e9dition \u00e0 l'\u00e9tape de la commande.<\/p>\n<h3 class=\"title\">LUFFBAR Boring Tiger 25000 INTRODUCTION<\/h3>\n<p><b>LUFFBAR Boring Tiger Kit \u00e0 usage unique\u00a0<\/b>vous offre une exp\u00e9rience de vapotage des plus fra\u00eeches avec un incroyable jus de vape de 26 ml, une puissante batterie rechargeable de 1000 mAh et trois modes de vapotage parmi lesquels vous pouvez choisir. LUFFBAR Boring Tiger est l'une des vapes jetables les plus populaires avec un mode boost. Vous pouvez choisir le mode soft, normal ou boost pour r\u00e9pondre \u00e0 vos besoins. Toutes les informations dont vous avez besoin, y compris l'\u00e9tat de la batterie, le niveau d'e-juice et le mode de vapotage que vous utilisez. Choisissez LUFFBAR Boring Tiger pour une exp\u00e9rience de vapotage des plus agr\u00e9ables.<\/p>\n<p class=\"second-title\">Caract\u00e9ristiques<\/p>\n<p>- Batterie rechargeable int\u00e9gr\u00e9e de 1000mAh<\/p>\n<p>- E-liquide pr\u00e9-rempli 26ml<\/p>\n<p>- 5% Intensit\u00e9 de la nicotine<\/p>\n<p>- Puissance de sortie : 20-30W<\/p>\n<p>- R\u00e9glage de la puissance de sortie : Touchez le port de charge Type-C 3 fois<\/p>\n<p>- \u00c9cran d'affichage intelligent<\/p>\n<p>- Nombre de bouff\u00e9es : Environ 25 000 bouff\u00e9es (mode doux)\/15 000 bouff\u00e9es (mode normal)\/10000 bouff\u00e9es (mode Boost)<\/p>\n<p>- Port de charge USB de type C (c\u00e2ble non inclus)<\/p>\n<p>- Dessin activ\u00e9<\/p>\n<p>- MTL Vaping<\/p>","protected":false},"excerpt":{"rendered":"<p>La LUFFBAR Boring Tiger 25000 Puffs Vape Jetable Wholesale offre une grande capacit\u00e9, une construction durable et une production de vapeur r\u00e9guli\u00e8re. Parfait pour des sessions de vapotage sans probl\u00e8me et de longue dur\u00e9e.<\/p>","protected":false},"featured_media":7645,"comment_status":"open","ping_status":"closed","template":"","meta":[],"product_brand":[],"product_cat":[22],"product_tag":[],"class_list":{"0":"post-7464","1":"product","2":"type-product","3":"status-publish","4":"has-post-thumbnail","6":"product_cat-disposable-vape-sticks","8":"first","9":"instock","10":"shipping-taxable","11":"purchasable","12":"product-type-simple"},"jetpack_sharing_enabled":true,"tiered_pricing_type":"fixed","tiered_pricing_fixed_rules":{"1000":12,"10000":10,"50000":8},"tiered_pricing_product_settings":{"layout":"default","base_unit_name":{"singular":null,"plural":null},"default_variation":null},"tiered_pricing_minimum_quantity":100,"tiered_pricing_roles_data":[],"tiered_pricing_percentage_rules":[],"tiered_pricing_maximum_quantity":null,"tiered_pricing_quantity_step":null,"_links":{"self":[{"href":"https:\/\/cloudsupplyvapes.com\/fr\/wp-json\/wp\/v2\/product\/7464","targetHints":{"allow":["GET"]}}],"collection":[{"href":"https:\/\/cloudsupplyvapes.com\/fr\/wp-json\/wp\/v2\/product"}],"about":[{"href":"https:\/\/cloudsupplyvapes.com\/fr\/wp-json\/wp\/v2\/types\/product"}],"replies":[{"embeddable":true,"href":"https:\/\/cloudsupplyvapes.com\/fr\/wp-json\/wp\/v2\/comments?post=7464"}],"wp:featuredmedia":[{"embeddable":true,"href":"https:\/\/cloudsupplyvapes.com\/fr\/wp-json\/wp\/v2\/media\/7645"}],"wp:attachment":[{"href":"https:\/\/cloudsupplyvapes.com\/fr\/wp-json\/wp\/v2\/media?parent=7464"}],"wp:term":[{"taxonomy":"product_brand","embeddable":true,"href":"https:\/\/cloudsupplyvapes.com\/fr\/wp-json\/wp\/v2\/product_brand?post=7464"},{"taxonomy":"product_cat","embeddable":true,"href":"https:\/\/cloudsupplyvapes.com\/fr\/wp-json\/wp\/v2\/product_cat?post=7464"},{"taxonomy":"product_tag","embeddable":true,"href":"https:\/\/cloudsupplyvapes.com\/fr\/wp-json\/wp\/v2\/product_tag?post=7464"}],"curies":[{"name":"wp","href":"https:\/\/api.w.org\/{rel}","templated":true}]}}