{"id":7532,"date":"2024-10-19T02:53:23","date_gmt":"2024-10-19T02:53:23","guid":{"rendered":"https:\/\/cloudsupplyvapes.com\/?post_type=product&#038;p=7532"},"modified":"2024-11-25T07:36:46","modified_gmt":"2024-11-25T07:36:46","slug":"-237","status":"publish","type":"product","link":"https:\/\/cloudsupplyvapes.com\/fr\/product\/geek-bar-digiflavor-lush-20000-puffs-disposable-vape-wholesale\/","title":{"rendered":"Geek Bar Digiflavor Lush 20000 Puffs Disposable Vape Wholesale High Capacity No Maintenance"},"content":{"rendered":"<h2>Geek Bar Digiflavor Lush 20K Kit de Vape jetable<\/h2>\n<ul class=\"top\">\n<li>Marque :\u00a0<b>Bar \u00e0 geek<\/b><\/li>\n<li>Unit\u00e9 : ensemble<\/li>\n<li>Type :\u00a0<b>Vape \u00e0 usage unique<\/b><\/li>\n<li>Poids net : 70(g)<\/li>\n<\/ul>\n<p>Les frais d'exp\u00e9dition combin\u00e9s seront calcul\u00e9s automatiquement par le syst\u00e8me une fois que vous aurez choisi la destination d'exp\u00e9dition \u00e0 l'\u00e9tape de la commande.<\/p>\n<h3 class=\"title\">Geek Bar Digiflavor Lush 20K INTRODUCTION<\/h3>\n<p><b>Kit jetable Geek Bar Digiflavor Lush\u00a0<\/b>est une vape jetable intelligente aliment\u00e9e par une puissante batterie rechargeable de 820mAh et propose deux modes de vapotage (Regular et Dynamic Mode) avec diff\u00e9rents nombres de bouff\u00e9es. Produit co-brand\u00e9 par Geek Bar et Digiflavor, Geek Bar Lush 20K est dot\u00e9 d'un m\u00e9ga-\u00e9cran qui affiche l'autonomie de la batterie, le niveau d'e-juice et le mode de vapotage. Il prend en charge deux modes de vapotage avec des bobines \u00e0 double maille et des c\u0153urs chauffants doubles. En mode normal, vous pouvez tirer jusqu'\u00e0 20000 bouff\u00e9es au total. Et vous pouvez profiter d'environ 10000 bouff\u00e9es en mode dynamique. Gr\u00e2ce au gardien de saveur 6S, chaque bouff\u00e9e est fra\u00eeche et d\u00e9licieuse.<\/p>\n<p class=\"second-title\">Caract\u00e9ristiques<\/p>\n<p>- Batterie rechargeable int\u00e9gr\u00e9e de 820mAh<\/p>\n<p>- E-liquide pr\u00e9-rempli 20ml<\/p>\n<p>- 5% Intensit\u00e9 de la nicotine<\/p>\n<p>- Mode r\u00e9gulier : Environ 20000 bouff\u00e9es<\/p>\n<p>- Dynamique : Environ 10000 bouff\u00e9es<\/p>\n<p>- \u00c9cran d'affichage intelligent<\/p>\n<p>- R\u00e9glage du d\u00e9bit d'air<\/p>\n<p>- Bobine \u00e0 double maille<\/p>\n<p>- Chauffage \u00e0 double c\u0153ur<\/p>\n<p>- 6S Flavor Guardian<\/p>\n<p>- Port de charge USB de type C (c\u00e2ble non inclus)<\/p>\n<p>- Dessin activ\u00e9<\/p>\n<p>- MTL Vaping<\/p>\n<p><a href=\"https:\/\/i0.wp.com\/shop.vape.hk\/wp-content\/uploads\/2024\/03\/Geek-Bar-Digiflavor-Lush-20K-Disposable-Vape-Kit_021.jpg?ssl=1\" target=\"_blank\" rel=\"noopener\"><img data-recalc-dims=\"1\" loading=\"lazy\" decoding=\"async\" class=\"alignnone size-full wp-image-129107\" src=\"https:\/\/i0.wp.com\/shop.vape.hk\/wp-content\/uploads\/2024\/03\/Geek-Bar-Digiflavor-Lush-20K-Disposable-Vape-Kit_021.jpg?resize=1020%2C549&#038;ssl=1\" alt=\"Geek Bar Digiflavor Lush 20000 Puffs Jetable Vape | Wholesale\" width=\"1020\" height=\"549\" title=\"\"><\/a> <a href=\"https:\/\/i0.wp.com\/shop.vape.hk\/wp-content\/uploads\/2024\/03\/Geek-Bar-Digiflavor-Lush-20K-Disposable-Vape-Kit_011.jpg?ssl=1\" target=\"_blank\" rel=\"noopener\"><img data-recalc-dims=\"1\" loading=\"lazy\" decoding=\"async\" class=\"alignnone size-full wp-image-129108\" src=\"https:\/\/i0.wp.com\/shop.vape.hk\/wp-content\/uploads\/2024\/03\/Geek-Bar-Digiflavor-Lush-20K-Disposable-Vape-Kit_011.jpg?resize=1020%2C858&#038;ssl=1\" alt=\"Geek Bar Digiflavor Lush 20000 Puffs Jetable Vape | Wholesale\" width=\"1020\" height=\"858\" title=\"\"><\/a><\/p>","protected":false},"excerpt":{"rendered":"<p>Le Geek Bar Digiflavor Lush 20000 Puffs Disposable Vape Wholesale offre une conception de haute capacit\u00e9 sans entretien, d\u00e9livrant une vapeur douce et des performances constantes.<\/p>","protected":false},"featured_media":7726,"comment_status":"open","ping_status":"closed","template":"","meta":[],"product_brand":[],"product_cat":[22],"product_tag":[],"class_list":{"0":"post-7532","1":"product","2":"type-product","3":"status-publish","4":"has-post-thumbnail","6":"product_cat-disposable-vape-sticks","8":"first","9":"instock","10":"shipping-taxable","11":"purchasable","12":"product-type-simple"},"jetpack_sharing_enabled":true,"tiered_pricing_type":"fixed","tiered_pricing_fixed_rules":{"1000":12,"10000":10,"50000":8},"tiered_pricing_product_settings":{"layout":"default","base_unit_name":{"singular":null,"plural":null},"default_variation":null},"tiered_pricing_minimum_quantity":100,"tiered_pricing_roles_data":[],"tiered_pricing_percentage_rules":[],"tiered_pricing_maximum_quantity":null,"tiered_pricing_quantity_step":null,"_links":{"self":[{"href":"https:\/\/cloudsupplyvapes.com\/fr\/wp-json\/wp\/v2\/product\/7532","targetHints":{"allow":["GET"]}}],"collection":[{"href":"https:\/\/cloudsupplyvapes.com\/fr\/wp-json\/wp\/v2\/product"}],"about":[{"href":"https:\/\/cloudsupplyvapes.com\/fr\/wp-json\/wp\/v2\/types\/product"}],"replies":[{"embeddable":true,"href":"https:\/\/cloudsupplyvapes.com\/fr\/wp-json\/wp\/v2\/comments?post=7532"}],"wp:featuredmedia":[{"embeddable":true,"href":"https:\/\/cloudsupplyvapes.com\/fr\/wp-json\/wp\/v2\/media\/7726"}],"wp:attachment":[{"href":"https:\/\/cloudsupplyvapes.com\/fr\/wp-json\/wp\/v2\/media?parent=7532"}],"wp:term":[{"taxonomy":"product_brand","embeddable":true,"href":"https:\/\/cloudsupplyvapes.com\/fr\/wp-json\/wp\/v2\/product_brand?post=7532"},{"taxonomy":"product_cat","embeddable":true,"href":"https:\/\/cloudsupplyvapes.com\/fr\/wp-json\/wp\/v2\/product_cat?post=7532"},{"taxonomy":"product_tag","embeddable":true,"href":"https:\/\/cloudsupplyvapes.com\/fr\/wp-json\/wp\/v2\/product_tag?post=7532"}],"curies":[{"name":"wp","href":"https:\/\/api.w.org\/{rel}","templated":true}]}}