{"id":7536,"date":"2024-10-19T02:53:23","date_gmt":"2024-10-19T02:53:23","guid":{"rendered":"https:\/\/cloudsupplyvapes.com\/?post_type=product&#038;p=7536"},"modified":"2024-11-25T07:36:33","modified_gmt":"2024-11-25T07:36:33","slug":"-238","status":"publish","type":"product","link":"https:\/\/cloudsupplyvapes.com\/fr\/product\/smok-priv-bar-turbo-15000-puffs-disposable-vape-wholesale\/","title":{"rendered":"SMOK Priv Bar Turbo 15000 bouff\u00e9es Vape jetable en gros Rechargeable Dual Mesh Coil"},"content":{"rendered":"<h2>SMOK Priv Bar Turbo 15000 Vape jetable<\/h2>\n<ul class=\"top\">\n<li>Marque :\u00a0<b>SMOK<\/b><\/li>\n<li>Unit\u00e9 : ensemble<\/li>\n<li>Type :\u00a0<b>Vape \u00e0 usage unique<\/b><\/li>\n<li>Poids net : 68(g)<\/li>\n<\/ul>\n<p>Les frais d'exp\u00e9dition combin\u00e9s seront calcul\u00e9s automatiquement par le syst\u00e8me une fois que vous aurez choisi la destination d'exp\u00e9dition \u00e0 l'\u00e9tape de la commande.<\/p>\n<div class=\"title\">SMOK Priv Bar Turbo 15000 Vape jetable INTRODUCTION<\/div>\n<p><b>SMOK Priv Bar Turbo 15000 Vape jetable\u00a0<\/b>Il dispose de 16 ml de jus de vape pr\u00e9-rempli, d'une batterie rechargeable, d'un \u00e9cran d'affichage de l'\u00e9tat de la batterie et du niveau d'e-juice et peut satisfaire environ 15 000 bouff\u00e9es au total. Le Priv Bar Turbo est enti\u00e8rement charg\u00e9 de d\u00e9licieux e-juice. Gr\u00e2ce \u00e0 la haute technologie de SMOK, le Priv Bar fournit une vapeur abondante ainsi que des bouff\u00e9es de nicotine fortes et satisfaisantes. Pour faciliter le vapotage, le Priv Bar Turbo est \u00e9quip\u00e9 d'un \u00e9cran d'affichage. Vous pouvez lire l'\u00e9tat de la batterie et le niveau d'e-juice.<\/p>\n<p class=\"second-title\">Caract\u00e9ristiques<\/p>\n<p>- 16ml E-Liquide pr\u00e9-rempli<\/p>\n<p>- 5%(50mg) Teneur en nicotine<\/p>\n<p>- Batterie int\u00e9gr\u00e9e rechargeable de 800mAh<\/p>\n<p>- Appuyez sur le bouton situ\u00e9 en bas de l'appareil pour activer le mode Turbo.<\/p>\n<p>- Environ 15 000 bouff\u00e9es en mode normal\/10000 bouff\u00e9es en mode turbo<\/p>\n<p>- \u00c9cran d'affichage de l'\u00e9tat de la batterie et du niveau d'e-juice<\/p>\n<p>- Port Type-C (c\u00e2ble non inclus)<\/p>\n<p>&nbsp;<\/p>\n<p>- Dessin activ\u00e9<\/p>\n<p>- MTL Vaping<\/p>\n<p class=\"second-title\">Saveurs<\/p>\n<p><b>Menthe d'Alaska<\/b>: Un m\u00e9lange rafra\u00eechissant de menthe fra\u00eeche avec un soup\u00e7on de menthol glac\u00e9, rappelant la fra\u00eecheur de l'air de l'Alaska.<\/p>\n<p><b>Bleu Razz Lemon<\/b>: Une fusion sucr\u00e9e et acidul\u00e9e de framboises bleues et d'ar\u00f4mes de citron piquant, cr\u00e9ant une exp\u00e9rience de vapotage vibrante et fruit\u00e9e.<\/p>\n<p><b>Paradis des cerises<\/b>: Un go\u00fbt de paradis avec l'essence audacieuse et juteuse de cerises m\u00fbres, offrant une explosion de douceur fruit\u00e9e.<\/p>\n<p><b>Dr. Cherry<\/b>: Une vape unique aromatis\u00e9e \u00e0 la cerise avec un twist, offrant un m\u00e9lange distinct et \u00e9ventuellement complexe de notes de cerise pour un go\u00fbt satisfaisant.<\/p>\n<p><b>Limonade de Floride<\/b>: Embrassez les vibrations ensoleill\u00e9es avec ce d\u00e9lice aux agrumes, avec la saveur acidul\u00e9e des citrons frais pour une exp\u00e9rience de limonade classique.<\/p>\n<p><b>Bleu d'Honolulu<\/b>: Transportez-vous vers les tropiques d'Honolulu avec cette saveur exotique, combinant des fruits tropicaux pour une vape d\u00e9licieusement inspir\u00e9e des \u00eeles.<\/p>\n<p><b>Glace p\u00eache et baies<\/b>: Un d\u00e9licieux m\u00e9lange de p\u00eaches sucr\u00e9es, de baies m\u00e9lang\u00e9es, et une finale fra\u00eeche de menthol, cr\u00e9ant un \u00e9quilibre harmonieux de fruit\u00e9 et de fra\u00eecheur.<\/p>\n<p><b>Bonbons \u00e0 la fraise et \u00e0 la menthe<\/b>: Savourez la combinaison sucr\u00e9e et intemporelle de fraises m\u00fbres avec un soup\u00e7on de menthe, rappelant un bonbon \u00e0 la fraise rafra\u00eechissant.<\/p>\n<p><b>Glace triple pomme<\/b>: Une triple menace de saveurs de pommes, avec un m\u00e9lange de pommes vertes croquantes, de pommes rouges sucr\u00e9es, et une touche de menthol glac\u00e9 pour un final frais.<\/p>\n<p><b>Triple mangue<\/b>: Une fusion intense et exotique de trois vari\u00e9t\u00e9s de mangue, offrant un profil de saveur de mangue riche et satisfaisant.<\/p>\n<p><b>Refroidissement de la past\u00e8que<\/b>: Rafra\u00eechissez-vous avec le go\u00fbt apaisant de la past\u00e8que, rehauss\u00e9 d'une touche rafra\u00eechissante de menthol, pour une vape rafra\u00eechissante et revigorante.<\/p>\n<p><b>Past\u00e8que Kiwi<\/b>: Une combinaison juteuse et succulente de past\u00e8que et de kiwi, cr\u00e9ant une exp\u00e9rience de vapotage tropicale et fruit\u00e9e.<\/p>\n<p><a href=\"https:\/\/i0.wp.com\/shop.vape.hk\/wp-content\/uploads\/2024\/03\/SMOK-Priv-Bar-Turbo-15000-Rechargeable-Disposable-Vape_021.jpg?ssl=1\" target=\"_blank\" rel=\"noopener\"><img data-recalc-dims=\"1\" loading=\"lazy\" decoding=\"async\" class=\"alignnone size-full wp-image-129184\" src=\"https:\/\/i0.wp.com\/shop.vape.hk\/wp-content\/uploads\/2024\/03\/SMOK-Priv-Bar-Turbo-15000-Rechargeable-Disposable-Vape_021.jpg?resize=1020%2C574&#038;ssl=1\" alt=\"SMOK Priv Bar Turbo 15000 bouff\u00e9es jetables Vape | Wholesale\" width=\"1020\" height=\"574\" title=\"\"><\/a> <a href=\"https:\/\/i0.wp.com\/shop.vape.hk\/wp-content\/uploads\/2024\/03\/SMOK-Priv-Bar-Turbo-15000-Rechargeable-Disposable-Vape_011.jpg?ssl=1\" target=\"_blank\" rel=\"noopener\"><img data-recalc-dims=\"1\" loading=\"lazy\" decoding=\"async\" class=\"alignnone size-full wp-image-129185\" src=\"https:\/\/i0.wp.com\/shop.vape.hk\/wp-content\/uploads\/2024\/03\/SMOK-Priv-Bar-Turbo-15000-Rechargeable-Disposable-Vape_011.jpg?resize=1020%2C757&#038;ssl=1\" alt=\"SMOK Priv Bar Turbo 15000 bouff\u00e9es jetables Vape | Wholesale\" width=\"1020\" height=\"757\" title=\"\"><\/a><\/p>","protected":false},"excerpt":{"rendered":"<p>Le SMOK Priv Bar Turbo 15000 Puffs Vape jetable en gros est dot\u00e9 de la technologie dual mesh coil, d'une batterie rechargeable et d'une structure durable pour une vapeur douce et savoureuse.<\/p>","protected":false},"featured_media":7762,"comment_status":"open","ping_status":"closed","template":"","meta":[],"product_brand":[],"product_cat":[22],"product_tag":[],"class_list":{"0":"post-7536","1":"product","2":"type-product","3":"status-publish","4":"has-post-thumbnail","6":"product_cat-disposable-vape-sticks","8":"first","9":"instock","10":"shipping-taxable","11":"purchasable","12":"product-type-simple"},"jetpack_sharing_enabled":true,"tiered_pricing_type":"fixed","tiered_pricing_fixed_rules":{"1000":13,"10000":11,"50000":9},"tiered_pricing_product_settings":{"layout":"default","base_unit_name":{"singular":null,"plural":null},"default_variation":null},"tiered_pricing_minimum_quantity":100,"tiered_pricing_roles_data":[],"tiered_pricing_percentage_rules":[],"tiered_pricing_maximum_quantity":null,"tiered_pricing_quantity_step":null,"_links":{"self":[{"href":"https:\/\/cloudsupplyvapes.com\/fr\/wp-json\/wp\/v2\/product\/7536","targetHints":{"allow":["GET"]}}],"collection":[{"href":"https:\/\/cloudsupplyvapes.com\/fr\/wp-json\/wp\/v2\/product"}],"about":[{"href":"https:\/\/cloudsupplyvapes.com\/fr\/wp-json\/wp\/v2\/types\/product"}],"replies":[{"embeddable":true,"href":"https:\/\/cloudsupplyvapes.com\/fr\/wp-json\/wp\/v2\/comments?post=7536"}],"wp:featuredmedia":[{"embeddable":true,"href":"https:\/\/cloudsupplyvapes.com\/fr\/wp-json\/wp\/v2\/media\/7762"}],"wp:attachment":[{"href":"https:\/\/cloudsupplyvapes.com\/fr\/wp-json\/wp\/v2\/media?parent=7536"}],"wp:term":[{"taxonomy":"product_brand","embeddable":true,"href":"https:\/\/cloudsupplyvapes.com\/fr\/wp-json\/wp\/v2\/product_brand?post=7536"},{"taxonomy":"product_cat","embeddable":true,"href":"https:\/\/cloudsupplyvapes.com\/fr\/wp-json\/wp\/v2\/product_cat?post=7536"},{"taxonomy":"product_tag","embeddable":true,"href":"https:\/\/cloudsupplyvapes.com\/fr\/wp-json\/wp\/v2\/product_tag?post=7536"}],"curies":[{"name":"wp","href":"https:\/\/api.w.org\/{rel}","templated":true}]}}