{"id":7538,"date":"2024-10-19T02:53:24","date_gmt":"2024-10-19T02:53:24","guid":{"rendered":"https:\/\/cloudsupplyvapes.com\/?post_type=product&#038;p=7538"},"modified":"2024-11-25T07:36:20","modified_gmt":"2024-11-25T07:36:20","slug":"-239","status":"publish","type":"product","link":"https:\/\/cloudsupplyvapes.com\/fr\/product\/lava-hot-bunny-9000-puffs-disposable-vape-wholesale\/","title":{"rendered":"Lava Hot Bunny 9000 Puffs Vape jetable en gros Design compact Smooth Vapor"},"content":{"rendered":"<h2>Lava Hot Bunny 9000 Vape jetable<\/h2>\n<ul class=\"top\">\n<li>Marque :\u00a0<b>Lave<\/b><\/li>\n<li>Unit\u00e9 : ensemble<\/li>\n<li>Type :\u00a0<b>Vape \u00e0 usage unique<\/b><\/li>\n<li>Poids net : 70(g)<\/li>\n<\/ul>\n<p>Les frais d'exp\u00e9dition combin\u00e9s seront calcul\u00e9s automatiquement par le syst\u00e8me une fois que vous aurez choisi la destination d'exp\u00e9dition \u00e0 l'\u00e9tape de la commande.<\/p>\n<h3 class=\"title\">Lava Hot Bunny 9000 Vape jetable INTRODUCTION<\/h3>\n<p><b>Lava Hot Bunny 9000 Vape jetable<\/b>\u00a0est une vape jetable intelligente centr\u00e9e sur l'utilisateur, dot\u00e9e d'un \u00e9cran d'affichage et d'une technologie mesh coil avanc\u00e9e. Hot Bunny est enti\u00e8rement charg\u00e9 avec 12ml d'e-juice avec une saveur absolument excellente. Il fonctionne avec une batterie rechargeable de 650mAh. La bobine en maille de 1,2 ohm est la cl\u00e9 qui permet d'obtenir de bons ar\u00f4mes et un plaisir de longue dur\u00e9e. De plus, un \u00e9cran d'affichage se trouve sur le c\u00f4t\u00e9 droit de la vape. Vous pouvez toujours v\u00e9rifier l'autonomie de la batterie et le niveau d'e-juice en toute simplicit\u00e9. Profitez d'une vape douce et d'un vapotage sans probl\u00e8me avec Lava Hot Bunny.<\/p>\n<p class=\"second-title\">Caract\u00e9ristiques<\/p>\n<p>- Batterie rechargeable 650mAh<\/p>\n<p>- E-liquide pr\u00e9-rempli 12ml<\/p>\n<p>- Environ 9000 bouff\u00e9es<\/p>\n<p>- Affichage intelligent de l'autonomie de la batterie et du niveau d'e-juice<\/p>\n<p>- Port de charge USB de type C (c\u00e2ble non inclus)<\/p>\n<p>- Technologie Mesh Coil avanc\u00e9e : 1.2ohm Mesh Coil<\/p>\n<p>- Dessin activ\u00e9<\/p>\n<p>- MTL Vaping<\/p>","protected":false},"excerpt":{"rendered":"<p>Le Lava Hot Bunny 9000 Puffs Disposable Vape Wholesale pr\u00e9sente un design compact et un fonctionnement sans probl\u00e8me, offrant des performances constantes et une exp\u00e9rience de vaporisation douce.<\/p>","protected":false},"featured_media":7798,"comment_status":"open","ping_status":"closed","template":"","meta":[],"product_brand":[],"product_cat":[22],"product_tag":[],"class_list":{"0":"post-7538","1":"product","2":"type-product","3":"status-publish","4":"has-post-thumbnail","6":"product_cat-disposable-vape-sticks","8":"first","9":"instock","10":"shipping-taxable","11":"purchasable","12":"product-type-simple"},"jetpack_sharing_enabled":true,"tiered_pricing_type":"fixed","tiered_pricing_fixed_rules":{"1000":7,"10000":6,"50000":5},"tiered_pricing_product_settings":{"layout":"default","base_unit_name":{"singular":null,"plural":null},"default_variation":null},"tiered_pricing_minimum_quantity":100,"tiered_pricing_roles_data":[],"tiered_pricing_percentage_rules":[],"tiered_pricing_maximum_quantity":null,"tiered_pricing_quantity_step":null,"_links":{"self":[{"href":"https:\/\/cloudsupplyvapes.com\/fr\/wp-json\/wp\/v2\/product\/7538","targetHints":{"allow":["GET"]}}],"collection":[{"href":"https:\/\/cloudsupplyvapes.com\/fr\/wp-json\/wp\/v2\/product"}],"about":[{"href":"https:\/\/cloudsupplyvapes.com\/fr\/wp-json\/wp\/v2\/types\/product"}],"replies":[{"embeddable":true,"href":"https:\/\/cloudsupplyvapes.com\/fr\/wp-json\/wp\/v2\/comments?post=7538"}],"wp:featuredmedia":[{"embeddable":true,"href":"https:\/\/cloudsupplyvapes.com\/fr\/wp-json\/wp\/v2\/media\/7798"}],"wp:attachment":[{"href":"https:\/\/cloudsupplyvapes.com\/fr\/wp-json\/wp\/v2\/media?parent=7538"}],"wp:term":[{"taxonomy":"product_brand","embeddable":true,"href":"https:\/\/cloudsupplyvapes.com\/fr\/wp-json\/wp\/v2\/product_brand?post=7538"},{"taxonomy":"product_cat","embeddable":true,"href":"https:\/\/cloudsupplyvapes.com\/fr\/wp-json\/wp\/v2\/product_cat?post=7538"},{"taxonomy":"product_tag","embeddable":true,"href":"https:\/\/cloudsupplyvapes.com\/fr\/wp-json\/wp\/v2\/product_tag?post=7538"}],"curies":[{"name":"wp","href":"https:\/\/api.w.org\/{rel}","templated":true}]}}