{"id":7622,"date":"2024-10-19T02:53:56","date_gmt":"2024-10-19T02:53:56","guid":{"rendered":"https:\/\/cloudsupplyvapes.com\/?post_type=product&#038;p=7622"},"modified":"2024-11-25T07:35:58","modified_gmt":"2024-11-25T07:35:58","slug":"-240","status":"publish","type":"product","link":"https:\/\/cloudsupplyvapes.com\/fr\/product\/vozol-neon-10000-puffs-disposable-vape-wholesale\/","title":{"rendered":"VOZOL Neon 10000 bouff\u00e9es Vape jetable en gros \u00e0 haute teneur en nicotine Design portable"},"content":{"rendered":"<h2>VOZOL Neon 10000 Disposable Vape<\/h2>\n<ul class=\"top\">\n<li>Marque :\u00a0<b>VOZOL<\/b><\/li>\n<li>Unit\u00e9 : ensemble<\/li>\n<li>Type :\u00a0<b>Vape \u00e0 usage unique<\/b><\/li>\n<li>Poids net : 68(g)<\/li>\n<\/ul>\n<p>Les frais d'exp\u00e9dition combin\u00e9s seront calcul\u00e9s automatiquement par le syst\u00e8me une fois que vous aurez choisi la destination d'exp\u00e9dition \u00e0 l'\u00e9tape de la commande.<\/p>\n<div class=\"title\">VOZOL Neon 10000 Disposable Vape INTRODUCTION<\/div>\n<p><b>VOZOL Neon 10000 Disposable Vape\u00a0<\/b>is easy to use. It comes with 10ml of pre-filled vape juice, a rechargeable 500mAh battery, and a special 5th-Gen Ceramic Coil. This vape can give you around 10,000 puffs. It&#8217;s designed to prevent leaks, so you won&#8217;t have any awkward situations. The 5th-gen ceramic coil heats up the vape juice and lets you enjoy 10,000 puffs from just 10ml of juice. You can easily see the battery level and how much e-juice is left in the tank because it has a battery status indicator and a clear juice tank. Don&#8217;t wait, give the VOZOL Neon 10000 a try. It&#8217;s a smart choice!<\/p>\n<p class=\"second-title\">Caract\u00e9ristiques<\/p>\n<p>- 10mL E-Liquide pr\u00e9-rempli<\/p>\n<p>- 5%(50mg) Nicotine<\/p>\n<p>\u2022 Rechargeable 500mAh Battery<\/p>\n<p>- Environ 10000 bouff\u00e9es<\/p>\n<p>- Port Type-C (c\u00e2ble non inclus)<\/p>\n<p>- Dessin activ\u00e9<\/p>\n<p>- MTL Vaping<\/p>\n<p>\u2022 5th-Gen Ceramic Coil<\/p>\n<p>\u2022 Anti-leak Technology<\/p>\n<p>\u2022 Visible Liquid Tank<\/p>\n<div class=\"title\">VOZOL Neon 10000 Disposable Vape PACKAGE L<\/div>","protected":false},"excerpt":{"rendered":"<p>The VOZOL Neon 10000 Puffs Disposable Vape Wholesale combines high nicotine strength with a compact, eco-friendly design, delivering smooth throat hits and rich flavors.<\/p>","protected":false},"featured_media":7861,"comment_status":"open","ping_status":"closed","template":"","meta":[],"product_brand":[],"product_cat":[22],"product_tag":[],"class_list":{"0":"post-7622","1":"product","2":"type-product","3":"status-publish","4":"has-post-thumbnail","6":"product_cat-disposable-vape-sticks","8":"first","9":"instock","10":"shipping-taxable","11":"purchasable","12":"product-type-simple"},"jetpack_sharing_enabled":true,"tiered_pricing_type":"fixed","tiered_pricing_fixed_rules":{"1000":8,"10000":7,"50000":6},"tiered_pricing_product_settings":{"layout":"default","base_unit_name":{"singular":null,"plural":null},"default_variation":null},"tiered_pricing_minimum_quantity":100,"tiered_pricing_roles_data":[],"tiered_pricing_percentage_rules":[],"tiered_pricing_maximum_quantity":null,"tiered_pricing_quantity_step":null,"_links":{"self":[{"href":"https:\/\/cloudsupplyvapes.com\/fr\/wp-json\/wp\/v2\/product\/7622","targetHints":{"allow":["GET"]}}],"collection":[{"href":"https:\/\/cloudsupplyvapes.com\/fr\/wp-json\/wp\/v2\/product"}],"about":[{"href":"https:\/\/cloudsupplyvapes.com\/fr\/wp-json\/wp\/v2\/types\/product"}],"replies":[{"embeddable":true,"href":"https:\/\/cloudsupplyvapes.com\/fr\/wp-json\/wp\/v2\/comments?post=7622"}],"wp:featuredmedia":[{"embeddable":true,"href":"https:\/\/cloudsupplyvapes.com\/fr\/wp-json\/wp\/v2\/media\/7861"}],"wp:attachment":[{"href":"https:\/\/cloudsupplyvapes.com\/fr\/wp-json\/wp\/v2\/media?parent=7622"}],"wp:term":[{"taxonomy":"product_brand","embeddable":true,"href":"https:\/\/cloudsupplyvapes.com\/fr\/wp-json\/wp\/v2\/product_brand?post=7622"},{"taxonomy":"product_cat","embeddable":true,"href":"https:\/\/cloudsupplyvapes.com\/fr\/wp-json\/wp\/v2\/product_cat?post=7622"},{"taxonomy":"product_tag","embeddable":true,"href":"https:\/\/cloudsupplyvapes.com\/fr\/wp-json\/wp\/v2\/product_tag?post=7622"}],"curies":[{"name":"wp","href":"https:\/\/api.w.org\/{rel}","templated":true}]}}