{"id":7623,"date":"2024-10-19T02:53:57","date_gmt":"2024-10-19T02:53:57","guid":{"rendered":"https:\/\/cloudsupplyvapes.com\/?post_type=product&#038;p=7623"},"modified":"2024-11-25T07:35:45","modified_gmt":"2024-11-25T07:35:45","slug":"-241","status":"publish","type":"product","link":"https:\/\/cloudsupplyvapes.com\/fr\/product\/airis-speedy-15000-puffs-disposable-vape-wholesale\/","title":{"rendered":"Airis Speedy 15000 Puffs Vape jetable Wholesale Durable Build Flavor Rich Experience"},"content":{"rendered":"<h2>Airis Speedy 15K Kit de vaporisation jetable<\/h2>\n<ul class=\"top\">\n<li>Marque :\u00a0<b>Airis<\/b><\/li>\n<li>Unit\u00e9 : ensemble<\/li>\n<li>Type :\u00a0<b>Vape \u00e0 usage unique<\/b><\/li>\n<li>Poids net : 70(g)<\/li>\n<\/ul>\n<p>Les frais d'exp\u00e9dition combin\u00e9s seront calcul\u00e9s automatiquement par le syst\u00e8me une fois que vous aurez choisi la destination d'exp\u00e9dition \u00e0 l'\u00e9tape de la commande.<\/p>\n<h3 class=\"title\">Airis Speedy 15K Vape jetable INTRODUCTION<\/h3>\n<p><b>Airis Speedy 15K Kit \u00e0 usage unique\u00a0<\/b>est une vape jetable intelligente et conviviale, dot\u00e9e d'un allumage rapide et d'un \u00e9cran d'affichage intelligent. Airis Speedy est d\u00e9cor\u00e9 avec les \u00e9l\u00e9ments populaires de la course. \u00c9quip\u00e9 de la puce Airis Pure Core 2.0, Speedy 15K produit de la vapeur plus rapidement. Il n'est pas n\u00e9cessaire d'attendre. Vous avez le choix entre deux modes. Le mode S peut vous offrir au maximum 15000 bouff\u00e9es et le mode D vous offre 10000 bouff\u00e9es de saveurs plus intenses. La recharge est \u00e9galement pratique. Vous pouvez utiliser un c\u00e2ble Type-C ou un c\u00e2ble Lightning.<\/p>\n<p class=\"second-title\">Caract\u00e9ristiques<\/p>\n<p>- Batterie rechargeable int\u00e9gr\u00e9e de 650mAh<\/p>\n<p>- Capacit\u00e9 E-juice : 18ml<\/p>\n<p>- 5% Intensit\u00e9 de la nicotine<\/p>\n<p>- Puce Airis Pure Core 2.0<\/p>\n<p>- Allumage \u00e0 r\u00e9ponse rapide<\/p>\n<p>- 1.0ohm Dual Mesh Coils<\/p>\n<p>- \u00c9cran d'affichage<\/p>\n<p>- Nombre de bouff\u00e9es : Environ 15 000 bouff\u00e9es (mode S)\/10000 bouff\u00e9es (mode D)<\/p>\n<p>- Double port de charge : Port de charge Lightning\/Type-C (c\u00e2ble non inclus)<\/p>\n<p>- Dessin activ\u00e9<\/p>\n<p>- MTL Vaping<\/p>","protected":false},"excerpt":{"rendered":"<p>L'Airis Speedy 15000 Puffs Disposable Vape Wholesale offre une construction durable, une performance riche en saveurs et un design ergonomique l\u00e9ger pour des sessions de vapotage prolong\u00e9es.<\/p>","protected":false},"featured_media":7868,"comment_status":"open","ping_status":"closed","template":"","meta":[],"product_brand":[],"product_cat":[22],"product_tag":[],"class_list":{"0":"post-7623","1":"product","2":"type-product","3":"status-publish","4":"has-post-thumbnail","6":"product_cat-disposable-vape-sticks","8":"first","9":"instock","10":"shipping-taxable","11":"purchasable","12":"product-type-simple"},"jetpack_sharing_enabled":true,"tiered_pricing_type":"fixed","tiered_pricing_fixed_rules":{"1000":11,"10000":9,"50000":7},"tiered_pricing_product_settings":{"layout":"default","base_unit_name":{"singular":null,"plural":null},"default_variation":null},"tiered_pricing_minimum_quantity":100,"tiered_pricing_roles_data":[],"tiered_pricing_percentage_rules":[],"tiered_pricing_maximum_quantity":null,"tiered_pricing_quantity_step":null,"_links":{"self":[{"href":"https:\/\/cloudsupplyvapes.com\/fr\/wp-json\/wp\/v2\/product\/7623","targetHints":{"allow":["GET"]}}],"collection":[{"href":"https:\/\/cloudsupplyvapes.com\/fr\/wp-json\/wp\/v2\/product"}],"about":[{"href":"https:\/\/cloudsupplyvapes.com\/fr\/wp-json\/wp\/v2\/types\/product"}],"replies":[{"embeddable":true,"href":"https:\/\/cloudsupplyvapes.com\/fr\/wp-json\/wp\/v2\/comments?post=7623"}],"wp:featuredmedia":[{"embeddable":true,"href":"https:\/\/cloudsupplyvapes.com\/fr\/wp-json\/wp\/v2\/media\/7868"}],"wp:attachment":[{"href":"https:\/\/cloudsupplyvapes.com\/fr\/wp-json\/wp\/v2\/media?parent=7623"}],"wp:term":[{"taxonomy":"product_brand","embeddable":true,"href":"https:\/\/cloudsupplyvapes.com\/fr\/wp-json\/wp\/v2\/product_brand?post=7623"},{"taxonomy":"product_cat","embeddable":true,"href":"https:\/\/cloudsupplyvapes.com\/fr\/wp-json\/wp\/v2\/product_cat?post=7623"},{"taxonomy":"product_tag","embeddable":true,"href":"https:\/\/cloudsupplyvapes.com\/fr\/wp-json\/wp\/v2\/product_tag?post=7623"}],"curies":[{"name":"wp","href":"https:\/\/api.w.org\/{rel}","templated":true}]}}