{"id":7624,"date":"2024-10-19T02:53:57","date_gmt":"2024-10-19T02:53:57","guid":{"rendered":"https:\/\/cloudsupplyvapes.com\/?post_type=product&#038;p=7624"},"modified":"2024-11-25T07:35:21","modified_gmt":"2024-11-25T07:35:21","slug":"-242","status":"publish","type":"product","link":"https:\/\/cloudsupplyvapes.com\/fr\/product\/airis-noble-10000-puffs-disposable-vape-wholesale\/","title":{"rendered":"Airis Noble 10000 bouff\u00e9es Vape jetable en gros Rechargeable Leak Proof Design"},"content":{"rendered":"<h2>Airis Noble 10000 Vape jetable<\/h2>\n<ul class=\"top\">\n<li>Marque :\u00a0<b>Airis<\/b><\/li>\n<li>Unit\u00e9 : ensemble<\/li>\n<li>Type :\u00a0<b>Vape \u00e0 usage unique<\/b><\/li>\n<li>Poids net : 68(g)<\/li>\n<\/ul>\n<p>Les frais d'exp\u00e9dition combin\u00e9s seront calcul\u00e9s automatiquement par le syst\u00e8me une fois que vous aurez choisi la destination d'exp\u00e9dition \u00e0 l'\u00e9tape de la commande.<\/p>\n<div class=\"title\">Airis Noble 10000 Vape jetable INTRODUCTION<\/div>\n<p><b>Airis Noble 10000 Vape jetable\u00a0<\/b>Il offre g\u00e9n\u00e9reusement 10000 bouff\u00e9es avec 18ml de jus de vape pr\u00e9-rempli, une batterie rechargeable de 650mAh, un airflow r\u00e9glable et un \u00e9cran d'affichage de l'\u00e9tat de la batterie et du niveau d'e-juice. Airis Noble adopte la d\u00e9coration d'une montre m\u00e9canique, ce qui indique sa pr\u00e9cision. L'interrupteur en forme d'engrenage vous permet d'ajuster le flux d'air pour r\u00e9pondre \u00e0 diff\u00e9rents besoins. De plus, vous pouvez toujours v\u00e9rifier le niveau d'e-juice ainsi que l'\u00e9tat de la batterie gr\u00e2ce \u00e0 un grand \u00e9cran d'affichage intelligent. Airis Noble est une Rolex dans le domaine du vapotage.<\/p>\n<p class=\"second-title\">Caract\u00e9ristiques<\/p>\n<p>- 18ml E-Liquide pr\u00e9-rempli<\/p>\n<p>- 5%(50mg) Nicotine<\/p>\n<p>- Batterie rechargeable 650mAh<\/p>\n<p>- 1.0ohm Mesh Coil<\/p>\n<p>- Flux d'air r\u00e9glable<\/p>\n<p>- Airis Pure Core Tech<\/p>\n<p>- Environ 10000 bouff\u00e9es<\/p>\n<p>- \u00c9cran d'affichage intelligent pour l'\u00e9tat de la batterie et le niveau d'e-juice<\/p>\n<p>- Port Type-C (c\u00e2ble non inclus)<\/p>\n<p>&nbsp;<\/p>\n<p>- Dessin activ\u00e9<\/p>\n<p>- MTL Vaping<\/p>","protected":false},"excerpt":{"rendered":"<p>L'Airis Noble 10000 Puffs Disposable Vape Wholesale est dot\u00e9 d'une batterie rechargeable, d'une conception \u00e9tanche et d'un mat\u00e9riau de haute qualit\u00e9 pour un vapotage r\u00e9gulier et de longue dur\u00e9e.<\/p>","protected":false},"featured_media":7875,"comment_status":"open","ping_status":"closed","template":"","meta":[],"product_brand":[],"product_cat":[22],"product_tag":[],"class_list":{"0":"post-7624","1":"product","2":"type-product","3":"status-publish","4":"has-post-thumbnail","6":"product_cat-disposable-vape-sticks","8":"first","9":"instock","10":"shipping-taxable","11":"purchasable","12":"product-type-simple"},"jetpack_sharing_enabled":true,"tiered_pricing_type":"fixed","tiered_pricing_fixed_rules":{"1000":8,"10000":7,"50000":6},"tiered_pricing_product_settings":{"layout":"default","base_unit_name":{"singular":null,"plural":null},"default_variation":null},"tiered_pricing_minimum_quantity":100,"tiered_pricing_roles_data":[],"tiered_pricing_percentage_rules":[],"tiered_pricing_maximum_quantity":null,"tiered_pricing_quantity_step":null,"_links":{"self":[{"href":"https:\/\/cloudsupplyvapes.com\/fr\/wp-json\/wp\/v2\/product\/7624","targetHints":{"allow":["GET"]}}],"collection":[{"href":"https:\/\/cloudsupplyvapes.com\/fr\/wp-json\/wp\/v2\/product"}],"about":[{"href":"https:\/\/cloudsupplyvapes.com\/fr\/wp-json\/wp\/v2\/types\/product"}],"replies":[{"embeddable":true,"href":"https:\/\/cloudsupplyvapes.com\/fr\/wp-json\/wp\/v2\/comments?post=7624"}],"wp:featuredmedia":[{"embeddable":true,"href":"https:\/\/cloudsupplyvapes.com\/fr\/wp-json\/wp\/v2\/media\/7875"}],"wp:attachment":[{"href":"https:\/\/cloudsupplyvapes.com\/fr\/wp-json\/wp\/v2\/media?parent=7624"}],"wp:term":[{"taxonomy":"product_brand","embeddable":true,"href":"https:\/\/cloudsupplyvapes.com\/fr\/wp-json\/wp\/v2\/product_brand?post=7624"},{"taxonomy":"product_cat","embeddable":true,"href":"https:\/\/cloudsupplyvapes.com\/fr\/wp-json\/wp\/v2\/product_cat?post=7624"},{"taxonomy":"product_tag","embeddable":true,"href":"https:\/\/cloudsupplyvapes.com\/fr\/wp-json\/wp\/v2\/product_tag?post=7624"}],"curies":[{"name":"wp","href":"https:\/\/api.w.org\/{rel}","templated":true}]}}