{"id":7625,"date":"2024-10-19T02:53:57","date_gmt":"2024-10-19T02:53:57","guid":{"rendered":"https:\/\/cloudsupplyvapes.com\/?post_type=product&#038;p=7625"},"modified":"2024-11-25T07:35:07","modified_gmt":"2024-11-25T07:35:07","slug":"-243","status":"publish","type":"product","link":"https:\/\/cloudsupplyvapes.com\/fr\/product\/airis-neo-p9000-9000-puffs-disposable-vape-wholesale\/","title":{"rendered":"Airis Neo P9000 9000 bouff\u00e9es Vape jetable en gros Airflow r\u00e9glable Chargement rapide"},"content":{"rendered":"<h2>Airis Neo P9000 Vape jetable<\/h2>\n<ul class=\"top\">\n<li style=\"list-style-type: none;\">\n<ul class=\"top\">\n<li>Marque :\u00a0<b>Airis<\/b><\/li>\n<li>Unit\u00e9 : ensemble<\/li>\n<li>Type :\u00a0<b>Vape \u00e0 usage unique<\/b><\/li>\n<li>Poids net : 70(g)<\/li>\n<\/ul>\n<\/li>\n<\/ul>\n<p>Les frais d'exp\u00e9dition combin\u00e9s seront calcul\u00e9s automatiquement par le syst\u00e8me une fois que vous aurez choisi la destination d'exp\u00e9dition \u00e0 l'\u00e9tape de la commande.<\/p>\n<div class=\"title\">Airis Neo P9000 Vape jetable INTRODUCTION<\/div>\n<p><b>Airis Neo P9000 Vape jetable<\/b>\u00a0Avec un volume de 17ml d'e-liquide pr\u00e9-rempli, Airis Neo P9000 \u00e9voque diff\u00e9rentes saveurs jusqu'\u00e0 9000 bouff\u00e9es. Pour profiter encore plus des saveurs d\u00e9j\u00e0 excellentes, il utilise un flux d'air r\u00e9glable et un taux de nicotine de 5%(50mg). L'\u00e9cran d'affichage de l'e-liquide et de la batterie est situ\u00e9 \u00e0 l'avant pour une meilleure surveillance. Fabriqu\u00e9 \u00e0 partir d'une coque transparente de style cristal, le motif ondul\u00e9 ajoute de la d\u00e9licatesse. Prenez une bouff\u00e9e, le tirage MTL serr\u00e9 est con\u00e7u pour toutes les vapeurs.<\/p>\n<p class=\"second-title\">Caract\u00e9ristiques<\/p>\n<p>- 17ml E-Liquide pr\u00e9-rempli<\/p>\n<p>- 5%(50mg) Teneur en nicotine<\/p>\n<p>- Batterie rechargeable 650mAh<\/p>\n<p>- USB Type-C (non inclus)<\/p>\n<p>- Environ 9000 bouff\u00e9es<\/p>\n<p>- Bobine de maille<\/p>\n<p>- Dessin activ\u00e9<\/p>\n<p>- MTL Vaping<\/p>\n<p>- Contr\u00f4le r\u00e9glable du flux d'air<\/p>\n<p>- Capacit\u00e9 en e-liquide et affichage de l'\u00e9cran d'alimentation<\/p>\n<p>- Indicateur d'e-liquide<\/p>\n<p>- Protection contre les courts-circuits, la faible puissance et la charge<\/p>","protected":false},"excerpt":{"rendered":"<p>L'Airis Neo P9000 9000 Puffs Vape jetable en gros combine un flux d'air r\u00e9glable avec une technologie de chargement rapide, offrant une vapeur douce et une solution de vapotage ultra-portable.<\/p>","protected":false},"featured_media":7881,"comment_status":"open","ping_status":"closed","template":"","meta":[],"product_brand":[],"product_cat":[22],"product_tag":[],"class_list":{"0":"post-7625","1":"product","2":"type-product","3":"status-publish","4":"has-post-thumbnail","6":"product_cat-disposable-vape-sticks","8":"first","9":"instock","10":"shipping-taxable","11":"purchasable","12":"product-type-simple"},"jetpack_sharing_enabled":true,"tiered_pricing_type":"fixed","tiered_pricing_fixed_rules":{"1000":7,"10000":6,"50000":5},"tiered_pricing_product_settings":{"layout":"default","base_unit_name":{"singular":null,"plural":null},"default_variation":null},"tiered_pricing_minimum_quantity":100,"tiered_pricing_roles_data":[],"tiered_pricing_percentage_rules":[],"tiered_pricing_maximum_quantity":null,"tiered_pricing_quantity_step":null,"_links":{"self":[{"href":"https:\/\/cloudsupplyvapes.com\/fr\/wp-json\/wp\/v2\/product\/7625","targetHints":{"allow":["GET"]}}],"collection":[{"href":"https:\/\/cloudsupplyvapes.com\/fr\/wp-json\/wp\/v2\/product"}],"about":[{"href":"https:\/\/cloudsupplyvapes.com\/fr\/wp-json\/wp\/v2\/types\/product"}],"replies":[{"embeddable":true,"href":"https:\/\/cloudsupplyvapes.com\/fr\/wp-json\/wp\/v2\/comments?post=7625"}],"wp:featuredmedia":[{"embeddable":true,"href":"https:\/\/cloudsupplyvapes.com\/fr\/wp-json\/wp\/v2\/media\/7881"}],"wp:attachment":[{"href":"https:\/\/cloudsupplyvapes.com\/fr\/wp-json\/wp\/v2\/media?parent=7625"}],"wp:term":[{"taxonomy":"product_brand","embeddable":true,"href":"https:\/\/cloudsupplyvapes.com\/fr\/wp-json\/wp\/v2\/product_brand?post=7625"},{"taxonomy":"product_cat","embeddable":true,"href":"https:\/\/cloudsupplyvapes.com\/fr\/wp-json\/wp\/v2\/product_cat?post=7625"},{"taxonomy":"product_tag","embeddable":true,"href":"https:\/\/cloudsupplyvapes.com\/fr\/wp-json\/wp\/v2\/product_tag?post=7625"}],"curies":[{"name":"wp","href":"https:\/\/api.w.org\/{rel}","templated":true}]}}