{"id":7626,"date":"2024-10-19T02:53:57","date_gmt":"2024-10-19T02:53:57","guid":{"rendered":"https:\/\/cloudsupplyvapes.com\/?post_type=product&#038;p=7626"},"modified":"2024-11-25T07:34:50","modified_gmt":"2024-11-25T07:34:50","slug":"-244","status":"publish","type":"product","link":"https:\/\/cloudsupplyvapes.com\/fr\/product\/airis-mega-2000-puffs-disposable-vape-wholesale\/","title":{"rendered":"Airis MEGA 2000 Puffs Vape jetable Wholesale Long-Lasting Reliable Vape"},"content":{"rendered":"<h2>Airis MEGA \u00e0 usage unique<\/h2>\n<ul class=\"top\">\n<li style=\"list-style-type: none;\">\n<ul class=\"top\">\n<li>Marque : Airis<\/li>\n<li>Unit\u00e9 : ensemble<\/li>\n<li>Type : Kit de vaporisation jetable<\/li>\n<li>Poids net : 50(g)<\/li>\n<\/ul>\n<\/li>\n<\/ul>\n<p>Les frais d'exp\u00e9dition combin\u00e9s seront calcul\u00e9s automatiquement par le syst\u00e8me une fois que vous aurez choisi la destination d'exp\u00e9dition \u00e0 l'\u00e9tape de la commande.<\/p>\n<div class=\"title\">Airis MEGA \u00e0 usage unique INTRODUCTION<\/div>\n<p><b>Airis MEGA \u00e0 usage unique<\/b>\u00a0est \u00e9quip\u00e9 d'une batterie int\u00e9gr\u00e9e de 1050mAh et d'une capacit\u00e9 de 6mL de jus de vape contenant un taux de nicotine de 5%. Le flux d'air est abondant pour les coups de vape et est \u00e9galement r\u00e9glable si vous pr\u00e9f\u00e9rez un coup de gorge plus fort, et chaque appareil peut satisfaire environ 2000 bouff\u00e9es. Ce kit n'a qu'une seule valeur de r\u00e9sistance, \u00e0 savoir 1,8 ohm, ce qui permet aux clients de n'avoir qu'une seule exp\u00e9rience de vapotage pour un go\u00fbt homog\u00e8ne. 15 types de saveurs doivent \u00eatre une autre partie impressionnante de l'appareil entier, choisissez ce que vous attendez pour ces saveurs sucr\u00e9es.<\/p>\n<p class=\"second-title\">Caract\u00e9ristiques<\/p>\n<p>- Batterie int\u00e9gr\u00e9e de 1050mAh<\/p>\n<p>- Capacit\u00e9 de 6mL de Vape Juice<\/p>\n<p>- Satisfaire environ 2000 bouff\u00e9es<\/p>\n<p>- 5% Sel Intensit\u00e9 de la nicotine<\/p>\n<p>- 15 options de saveurs<\/p>\n<p>- Bobine 1.8ohm<\/p>\n<p><a href=\"https:\/\/i0.wp.com\/shop.vape.hk\/wp-content\/uploads\/2024\/03\/airis-mega-disposable1_4.jpg?ssl=1\" target=\"_blank\" rel=\"noopener\"><img data-recalc-dims=\"1\" loading=\"lazy\" decoding=\"async\" class=\"alignnone size-full wp-image-129304\" src=\"https:\/\/i0.wp.com\/shop.vape.hk\/wp-content\/uploads\/2024\/03\/airis-mega-disposable1_4.jpg?resize=1020%2C644&#038;ssl=1\" alt=\"Airis MEGA 2000 Bouff\u00e9es Jetables Vape | Wholesale\" width=\"1020\" height=\"644\" title=\"\"><\/a> <a href=\"https:\/\/i0.wp.com\/shop.vape.hk\/wp-content\/uploads\/2024\/03\/airis-mega-disposable1_3.jpg?ssl=1\" target=\"_blank\" rel=\"noopener\"><img data-recalc-dims=\"1\" loading=\"lazy\" decoding=\"async\" class=\"alignnone size-full wp-image-129303\" src=\"https:\/\/i0.wp.com\/shop.vape.hk\/wp-content\/uploads\/2024\/03\/airis-mega-disposable1_3.jpg?resize=1020%2C344&#038;ssl=1\" alt=\"Airis MEGA 2000 Bouff\u00e9es Jetables Vape | Wholesale\" width=\"1020\" height=\"344\" title=\"\"><\/a> <a href=\"https:\/\/i0.wp.com\/shop.vape.hk\/wp-content\/uploads\/2024\/03\/airis-mega-disposable1_1.jpg?ssl=1\" target=\"_blank\" rel=\"noopener\"><img data-recalc-dims=\"1\" loading=\"lazy\" decoding=\"async\" class=\"alignnone size-full wp-image-129302\" src=\"https:\/\/i0.wp.com\/shop.vape.hk\/wp-content\/uploads\/2024\/03\/airis-mega-disposable1_1.jpg?resize=1020%2C934&#038;ssl=1\" alt=\"Airis MEGA 2000 Bouff\u00e9es Jetables Vape | Wholesale\" width=\"1020\" height=\"934\" title=\"\"><\/a> <a href=\"https:\/\/i0.wp.com\/shop.vape.hk\/wp-content\/uploads\/2024\/03\/airis-mega-disposable1_2.jpg?ssl=1\" target=\"_blank\" rel=\"noopener\"><img data-recalc-dims=\"1\" loading=\"lazy\" decoding=\"async\" class=\"alignnone size-full wp-image-129300\" src=\"https:\/\/i0.wp.com\/shop.vape.hk\/wp-content\/uploads\/2024\/03\/airis-mega-disposable1_2.jpg?resize=1020%2C804&#038;ssl=1\" alt=\"Airis MEGA 2000 Bouff\u00e9es Jetables Vape | Wholesale\" width=\"1020\" height=\"804\" title=\"\"><\/a><\/p>","protected":false},"excerpt":{"rendered":"<p>L'Airis MEGA 2000 Puffs Vape Wholesale offre des performances constantes, une longue dur\u00e9e de vie de la batterie et un design \u00e9l\u00e9gant, garantissant une vapeur riche et une exp\u00e9rience de vapotage discr\u00e8te.<\/p>","protected":false},"featured_media":7889,"comment_status":"open","ping_status":"closed","template":"","meta":[],"product_brand":[],"product_cat":[22],"product_tag":[],"class_list":{"0":"post-7626","1":"product","2":"type-product","3":"status-publish","4":"has-post-thumbnail","6":"product_cat-disposable-vape-sticks","8":"first","9":"instock","10":"shipping-taxable","11":"purchasable","12":"product-type-simple"},"jetpack_sharing_enabled":true,"tiered_pricing_type":"fixed","tiered_pricing_fixed_rules":{"1000":5,"10000":4,"50000":3},"tiered_pricing_product_settings":{"layout":"default","base_unit_name":{"singular":null,"plural":null},"default_variation":null},"tiered_pricing_minimum_quantity":100,"tiered_pricing_roles_data":[],"tiered_pricing_percentage_rules":[],"tiered_pricing_maximum_quantity":null,"tiered_pricing_quantity_step":null,"_links":{"self":[{"href":"https:\/\/cloudsupplyvapes.com\/fr\/wp-json\/wp\/v2\/product\/7626","targetHints":{"allow":["GET"]}}],"collection":[{"href":"https:\/\/cloudsupplyvapes.com\/fr\/wp-json\/wp\/v2\/product"}],"about":[{"href":"https:\/\/cloudsupplyvapes.com\/fr\/wp-json\/wp\/v2\/types\/product"}],"replies":[{"embeddable":true,"href":"https:\/\/cloudsupplyvapes.com\/fr\/wp-json\/wp\/v2\/comments?post=7626"}],"wp:featuredmedia":[{"embeddable":true,"href":"https:\/\/cloudsupplyvapes.com\/fr\/wp-json\/wp\/v2\/media\/7889"}],"wp:attachment":[{"href":"https:\/\/cloudsupplyvapes.com\/fr\/wp-json\/wp\/v2\/media?parent=7626"}],"wp:term":[{"taxonomy":"product_brand","embeddable":true,"href":"https:\/\/cloudsupplyvapes.com\/fr\/wp-json\/wp\/v2\/product_brand?post=7626"},{"taxonomy":"product_cat","embeddable":true,"href":"https:\/\/cloudsupplyvapes.com\/fr\/wp-json\/wp\/v2\/product_cat?post=7626"},{"taxonomy":"product_tag","embeddable":true,"href":"https:\/\/cloudsupplyvapes.com\/fr\/wp-json\/wp\/v2\/product_tag?post=7626"}],"curies":[{"name":"wp","href":"https:\/\/api.w.org\/{rel}","templated":true}]}}