{"id":7627,"date":"2024-10-19T02:53:57","date_gmt":"2024-10-19T02:53:57","guid":{"rendered":"https:\/\/cloudsupplyvapes.com\/?post_type=product&#038;p=7627"},"modified":"2024-11-25T07:34:33","modified_gmt":"2024-11-25T07:34:33","slug":"-245","status":"publish","type":"product","link":"https:\/\/cloudsupplyvapes.com\/fr\/product\/airis-chief-2600-puffs-disposable-vape-wholesale\/","title":{"rendered":"Airis Chief 2600 Puffs Vape jetable Wholesale Compact Durable Performance"},"content":{"rendered":"<h2>Airis Chief jetable<\/h2>\n<ul class=\"top\">\n<li style=\"list-style-type: none;\">\n<ul class=\"top\">\n<li>Marque : Airis<\/li>\n<li>Unit\u00e9 : ensemble<\/li>\n<li>Type : Kit de vaporisation jetable<\/li>\n<li>Poids net : 50(g)<\/li>\n<\/ul>\n<\/li>\n<\/ul>\n<p>Les frais d'exp\u00e9dition combin\u00e9s seront calcul\u00e9s automatiquement par le syst\u00e8me une fois que vous aurez choisi la destination d'exp\u00e9dition \u00e0 l'\u00e9tape de la commande.<\/p>\n<div class=\"title\">Airis Chief jetable INTRODUCTION<\/div>\n<p><b>Airis Chief jetable<\/b>\u00a0Il est \u00e9quip\u00e9 d'une batterie interne de 1200 mAh et est adapt\u00e9 \u00e0 la r\u00e9sistance la plus puissante de 1,8 ohm. Il dispose d'une capacit\u00e9 ultra-grande de 7 ml de e-liquide, capable d'utiliser une concentration de nicotine sal\u00e9e 5%, pour une saveur douce et exceptionnelle. De plus, vous pouvez choisir parmi 15 saveurs diff\u00e9rentes, chacune vous permettant de profiter de 2600 bouff\u00e9es. Quoi qu'il en soit, il s'agit d'un dispositif de vapotage jetable haut de gamme qui allie \u00e9l\u00e9gance et technologie.<\/p>\n<p class=\"second-title\">Caract\u00e9ristiques<\/p>\n<p>- Batterie interne de 1200mAh<\/p>\n<p>- Bobine 1.8ohm<\/p>\n<p>\u2022 Capacit\u00e9 de 7 ml pour le liquide \u00e0 vapoter<\/p>\n<p>- 5% Sel Intensit\u00e9 de la nicotine<\/p>\n<p>- 15 options de saveurs<\/p>\n<p>\u2022 2600 bouff\u00e9es par unit\u00e9<\/p>\n<p><a href=\"https:\/\/i0.wp.com\/shop.vape.hk\/wp-content\/uploads\/2024\/03\/airis-chief-disposable1_2.jpg?ssl=1\" target=\"_blank\" rel=\"noopener\"><img data-recalc-dims=\"1\" loading=\"lazy\" decoding=\"async\" class=\"alignnone size-full wp-image-129324\" src=\"https:\/\/i0.wp.com\/shop.vape.hk\/wp-content\/uploads\/2024\/03\/airis-chief-disposable1_2.jpg?resize=1020%2C562&#038;ssl=1\" alt=\"Airis Chief 2600 Puffs Vape jetable | Wholesale\" width=\"1020\" height=\"562\" title=\"\"><\/a> <a href=\"https:\/\/i0.wp.com\/shop.vape.hk\/wp-content\/uploads\/2024\/03\/airis-chief-disposable1_1.jpg?ssl=1\" target=\"_blank\" rel=\"noopener\"><img data-recalc-dims=\"1\" loading=\"lazy\" decoding=\"async\" class=\"alignnone size-full wp-image-129323\" src=\"https:\/\/i0.wp.com\/shop.vape.hk\/wp-content\/uploads\/2024\/03\/airis-chief-disposable1_1.jpg?resize=1020%2C534&#038;ssl=1\" alt=\"Airis Chief 2600 Puffs Vape jetable | Wholesale\" width=\"1020\" height=\"534\" title=\"\"><\/a><\/p>","protected":false},"excerpt":{"rendered":"<p>La cigarette \u00e9lectronique jetable Airis Chief 2600 bouff\u00e9es en gros est con\u00e7ue avec une structure compacte, une construction durable et des bouff\u00e9es douces pour la gorge, ce qui en fait une solution portable et adapt\u00e9e aux d\u00e9butants.<\/p>","protected":false},"featured_media":7896,"comment_status":"open","ping_status":"closed","template":"","meta":[],"product_brand":[],"product_cat":[22],"product_tag":[],"class_list":{"0":"post-7627","1":"product","2":"type-product","3":"status-publish","4":"has-post-thumbnail","6":"product_cat-disposable-vape-sticks","8":"first","9":"instock","10":"shipping-taxable","11":"purchasable","12":"product-type-simple"},"jetpack_sharing_enabled":true,"tiered_pricing_type":"fixed","tiered_pricing_fixed_rules":{"1000":4.5,"10000":3.5,"50000":2.5},"tiered_pricing_product_settings":{"layout":"default","base_unit_name":{"singular":null,"plural":null},"default_variation":null},"tiered_pricing_minimum_quantity":100,"tiered_pricing_roles_data":[],"tiered_pricing_percentage_rules":[],"tiered_pricing_maximum_quantity":null,"tiered_pricing_quantity_step":null,"_links":{"self":[{"href":"https:\/\/cloudsupplyvapes.com\/fr\/wp-json\/wp\/v2\/product\/7627","targetHints":{"allow":["GET"]}}],"collection":[{"href":"https:\/\/cloudsupplyvapes.com\/fr\/wp-json\/wp\/v2\/product"}],"about":[{"href":"https:\/\/cloudsupplyvapes.com\/fr\/wp-json\/wp\/v2\/types\/product"}],"replies":[{"embeddable":true,"href":"https:\/\/cloudsupplyvapes.com\/fr\/wp-json\/wp\/v2\/comments?post=7627"}],"wp:featuredmedia":[{"embeddable":true,"href":"https:\/\/cloudsupplyvapes.com\/fr\/wp-json\/wp\/v2\/media\/7896"}],"wp:attachment":[{"href":"https:\/\/cloudsupplyvapes.com\/fr\/wp-json\/wp\/v2\/media?parent=7627"}],"wp:term":[{"taxonomy":"product_brand","embeddable":true,"href":"https:\/\/cloudsupplyvapes.com\/fr\/wp-json\/wp\/v2\/product_brand?post=7627"},{"taxonomy":"product_cat","embeddable":true,"href":"https:\/\/cloudsupplyvapes.com\/fr\/wp-json\/wp\/v2\/product_cat?post=7627"},{"taxonomy":"product_tag","embeddable":true,"href":"https:\/\/cloudsupplyvapes.com\/fr\/wp-json\/wp\/v2\/product_tag?post=7627"}],"curies":[{"name":"wp","href":"https:\/\/api.w.org\/{rel}","templated":true}]}}