{"id":7628,"date":"2024-10-19T02:53:57","date_gmt":"2024-10-19T02:53:57","guid":{"rendered":"https:\/\/cloudsupplyvapes.com\/?post_type=product&#038;p=7628"},"modified":"2024-11-25T07:34:13","modified_gmt":"2024-11-25T07:34:13","slug":"-246","status":"publish","type":"product","link":"https:\/\/cloudsupplyvapes.com\/fr\/product\/airis-beast-4000-puffs-disposable-vape-wholesale\/","title":{"rendered":"Airis Beast 4000 Puffs Vape jetable en gros Haute capacit\u00e9 Design l\u00e9ger"},"content":{"rendered":"<h2>Airis Beast Kit jetable 4000 bouff\u00e9es 2200mAh<\/h2>\n<ul class=\"top\">\n<li>Marque : Airis<\/li>\n<li>Unit\u00e9 : ensemble<\/li>\n<li>Type : Kit de vaporisation jetable<\/li>\n<li>Poids net : 50(g)<\/li>\n<\/ul>\n<p>Les frais d'exp\u00e9dition combin\u00e9s seront calcul\u00e9s automatiquement par le syst\u00e8me une fois que vous aurez choisi la destination d'exp\u00e9dition \u00e0 l'\u00e9tape de la commande.<\/p>\n<div class=\"title\">Kit \u00e0 usage unique Airis Beast INTRODUCTION<\/div>\n<p>Pr\u00e9parez-vous \u00e0 la\u00a0<b>Kit \u00e0 usage unique Airis Beast<\/b>\u00a0parce qu'il s'agit d'une aventure saisissante de la technologie du vapotage ! Il est aliment\u00e9 par une batterie de 2200mAh fabriqu\u00e9e sur mesure, qui surpasse la plupart des batteries du march\u00e9, et avec sa capacit\u00e9 de 16ml de jus de vape, ne peut-il pas prendre environ 4000 bouff\u00e9es ? Il dispose \u00e9galement d'un syst\u00e8me de d\u00e9bit d'air r\u00e9glable et est \u00e9quip\u00e9 d'un taux de nicotine sal\u00e9e de 5%, ce qui vous permet de profiter d'une exp\u00e9rience de vapotage parfaite.<\/p>\n<p>Lors de l'inhalation, les ingr\u00e9dients de premier ordre apportent un type de saveur complexe, harmonieuse et fruit\u00e9e qui frappe vos papilles gustatives, et vous avez le choix entre 15 saveurs diff\u00e9rentes, ce qui \u00e9poustouflera votre imagination. Pour ce qui est de l'assainissement de l'embout buccal, ne vous inqui\u00e9tez pas, car il est dot\u00e9 d'une protection de l'embout buccal et d'un capuchon amovible. Si vous \u00eates \u00e0 la recherche d'un kit jetable, ne cherchez pas plus loin que le kit jetable Airis Beast, il doit satisfaire toute votre imagination.<\/p>\n<p class=\"second-title\">Caract\u00e9ristiques<\/p>\n<p>- Aliment\u00e9 par une batterie de 2200mAh fabriqu\u00e9e sur mesure<\/p>\n<p>- Capacit\u00e9 de 16ml de Vape Juice<\/p>\n<p>- Prendre environ 4000 bouff\u00e9es<\/p>\n<p>- Saveur complexe, harmonieuse et fruit\u00e9e<\/p>\n<p>- 15 saveurs diff\u00e9rentes \u00e0 choisir<\/p>\n<p>- Conception de la protection de l'embout<\/p>\n<p>- Capuchon amovible<\/p>","protected":false},"excerpt":{"rendered":"<p>L'Airis Beast 4000 Puffs Disposable Vape Wholesale est dot\u00e9 d'une grande capacit\u00e9, d'une construction l\u00e9g\u00e8re et d'une production de vapeur r\u00e9guli\u00e8re, offrant une exp\u00e9rience de vapotage sans probl\u00e8me pour une utilisation portable.<\/p>","protected":false},"featured_media":7912,"comment_status":"open","ping_status":"closed","template":"","meta":[],"product_brand":[],"product_cat":[22],"product_tag":[],"class_list":{"0":"post-7628","1":"product","2":"type-product","3":"status-publish","4":"has-post-thumbnail","6":"product_cat-disposable-vape-sticks","8":"first","9":"instock","10":"shipping-taxable","11":"purchasable","12":"product-type-simple"},"jetpack_sharing_enabled":true,"tiered_pricing_type":"fixed","tiered_pricing_fixed_rules":{"1000":5,"10000":4,"50000":3},"tiered_pricing_product_settings":{"layout":"default","base_unit_name":{"singular":null,"plural":null},"default_variation":null},"tiered_pricing_minimum_quantity":100,"tiered_pricing_roles_data":[],"tiered_pricing_percentage_rules":[],"tiered_pricing_maximum_quantity":null,"tiered_pricing_quantity_step":null,"_links":{"self":[{"href":"https:\/\/cloudsupplyvapes.com\/fr\/wp-json\/wp\/v2\/product\/7628","targetHints":{"allow":["GET"]}}],"collection":[{"href":"https:\/\/cloudsupplyvapes.com\/fr\/wp-json\/wp\/v2\/product"}],"about":[{"href":"https:\/\/cloudsupplyvapes.com\/fr\/wp-json\/wp\/v2\/types\/product"}],"replies":[{"embeddable":true,"href":"https:\/\/cloudsupplyvapes.com\/fr\/wp-json\/wp\/v2\/comments?post=7628"}],"wp:featuredmedia":[{"embeddable":true,"href":"https:\/\/cloudsupplyvapes.com\/fr\/wp-json\/wp\/v2\/media\/7912"}],"wp:attachment":[{"href":"https:\/\/cloudsupplyvapes.com\/fr\/wp-json\/wp\/v2\/media?parent=7628"}],"wp:term":[{"taxonomy":"product_brand","embeddable":true,"href":"https:\/\/cloudsupplyvapes.com\/fr\/wp-json\/wp\/v2\/product_brand?post=7628"},{"taxonomy":"product_cat","embeddable":true,"href":"https:\/\/cloudsupplyvapes.com\/fr\/wp-json\/wp\/v2\/product_cat?post=7628"},{"taxonomy":"product_tag","embeddable":true,"href":"https:\/\/cloudsupplyvapes.com\/fr\/wp-json\/wp\/v2\/product_tag?post=7628"}],"curies":[{"name":"wp","href":"https:\/\/api.w.org\/{rel}","templated":true}]}}