{"id":778,"date":"2024-10-19T02:15:05","date_gmt":"2024-10-19T02:15:05","guid":{"rendered":"https:\/\/cloudsupplyvapes.com\/?post_type=product&#038;p=778"},"modified":"2024-11-26T09:24:19","modified_gmt":"2024-11-26T09:24:19","slug":"-20","status":"publish","type":"product","link":"https:\/\/cloudsupplyvapes.com\/fr\/product\/iqte-cube-2500-puff-disposable-wholesale\/","title":{"rendered":"IQTE Cube 2500 Puff Disposable Vape Wholesale Compact High Nicotine Strength"},"content":{"rendered":"<p>5% Sel de nicotine.<\/p>\n<p>2500 bouff\u00e9es par appareil.<\/p>\n<p>M\u00e9canisme de mise \u00e0 feu activ\u00e9 par le tirage.<\/p>\n<p>10 saveurs disponibles.<\/p>\n<p>6.0ML de E-liquide.<\/p>\n<p>Batterie int\u00e9gr\u00e9e de 550mAh.<\/p>\n<p>10 pi\u00e8ces dans une bo\u00eete d'exposition.<\/p>\n<p>Taille : 20*20*97mm.<\/p>\n<p>&nbsp;<\/p>\n<p>Saveur :<\/p>\n<p>Glace \u00e0 la past\u00e8que<\/p>\n<p>Banane fraise<\/p>\n<p>Limonade Blue Razz<\/p>\n<p>Glace \u00e0 la mangue<\/p>\n<p>Glace \u00e0 la banane<\/p>\n<p>Glace de p\u00eache<\/p>\n<p>Baies m\u00e9lang\u00e9es<\/p>","protected":false},"excerpt":{"rendered":"<p>IQTE Cube 2500 Puff Disposable Vape Wholesale offre un taux de nicotine \u00e9lev\u00e9, un design compact et une vapeur douce pour des exp\u00e9riences de vapotage constantes et satisfaisantes.<\/p>","protected":false},"featured_media":808,"comment_status":"open","ping_status":"closed","template":"","meta":[],"product_brand":[],"product_cat":[22],"product_tag":[],"class_list":{"0":"post-778","1":"product","2":"type-product","3":"status-publish","4":"has-post-thumbnail","6":"product_cat-disposable-vape-sticks","8":"first","9":"instock","10":"shipping-taxable","11":"purchasable","12":"product-type-simple"},"jetpack_sharing_enabled":true,"tiered_pricing_type":"fixed","tiered_pricing_fixed_rules":{"1000":5.20000000000000017763568394002504646778106689453125,"10000":4.5,"30000":4},"tiered_pricing_product_settings":{"layout":"default","base_unit_name":{"singular":null,"plural":null},"default_variation":null},"tiered_pricing_minimum_quantity":100,"tiered_pricing_roles_data":[],"tiered_pricing_percentage_rules":[],"tiered_pricing_maximum_quantity":null,"tiered_pricing_quantity_step":null,"_links":{"self":[{"href":"https:\/\/cloudsupplyvapes.com\/fr\/wp-json\/wp\/v2\/product\/778","targetHints":{"allow":["GET"]}}],"collection":[{"href":"https:\/\/cloudsupplyvapes.com\/fr\/wp-json\/wp\/v2\/product"}],"about":[{"href":"https:\/\/cloudsupplyvapes.com\/fr\/wp-json\/wp\/v2\/types\/product"}],"replies":[{"embeddable":true,"href":"https:\/\/cloudsupplyvapes.com\/fr\/wp-json\/wp\/v2\/comments?post=778"}],"wp:featuredmedia":[{"embeddable":true,"href":"https:\/\/cloudsupplyvapes.com\/fr\/wp-json\/wp\/v2\/media\/808"}],"wp:attachment":[{"href":"https:\/\/cloudsupplyvapes.com\/fr\/wp-json\/wp\/v2\/media?parent=778"}],"wp:term":[{"taxonomy":"product_brand","embeddable":true,"href":"https:\/\/cloudsupplyvapes.com\/fr\/wp-json\/wp\/v2\/product_brand?post=778"},{"taxonomy":"product_cat","embeddable":true,"href":"https:\/\/cloudsupplyvapes.com\/fr\/wp-json\/wp\/v2\/product_cat?post=778"},{"taxonomy":"product_tag","embeddable":true,"href":"https:\/\/cloudsupplyvapes.com\/fr\/wp-json\/wp\/v2\/product_tag?post=778"}],"curies":[{"name":"wp","href":"https:\/\/api.w.org\/{rel}","templated":true}]}}