{"id":779,"date":"2024-10-19T02:15:05","date_gmt":"2024-10-19T02:15:05","guid":{"rendered":"https:\/\/cloudsupplyvapes.com\/?post_type=product&#038;p=779"},"modified":"2024-11-26T09:24:31","modified_gmt":"2024-11-26T09:24:31","slug":"-21","status":"publish","type":"product","link":"https:\/\/cloudsupplyvapes.com\/fr\/product\/iqte-honor-4000-puff-disposable-wholesale\/","title":{"rendered":"IQTE Honor 4000 Puff Disposable Vape Wholesale Lightweight Durable Build"},"content":{"rendered":"<p>5% Sel de nicotine.<\/p>\n<p>4000 bouff\u00e9es par appareil.<\/p>\n<p>M\u00e9canisme de mise \u00e0 feu activ\u00e9 par le tirage.<\/p>\n<p>10 saveurs disponibles.<\/p>\n<p>10ML de E-liquide.<\/p>\n<p>Flux d'air r\u00e9glable.<\/p>\n<p>Batterie int\u00e9gr\u00e9e de 850mAh.<\/p>\n<p>10 pi\u00e8ces dans une bo\u00eete d'exposition.<\/p>\n<p>Rechargeable avec le port de type C<\/p>\n<p>&nbsp;<\/p>\n<p>Saveur :<\/p>\n<p>Glace \u00e0 la past\u00e8que<\/p>\n<p>Banane fraise<\/p>\n<p>Limonade Blue Razz<\/p>\n<p>Glace \u00e0 la mangue<\/p>\n<p>Glace \u00e0 la banane<\/p>\n<p>Glace de p\u00eache<\/p>\n<p>Baies m\u00e9lang\u00e9es<\/p>","protected":false},"excerpt":{"rendered":"<p>IQTE Honor 4000 Puff Vape Wholesale dispose d'un design l\u00e9ger et durable avec une sortie de vapeur douce et un fonctionnement sans probl\u00e8me pour un vapotage de premi\u00e8re qualit\u00e9.<\/p>","protected":false},"featured_media":809,"comment_status":"open","ping_status":"closed","template":"","meta":[],"product_brand":[],"product_cat":[22],"product_tag":[],"class_list":{"0":"post-779","1":"product","2":"type-product","3":"status-publish","4":"has-post-thumbnail","6":"product_cat-disposable-vape-sticks","8":"first","9":"instock","10":"shipping-taxable","11":"purchasable","12":"product-type-simple"},"jetpack_sharing_enabled":true,"tiered_pricing_type":"fixed","tiered_pricing_fixed_rules":{"1000":7.5,"10000":7,"30000":6},"tiered_pricing_product_settings":{"layout":"default","base_unit_name":{"singular":null,"plural":null},"default_variation":null},"tiered_pricing_minimum_quantity":100,"tiered_pricing_roles_data":[],"tiered_pricing_percentage_rules":[],"tiered_pricing_maximum_quantity":null,"tiered_pricing_quantity_step":null,"_links":{"self":[{"href":"https:\/\/cloudsupplyvapes.com\/fr\/wp-json\/wp\/v2\/product\/779","targetHints":{"allow":["GET"]}}],"collection":[{"href":"https:\/\/cloudsupplyvapes.com\/fr\/wp-json\/wp\/v2\/product"}],"about":[{"href":"https:\/\/cloudsupplyvapes.com\/fr\/wp-json\/wp\/v2\/types\/product"}],"replies":[{"embeddable":true,"href":"https:\/\/cloudsupplyvapes.com\/fr\/wp-json\/wp\/v2\/comments?post=779"}],"wp:featuredmedia":[{"embeddable":true,"href":"https:\/\/cloudsupplyvapes.com\/fr\/wp-json\/wp\/v2\/media\/809"}],"wp:attachment":[{"href":"https:\/\/cloudsupplyvapes.com\/fr\/wp-json\/wp\/v2\/media?parent=779"}],"wp:term":[{"taxonomy":"product_brand","embeddable":true,"href":"https:\/\/cloudsupplyvapes.com\/fr\/wp-json\/wp\/v2\/product_brand?post=779"},{"taxonomy":"product_cat","embeddable":true,"href":"https:\/\/cloudsupplyvapes.com\/fr\/wp-json\/wp\/v2\/product_cat?post=779"},{"taxonomy":"product_tag","embeddable":true,"href":"https:\/\/cloudsupplyvapes.com\/fr\/wp-json\/wp\/v2\/product_tag?post=779"}],"curies":[{"name":"wp","href":"https:\/\/api.w.org\/{rel}","templated":true}]}}