{"id":781,"date":"2024-10-19T02:15:05","date_gmt":"2024-10-19T02:15:05","guid":{"rendered":"https:\/\/cloudsupplyvapes.com\/?post_type=product&#038;p=781"},"modified":"2024-11-26T09:24:42","modified_gmt":"2024-11-26T09:24:42","slug":"-22","status":"publish","type":"product","link":"https:\/\/cloudsupplyvapes.com\/fr\/product\/iqte-box-6000-puff-disposable-wholesale\/","title":{"rendered":"IQTE Box 6000 Puff Disposable Vape Wholesale High Capacity Long-Lasting Performance"},"content":{"rendered":"<p>5% Sel de nicotine.<\/p>\n<p>6000 bouff\u00e9es par appareil.<\/p>\n<p>M\u00e9canisme de mise \u00e0 feu activ\u00e9 par le tirage.<\/p>\n<p>10 saveurs disponibles.<\/p>\n<p>Capacit\u00e9 de l'huile de fum\u00e9e 15mL<\/p>\n<p>10 pi\u00e8ces dans une bo\u00eete de pr\u00e9sentation.<\/p>\n<p>Saveur douce et durable.<\/p>\n<p>Bobine de maille<\/p>\n<p>Taille : 34*18*90mm<\/p>\n<p>Chargement de type C<\/p>\n<p>&nbsp;<\/p>\n<p>Saveur :<\/p>\n<p>Glace \u00e0 la framboise bleue<\/p>\n<p>Menthe fra\u00eeche<\/p>\n<p>Glace \u00e0 la mangue<\/p>\n<p>Glace \u00e0 la p\u00eache<\/p>\n<p>Glace \u00e0 la past\u00e8que<\/p>\n<p>Limonade Blue Razz<\/p>\n<p>Baies m\u00e9lang\u00e9es<\/p>\n<p>Past\u00e8que \u00e0 la fraise<\/p>\n<p>Fraise et banane<\/p>\n<p>Banane glac\u00e9e<\/p>","protected":false},"excerpt":{"rendered":"<p>L'IQTE Box 6000 Puff Disposable Vape Wholesale combine une grande capacit\u00e9, des performances constantes et un design durable pour un usage prolong\u00e9 et agr\u00e9able.<\/p>","protected":false},"featured_media":811,"comment_status":"open","ping_status":"closed","template":"","meta":[],"product_brand":[],"product_cat":[22],"product_tag":[],"class_list":{"0":"post-781","1":"product","2":"type-product","3":"status-publish","4":"has-post-thumbnail","6":"product_cat-disposable-vape-sticks","8":"first","9":"instock","10":"shipping-taxable","11":"purchasable","12":"product-type-simple"},"jetpack_sharing_enabled":true,"tiered_pricing_type":"fixed","tiered_pricing_fixed_rules":{"1000":8.5,"10000":8,"30000":7},"tiered_pricing_product_settings":{"layout":"default","base_unit_name":{"singular":null,"plural":null},"default_variation":null},"tiered_pricing_minimum_quantity":100,"tiered_pricing_roles_data":[],"tiered_pricing_percentage_rules":[],"tiered_pricing_maximum_quantity":null,"tiered_pricing_quantity_step":null,"_links":{"self":[{"href":"https:\/\/cloudsupplyvapes.com\/fr\/wp-json\/wp\/v2\/product\/781","targetHints":{"allow":["GET"]}}],"collection":[{"href":"https:\/\/cloudsupplyvapes.com\/fr\/wp-json\/wp\/v2\/product"}],"about":[{"href":"https:\/\/cloudsupplyvapes.com\/fr\/wp-json\/wp\/v2\/types\/product"}],"replies":[{"embeddable":true,"href":"https:\/\/cloudsupplyvapes.com\/fr\/wp-json\/wp\/v2\/comments?post=781"}],"wp:featuredmedia":[{"embeddable":true,"href":"https:\/\/cloudsupplyvapes.com\/fr\/wp-json\/wp\/v2\/media\/811"}],"wp:attachment":[{"href":"https:\/\/cloudsupplyvapes.com\/fr\/wp-json\/wp\/v2\/media?parent=781"}],"wp:term":[{"taxonomy":"product_brand","embeddable":true,"href":"https:\/\/cloudsupplyvapes.com\/fr\/wp-json\/wp\/v2\/product_brand?post=781"},{"taxonomy":"product_cat","embeddable":true,"href":"https:\/\/cloudsupplyvapes.com\/fr\/wp-json\/wp\/v2\/product_cat?post=781"},{"taxonomy":"product_tag","embeddable":true,"href":"https:\/\/cloudsupplyvapes.com\/fr\/wp-json\/wp\/v2\/product_tag?post=781"}],"curies":[{"name":"wp","href":"https:\/\/api.w.org\/{rel}","templated":true}]}}