{"id":785,"date":"2024-10-19T02:15:05","date_gmt":"2024-10-19T02:15:05","guid":{"rendered":"https:\/\/cloudsupplyvapes.com\/?post_type=product&#038;p=785"},"modified":"2024-11-26T09:25:13","modified_gmt":"2024-11-26T09:25:13","slug":"-25","status":"publish","type":"product","link":"https:\/\/cloudsupplyvapes.com\/fr\/product\/iqte-heart-1500-puff-disposable-wholesale\/","title":{"rendered":"IQTE Heart 1500 Puff Disposable Vape Wholesale Compact High Nicotine Strength"},"content":{"rendered":"<p>5% Sel de nicotine.<\/p>\n<p>1500 bouff\u00e9es par appareil.<\/p>\n<p>M\u00e9canisme de mise \u00e0 feu activ\u00e9 par le tirage.<\/p>\n<p>12 saveurs disponibles.<\/p>\n<p>5ML de E-liquide.<\/p>\n<p>10 pi\u00e8ces dans une bo\u00eete de pr\u00e9sentation.<\/p>\n<p>Saveur douce et durable.<\/p>\n<p>Taille : 17*100mm<\/p>\n<p>&nbsp;<\/p>\n<p>Saveur :<\/p>\n<p>Menthe fra\u00eeche<\/p>\n<p>Limonade Blue Razz<\/p>\n<p>Glace \u00e0 la mangue<\/p>\n<p>Pina Colada<\/p>\n<p>Glace \u00e0 la p\u00eache<\/p>\n<p>Myrtille sur glace<\/p>\n<p>Glace luxuriante<\/p>\n<p>Baies m\u00e9lang\u00e9es<\/p>\n<p>Fraise et banane<\/p>\n<p>Mamba<\/p>\n<p>Past\u00e8que \u00e0 la fraise<\/p>\n<p>Banane glac\u00e9e<\/p>","protected":false},"excerpt":{"rendered":"<p>IQTE Heart 1500 Puff Disposable Vape Wholesale pr\u00e9sente un fort taux de nicotine, un design compact et un d\u00e9bit de vapeur constant pour un vapotage rapide et pratique.<\/p>","protected":false},"featured_media":815,"comment_status":"open","ping_status":"closed","template":"","meta":[],"product_brand":[],"product_cat":[22],"product_tag":[],"class_list":{"0":"post-785","1":"product","2":"type-product","3":"status-publish","4":"has-post-thumbnail","6":"product_cat-disposable-vape-sticks","8":"first","9":"instock","10":"shipping-taxable","11":"purchasable","12":"product-type-simple"},"jetpack_sharing_enabled":true,"tiered_pricing_type":"fixed","tiered_pricing_fixed_rules":{"1000":3.79999999999999982236431605997495353221893310546875,"10000":3.20000000000000017763568394002504646778106689453125,"30000":3},"tiered_pricing_product_settings":{"layout":"default","base_unit_name":{"singular":null,"plural":null},"default_variation":null},"tiered_pricing_minimum_quantity":100,"tiered_pricing_roles_data":[],"tiered_pricing_percentage_rules":[],"tiered_pricing_maximum_quantity":null,"tiered_pricing_quantity_step":null,"_links":{"self":[{"href":"https:\/\/cloudsupplyvapes.com\/fr\/wp-json\/wp\/v2\/product\/785","targetHints":{"allow":["GET"]}}],"collection":[{"href":"https:\/\/cloudsupplyvapes.com\/fr\/wp-json\/wp\/v2\/product"}],"about":[{"href":"https:\/\/cloudsupplyvapes.com\/fr\/wp-json\/wp\/v2\/types\/product"}],"replies":[{"embeddable":true,"href":"https:\/\/cloudsupplyvapes.com\/fr\/wp-json\/wp\/v2\/comments?post=785"}],"wp:featuredmedia":[{"embeddable":true,"href":"https:\/\/cloudsupplyvapes.com\/fr\/wp-json\/wp\/v2\/media\/815"}],"wp:attachment":[{"href":"https:\/\/cloudsupplyvapes.com\/fr\/wp-json\/wp\/v2\/media?parent=785"}],"wp:term":[{"taxonomy":"product_brand","embeddable":true,"href":"https:\/\/cloudsupplyvapes.com\/fr\/wp-json\/wp\/v2\/product_brand?post=785"},{"taxonomy":"product_cat","embeddable":true,"href":"https:\/\/cloudsupplyvapes.com\/fr\/wp-json\/wp\/v2\/product_cat?post=785"},{"taxonomy":"product_tag","embeddable":true,"href":"https:\/\/cloudsupplyvapes.com\/fr\/wp-json\/wp\/v2\/product_tag?post=785"}],"curies":[{"name":"wp","href":"https:\/\/api.w.org\/{rel}","templated":true}]}}