{"id":787,"date":"2024-10-19T02:15:06","date_gmt":"2024-10-19T02:15:06","guid":{"rendered":"https:\/\/cloudsupplyvapes.com\/?post_type=product&#038;p=787"},"modified":"2024-11-26T09:23:29","modified_gmt":"2024-11-26T09:23:29","slug":"-26","status":"publish","type":"product","link":"https:\/\/cloudsupplyvapes.com\/fr\/product\/filex-super-bar-2000-puff-disposable-wholesale\/","title":{"rendered":"FILEX Super Bar 2000 Puff Disposable Vape Wholesale Lightweight Durable Build"},"content":{"rendered":"<p>5% Sel de nicotine.<\/p>\n<p>2000 bouff\u00e9es par appareil.<\/p>\n<p>M\u00e9canisme de mise \u00e0 feu activ\u00e9 par le tirage.<\/p>\n<p>12 saveurs disponibles.<\/p>\n<p>6.5ML de E-liquide.<\/p>\n<p>Batterie int\u00e9gr\u00e9e de 1250mAh.<\/p>\n<p>10 pi\u00e8ces dans une bo\u00eete de pr\u00e9sentation.<\/p>\n<p>Saveur douce et durable<\/p>\n<p>&nbsp;<\/p>\n<p>Saveur :<\/p>\n<p>Baies m\u00e9lang\u00e9es<\/p>\n<p>Limonade Blue Razz<\/p>\n<p>Sexy Lush<\/p>\n<p>Glace \u00e0 la mangue<\/p>\n<p>Past\u00e8que \u00e0 la fraise<\/p>\n<p>Glace aux myrtilles<\/p>\n<p>Red Bull Ice<\/p>\n<p>Triple Shake<\/p>\n<p>Glace \u00e0 la past\u00e8que<\/p>\n<p>Mamba Ice<\/p>\n<p>Menthe froide<\/p>\n<p>Banane glac\u00e9e<\/p>","protected":false},"excerpt":{"rendered":"<p>FILEX Super Bar 2000 Puff Disposable Vape Wholesale se caract\u00e9rise par un poids l\u00e9ger, une construction durable et une production de vapeur r\u00e9guli\u00e8re, parfaite pour un vapotage fiable et pratique.<\/p>","protected":false},"featured_media":817,"comment_status":"open","ping_status":"closed","template":"","meta":[],"product_brand":[],"product_cat":[22],"product_tag":[],"class_list":{"0":"post-787","1":"product","2":"type-product","3":"status-publish","4":"has-post-thumbnail","6":"product_cat-disposable-vape-sticks","8":"first","9":"instock","10":"shipping-taxable","11":"purchasable","12":"product-type-simple"},"jetpack_sharing_enabled":true,"tiered_pricing_type":"fixed","tiered_pricing_fixed_rules":{"1000":4.29999999999999982236431605997495353221893310546875,"10000":3.70000000000000017763568394002504646778106689453125,"30000":3.20000000000000017763568394002504646778106689453125},"tiered_pricing_product_settings":{"layout":"default","base_unit_name":{"singular":null,"plural":null},"default_variation":null},"tiered_pricing_minimum_quantity":100,"tiered_pricing_roles_data":[],"tiered_pricing_percentage_rules":[],"tiered_pricing_maximum_quantity":null,"tiered_pricing_quantity_step":null,"_links":{"self":[{"href":"https:\/\/cloudsupplyvapes.com\/fr\/wp-json\/wp\/v2\/product\/787","targetHints":{"allow":["GET"]}}],"collection":[{"href":"https:\/\/cloudsupplyvapes.com\/fr\/wp-json\/wp\/v2\/product"}],"about":[{"href":"https:\/\/cloudsupplyvapes.com\/fr\/wp-json\/wp\/v2\/types\/product"}],"replies":[{"embeddable":true,"href":"https:\/\/cloudsupplyvapes.com\/fr\/wp-json\/wp\/v2\/comments?post=787"}],"wp:featuredmedia":[{"embeddable":true,"href":"https:\/\/cloudsupplyvapes.com\/fr\/wp-json\/wp\/v2\/media\/817"}],"wp:attachment":[{"href":"https:\/\/cloudsupplyvapes.com\/fr\/wp-json\/wp\/v2\/media?parent=787"}],"wp:term":[{"taxonomy":"product_brand","embeddable":true,"href":"https:\/\/cloudsupplyvapes.com\/fr\/wp-json\/wp\/v2\/product_brand?post=787"},{"taxonomy":"product_cat","embeddable":true,"href":"https:\/\/cloudsupplyvapes.com\/fr\/wp-json\/wp\/v2\/product_cat?post=787"},{"taxonomy":"product_tag","embeddable":true,"href":"https:\/\/cloudsupplyvapes.com\/fr\/wp-json\/wp\/v2\/product_tag?post=787"}],"curies":[{"name":"wp","href":"https:\/\/api.w.org\/{rel}","templated":true}]}}