{"id":788,"date":"2024-10-19T02:15:06","date_gmt":"2024-10-19T02:15:06","guid":{"rendered":"https:\/\/cloudsupplyvapes.com\/?post_type=product&#038;p=788"},"modified":"2024-11-26T09:23:41","modified_gmt":"2024-11-26T09:23:41","slug":"-27","status":"publish","type":"product","link":"https:\/\/cloudsupplyvapes.com\/fr\/product\/filex-max-5000-puff-0-5-disposable-vape-wholesale\/","title":{"rendered":"FILEX Max 5000 bouff\u00e9es Vape jetable en gros force de nicotine ajustable"},"content":{"rendered":"<p><b>Sp\u00e9cifications <\/b><\/p>\n<p>0%,5% Sel de nicotine.<\/p>\n<p>5000 bouff\u00e9es par appareil.<\/p>\n<p>M\u00e9canisme de mise \u00e0 feu activ\u00e9 par le tirage.<\/p>\n<p>12 saveurs disponibles.<\/p>\n<p>12ML de E-liquide.<\/p>\n<p>Flux d'air r\u00e9glable.<\/p>\n<p>Batterie int\u00e9gr\u00e9e de 1000mAh.<\/p>\n<p>10 pi\u00e8ces dans une bo\u00eete de pr\u00e9sentation.<\/p>\n<p>Rechargeable avec le port micro USB<\/p>\n<p>&nbsp;<\/p>\n<p><b>Saveurs :<\/b><\/p>\n<p>Glace \u00e0 la past\u00e8que<\/p>\n<p>Banane fraise<\/p>\n<p>Glace \u00e0 la banane<\/p>\n<p>Limonade Blue Razz<\/p>\n<p>Glace \u00e0 la mangue<\/p>\n<p>Pina colada<\/p>\n<p>Glace de p\u00eache<\/p>\n<p>Baies m\u00e9lang\u00e9es<\/p>\n<p>Fraise-melon d'eau<\/p>\n<p>Mamba<\/p>\n<p>Menthe fra\u00eeche<\/p>\n<p>Myrtille sur glace<\/p>\n<p><a href=\"https:\/\/i0.wp.com\/shop.vape.hk\/wp-content\/uploads\/2022\/04\/%E5%BE%AE%E4%BF%A1%E5%9B%BE%E7%89%87_20231018160215.jpg?ssl=1\" target=\"_blank\" rel=\"noopener\"><img data-recalc-dims=\"1\" loading=\"lazy\" decoding=\"async\" class=\"alignnone size-full wp-image-124548\" src=\"https:\/\/i0.wp.com\/shop.vape.hk\/wp-content\/uploads\/2022\/04\/%E5%BE%AE%E4%BF%A1%E5%9B%BE%E7%89%87_20231018160215.jpg?resize=1020%2C1370&#038;ssl=1\" alt=\"FILEX MAX 5000 Puff 0% 5% Jetable Vape | Wholesale\" width=\"1020\" height=\"1370\" title=\"\"><\/a><\/p>\n<p>&nbsp;<\/p>","protected":false},"excerpt":{"rendered":"<p>FILEX Max 5000 Puff Disposable Vape Wholesale offre des options d'intensit\u00e9 de nicotine r\u00e9glables avec une performance constante et une conception \u00e0 haute capacit\u00e9 pour des sessions de vapotage prolong\u00e9es.<\/p>","protected":false},"featured_media":818,"comment_status":"open","ping_status":"closed","template":"","meta":[],"product_brand":[],"product_cat":[22],"product_tag":[],"class_list":{"0":"post-788","1":"product","2":"type-product","3":"status-publish","4":"has-post-thumbnail","6":"product_cat-disposable-vape-sticks","8":"first","9":"instock","10":"shipping-taxable","11":"purchasable","12":"product-type-simple"},"jetpack_sharing_enabled":true,"tiered_pricing_type":"fixed","tiered_pricing_fixed_rules":{"1000":5,"10000":4.5,"50000":4},"tiered_pricing_product_settings":{"layout":"default","base_unit_name":{"singular":null,"plural":null},"default_variation":null},"tiered_pricing_minimum_quantity":100,"tiered_pricing_roles_data":[],"tiered_pricing_percentage_rules":[],"tiered_pricing_maximum_quantity":null,"tiered_pricing_quantity_step":null,"_links":{"self":[{"href":"https:\/\/cloudsupplyvapes.com\/fr\/wp-json\/wp\/v2\/product\/788","targetHints":{"allow":["GET"]}}],"collection":[{"href":"https:\/\/cloudsupplyvapes.com\/fr\/wp-json\/wp\/v2\/product"}],"about":[{"href":"https:\/\/cloudsupplyvapes.com\/fr\/wp-json\/wp\/v2\/types\/product"}],"replies":[{"embeddable":true,"href":"https:\/\/cloudsupplyvapes.com\/fr\/wp-json\/wp\/v2\/comments?post=788"}],"wp:featuredmedia":[{"embeddable":true,"href":"https:\/\/cloudsupplyvapes.com\/fr\/wp-json\/wp\/v2\/media\/818"}],"wp:attachment":[{"href":"https:\/\/cloudsupplyvapes.com\/fr\/wp-json\/wp\/v2\/media?parent=788"}],"wp:term":[{"taxonomy":"product_brand","embeddable":true,"href":"https:\/\/cloudsupplyvapes.com\/fr\/wp-json\/wp\/v2\/product_brand?post=788"},{"taxonomy":"product_cat","embeddable":true,"href":"https:\/\/cloudsupplyvapes.com\/fr\/wp-json\/wp\/v2\/product_cat?post=788"},{"taxonomy":"product_tag","embeddable":true,"href":"https:\/\/cloudsupplyvapes.com\/fr\/wp-json\/wp\/v2\/product_tag?post=788"}],"curies":[{"name":"wp","href":"https:\/\/api.w.org\/{rel}","templated":true}]}}