{"id":8511,"date":"2024-10-19T03:00:03","date_gmt":"2024-10-19T03:00:03","guid":{"rendered":"https:\/\/cloudsupplyvapes.com\/?post_type=product&#038;p=8511"},"modified":"2024-11-25T03:59:26","modified_gmt":"2024-11-25T03:59:26","slug":"-249","status":"publish","type":"product","link":"https:\/\/cloudsupplyvapes.com\/fr\/product\/geekvape-z200-mod-powerful-dual-18650-vape-with-200w-output-and-2-4-inch-full-screen-featuring-as-chip-3-0-technology\/","title":{"rendered":"Geekvape Z200 Mod Double 18650 Vape Puissance de sortie 200 W Vente en gros Technologie AS Chip"},"content":{"rendered":"<h2>Mod Geekvape Z200<\/h2>\n<ul class=\"top\">\n<li>Marque :\u00a0<b>Geekvape<\/b><\/li>\n<li>Unit\u00e9 : ensemble<\/li>\n<li>Type :\u00a0<b>Bo\u00eetier mod<\/b><\/li>\n<li>Poids net : 215 (g)<\/li>\n<\/ul>\n<p>Les frais d'exp\u00e9dition combin\u00e9s seront calcul\u00e9s automatiquement par le syst\u00e8me une fois que vous aurez choisi la destination d'exp\u00e9dition \u00e0 l'\u00e9tape de la commande.<\/p>\n<h3>Geekvape Z200 Mod INTRODUCTION<\/h3>\n<p><b>Mod Geekvape Z200<\/b>\u00a0Dot\u00e9 de deux batteries externes 18650 (non incluses) et d'une puissance impressionnante de 5 W \u00e0 200 W, cet appareil est une v\u00e9ritable centrale \u00e9lectrique dans tous les sens du terme. Au c\u0153ur du Z200 Mod se trouve la puce AS-Chip 3.0, une technologie de pointe qui offre une exp\u00e9rience de vapotage fluide et personnalis\u00e9e. L'appareil est \u00e9quip\u00e9 d'un \u00e9cran plein format de 2,4 pouces et d'une gamme de modes de vapotage (POWER, SMART, TC-SS, TC-TCR, VPC et BYPASS) qui permettent une personnalisation et un contr\u00f4le maximum. Le Geekvape Z200 Mod est compatible avec le r\u00e9servoir Geekvape Z Sub-ohm Tank\/Z Sub Ohm SE Tank, offrant une exp\u00e9rience de vapotage in\u00e9gal\u00e9e. Son design activ\u00e9 par bouton et son ext\u00e9rieur \u00e9l\u00e9gant en font un incontournable pour ceux qui recherchent une configuration de vapotage raffin\u00e9e et avanc\u00e9e.<\/p>\n<p class=\"second-title\">Caract\u00e9ristiques<\/p>\n<p>\u2022 Aliment\u00e9 par deux piles externes 18650 (non fournies)<\/p>\n<p>\u2022 Puissance de sortie de 5 W \u00e0 200 W<\/p>\n<p>\u2022 Compatible avec le r\u00e9servoir Geekvape Z Sub-ohm Tank\/Z Sub-ohm SE Tank<\/p>\n<p>\u2022 Activ\u00e9 par bouton<\/p>\n<p>\u2022 Aliment\u00e9 par AS-Chip 3.0<\/p>\n<p>\u2022 \u00c9cran plein format de 2,4 pouces<\/p>\n<p>\u2022 POWER, SMART, TC-SS, TC-TCR, VPC, BYPASS Vaping Mord<\/p>\n<div class=\"title\">Geekvape Z200 Mod CARACT\u00c9RISTIQUES TECHNIQUES<\/div>\n<p>Mode de fonctionnement : POWER, SMART, TC-SS, TC-TCR, VPC, BYPASS<\/p>\n<p>Puissance de sortie : 5 W \u00e0 200 W<\/p>\n<p>Sp\u00e9cifications de la batterie : double batterie externe 18650 (non incluse)<\/p>\n<p>\u00c9cran d'affichage : plein \u00e9cran de 2,4 pouces<\/p>\n<p>Port de chargement : Micro USB<\/p>\n<p>Temp\u00e9rature de fonctionnement : 0 \u00b0C \u00e0 45 \u00b0C<\/p>\n<p>Temp\u00e9rature de stockage : -20 \u00b0C \u00e0 60 \u00b0C<\/p>\n<p>Humidit\u00e9 relative : 45%RH~ 75%RH<\/p>\n<p>Mode refroidissement : refroidissement naturel<\/p>\n<div class=\"title\">Geekvape Z200 Mod LISTE DU CONTENU DE L'EMBALLAGE<\/div>\n<p>1 x Z200 (Z200) Mod<\/p>\n<p>1 c\u00e2ble USB (micro-USB)<\/p>","protected":false},"excerpt":{"rendered":"<p>Le Geekvape Z200 Mod Wholesale combine une puissance de sortie de 200 W, la technologie AS-Chip 3.0 et un \u00e9cran complet de 2,4 pouces pour une exp\u00e9rience de vapotage avanc\u00e9e et efficace.<\/p>","protected":false},"featured_media":8587,"comment_status":"open","ping_status":"closed","template":"","meta":[],"product_brand":[],"product_cat":[22],"product_tag":[],"class_list":{"0":"post-8511","1":"product","2":"type-product","3":"status-publish","4":"has-post-thumbnail","6":"product_cat-disposable-vape-sticks","8":"first","9":"instock","10":"sale","11":"shipping-taxable","12":"product-type-external"},"jetpack_sharing_enabled":true,"tiered_pricing_type":"fixed","tiered_pricing_fixed_rules":[],"tiered_pricing_product_settings":{"layout":"default","base_unit_name":{"singular":null,"plural":null},"default_variation":null},"tiered_pricing_minimum_quantity":null,"tiered_pricing_roles_data":[],"tiered_pricing_percentage_rules":[],"tiered_pricing_maximum_quantity":null,"tiered_pricing_quantity_step":null,"_links":{"self":[{"href":"https:\/\/cloudsupplyvapes.com\/fr\/wp-json\/wp\/v2\/product\/8511","targetHints":{"allow":["GET"]}}],"collection":[{"href":"https:\/\/cloudsupplyvapes.com\/fr\/wp-json\/wp\/v2\/product"}],"about":[{"href":"https:\/\/cloudsupplyvapes.com\/fr\/wp-json\/wp\/v2\/types\/product"}],"replies":[{"embeddable":true,"href":"https:\/\/cloudsupplyvapes.com\/fr\/wp-json\/wp\/v2\/comments?post=8511"}],"wp:featuredmedia":[{"embeddable":true,"href":"https:\/\/cloudsupplyvapes.com\/fr\/wp-json\/wp\/v2\/media\/8587"}],"wp:attachment":[{"href":"https:\/\/cloudsupplyvapes.com\/fr\/wp-json\/wp\/v2\/media?parent=8511"}],"wp:term":[{"taxonomy":"product_brand","embeddable":true,"href":"https:\/\/cloudsupplyvapes.com\/fr\/wp-json\/wp\/v2\/product_brand?post=8511"},{"taxonomy":"product_cat","embeddable":true,"href":"https:\/\/cloudsupplyvapes.com\/fr\/wp-json\/wp\/v2\/product_cat?post=8511"},{"taxonomy":"product_tag","embeddable":true,"href":"https:\/\/cloudsupplyvapes.com\/fr\/wp-json\/wp\/v2\/product_tag?post=8511"}],"curies":[{"name":"wp","href":"https:\/\/api.w.org\/{rel}","templated":true}]}}