{"id":8514,"date":"2024-10-19T03:00:03","date_gmt":"2024-10-19T03:00:03","guid":{"rendered":"https:\/\/cloudsupplyvapes.com\/?post_type=product&#038;p=8514"},"modified":"2024-11-25T03:59:11","modified_gmt":"2024-11-25T03:59:11","slug":"-250","status":"publish","type":"product","link":"https:\/\/cloudsupplyvapes.com\/fr\/product\/iget-bar-3500-puffs-12ml-disposable-vape-wholesale\/","title":{"rendered":"Iget Bar 3500 bouff\u00e9es 12 ml Vape jetable en gros Solution l\u00e9g\u00e8re et portable"},"content":{"rendered":"<p><strong>Sp\u00e9cifications :<\/strong><\/p>\n<ul>\n<li>Nicotine :\u00a0<strong>5% (50 mg\/ml)<\/strong><\/li>\n<li>Puffs :\u00a0<strong>3500 bouff\u00e9es<\/strong><\/li>\n<li>E-liquide :\u00a0<strong>12 ml<\/strong><\/li>\n<li>Batterie :\u00a0<strong>1500 mAh<\/strong><\/li>\n<\/ul>\n<p><strong>Saveurs (En stock)<span style=\"color: lightgrey;\">\u2713<\/span>):<\/strong><\/p>\n<p>Fruit de la passion Kiwi Goyave<span style=\"color: lightgrey;\">\u2713<\/span><br \/>\nGlace \u00e0 la past\u00e8que et \u00e0 la menthe<span style=\"color: lightgrey;\">\u2713<\/span><br \/>\nGlace luxuriante<span style=\"color: lightgrey;\">\u2713<\/span><br \/>\nGlace \u00e0 l'ananas<span style=\"color: lightgrey;\">\u2713<\/span><br \/>\nGlace \u00e0 la fraise et au kiwi<span style=\"color: lightgrey;\">\u2713<\/span><br \/>\nBaies m\u00e9lang\u00e9es<span style=\"color: lightgrey;\">\u2713<\/span><br \/>\nDouble pomme<span style=\"color: lightgrey;\">\u2713<\/span><br \/>\nGlace de raisin<span style=\"color: lightgrey;\">\u2713<\/span><\/p>\n<p>Glace \u00e0 la fraise et \u00e0 la past\u00e8que<br \/>\nFruit de la passion, mangue et citron vert<br \/>\nGlace au melon<br \/>\nM\u00fbre Framboise Citron<br \/>\nGlace aux myrtilles<br \/>\nBanane Grenade Cerise Glac\u00e9e<br \/>\nGlace \u00e0 l'orange, \u00e0 la mangue et \u00e0 l'ananas<br \/>\nCola Ice<br \/>\nGlace \u00e0 la mangue<br \/>\nCr\u00e8me glac\u00e9e<br \/>\nGlace \u00e0 la fraise et au kiwi<br \/>\nCerise Grenade<br \/>\nGlace luxuriante<br \/>\nJus de fruit de la passion et past\u00e8que<br \/>\nGlace \u00e0 l'ananas<br \/>\nGlace \u00e0 la past\u00e8que et \u00e0 la menthe<br \/>\nGlace \u00e0 l'ananas et au kiwi<br \/>\nFruit de la passion Kiwi Goyave<br \/>\nMyrtille Framboise<br \/>\nGlace fraise-citron<br \/>\nCerise Myrtille<br \/>\nQuadruple baie<br \/>\nGlace \u00e0 la fraise et au litchi<br \/>\nBonbon dur \u00e0 la fraise et \u00e0 la past\u00e8que<br \/>\nFor\u00eat-Noire<\/p>","protected":false},"excerpt":{"rendered":"<p>La cigarette \u00e9lectronique jetable Iget Bar 3500 bouff\u00e9es 12 ml en gros offre une conception l\u00e9g\u00e8re et une sensation douce en gorge. Gr\u00e2ce \u00e0 son r\u00e9servoir haute capacit\u00e9, elle garantit des sessions de vapotage durables et portables.<\/p>","protected":false},"featured_media":8596,"comment_status":"open","ping_status":"closed","template":"","meta":[],"product_brand":[],"product_cat":[22],"product_tag":[64],"class_list":{"0":"post-8514","1":"product","2":"type-product","3":"status-publish","4":"has-post-thumbnail","6":"product_cat-disposable-vape-sticks","7":"product_tag-iget","9":"first","10":"instock","11":"featured","12":"shipping-taxable","13":"purchasable","14":"product-type-simple"},"jetpack_sharing_enabled":true,"tiered_pricing_type":"fixed","tiered_pricing_fixed_rules":{"1000":5,"5000":4.70000000000000017763568394002504646778106689453125,"10000":4.5},"tiered_pricing_product_settings":{"layout":"default","base_unit_name":{"singular":null,"plural":null},"default_variation":null},"tiered_pricing_minimum_quantity":10,"tiered_pricing_roles_data":[],"tiered_pricing_percentage_rules":[],"tiered_pricing_maximum_quantity":null,"tiered_pricing_quantity_step":"10","_links":{"self":[{"href":"https:\/\/cloudsupplyvapes.com\/fr\/wp-json\/wp\/v2\/product\/8514","targetHints":{"allow":["GET"]}}],"collection":[{"href":"https:\/\/cloudsupplyvapes.com\/fr\/wp-json\/wp\/v2\/product"}],"about":[{"href":"https:\/\/cloudsupplyvapes.com\/fr\/wp-json\/wp\/v2\/types\/product"}],"replies":[{"embeddable":true,"href":"https:\/\/cloudsupplyvapes.com\/fr\/wp-json\/wp\/v2\/comments?post=8514"}],"wp:featuredmedia":[{"embeddable":true,"href":"https:\/\/cloudsupplyvapes.com\/fr\/wp-json\/wp\/v2\/media\/8596"}],"wp:attachment":[{"href":"https:\/\/cloudsupplyvapes.com\/fr\/wp-json\/wp\/v2\/media?parent=8514"}],"wp:term":[{"taxonomy":"product_brand","embeddable":true,"href":"https:\/\/cloudsupplyvapes.com\/fr\/wp-json\/wp\/v2\/product_brand?post=8514"},{"taxonomy":"product_cat","embeddable":true,"href":"https:\/\/cloudsupplyvapes.com\/fr\/wp-json\/wp\/v2\/product_cat?post=8514"},{"taxonomy":"product_tag","embeddable":true,"href":"https:\/\/cloudsupplyvapes.com\/fr\/wp-json\/wp\/v2\/product_tag?post=8514"}],"curies":[{"name":"wp","href":"https:\/\/api.w.org\/{rel}","templated":true}]}}